{"id":2833,"date":"2017-01-24T04:56:24","date_gmt":"2017-01-24T04:56:24","guid":{"rendered":"https:\/\/staging.clarent.it\/privacy-policy\/"},"modified":"2022-05-31T08:00:41","modified_gmt":"2022-05-31T08:00:41","slug":"privacy-policy","status":"publish","type":"page","link":"https:\/\/staging.clarent.it\/fr\/privacy-policy\/","title":{"rendered":"POLITIQUE DE CONFIDENTIALIT\u00c9"},"content":{"rendered":"<p>[vc_row full_width=&#8221;stretch_row&#8221; css=&#8221;.vc_custom_1650552996495{padding-top: 150px !important;padding-bottom: 7vh !important;background-image: url(https:\/\/staging.clarent.it\/wp-content\/uploads\/2022\/03\/verde-2.png?id=807) !important;}&#8221; el_id=&#8221;conditions&#8221;][vc_column el_class=&#8221;legaltxt&#8221;][vc_column_text]<\/p>\n<h2>PROTECTION DES DONNEES PERSONNELLES &#8211; CLARENT<\/h2>\n<p>Clarent srl unipersonale accorde une grande importance \u00e0 la protection de vos donn\u00e9es personnelles. Nous souhaitons donc vous informer ci-dessous sur les donn\u00e9es que nous traitons, conform\u00e9ment aux lois applicables en mati\u00e8re de protection des donn\u00e9es et dans quel but.<\/p>\n<h3>1. Autorit\u00e9 responsable<\/h3>\n<p>L&#8217;autorit\u00e9 responsable du traitement des donn\u00e9es en Europe est : SI\u00c8GE SOCIAL &#8211; Clarent srl unipersonale Via Dalmazia 8 &#8211; 98035 Giardini Naxos (ME) &#8211; SICILE Pour toute question ou commentaire concernant notre politique de protection des donn\u00e9es personnelles ou en g\u00e9n\u00e9ral sur la revendication de vos droits (voir point 6), vous pouvez nous contacter \u00e0 l&#8217;adresse e-mail : booking@clarent.it ou par courrier \u00e0 notre personne de contact concernant la r\u00e9servation des donn\u00e9es : SI\u00c8GE SOCIAL &#8211; Clarent srl unipersonale Via Dalmazia 8 &#8211; 98035 Giardini Naxos (ME) &#8211; SICILE<\/p>\n<h3>2. Finalit\u00e9 du traitement des donn\u00e9es<\/h3>\n<p>Nous collectons et traitons des donn\u00e9es pour les raisons suivantes :<\/p>\n<p>Pour garantir la fonctionnalit\u00e9 et les performances du site Web.<br \/>\nPour traiter la r\u00e9servation des voitures de location, leur livraison et leur paiement (traitement des contrats).<br \/>\nPour partager des offres int\u00e9ressantes et des nouvelles via notre newsletter, en supposant que le client ait accept\u00e9 de recevoir de telles offres.<\/p>\n<h3>3. Donn\u00e9es enregistr\u00e9es<\/h3>\n<p>En principe, il est possible de visiter notre site Web sans fournir de donn\u00e9es personnelles. Pour de meilleures performances et pour assurer la fonctionnalit\u00e9 de notre site Web, nous traitons les donn\u00e9es transmises par votre navigateur. Ceux-ci incluent la date et l&#8217;heure auxquelles vous avez acc\u00e9d\u00e9 \u00e0 notre site, les param\u00e8tres du navigateur, le syst\u00e8me d&#8217;exploitation et l&#8217;adresse IP. Pour traiter votre r\u00e9servation de location de voiture, nous avons besoin du nom, de l&#8217;adresse, de l&#8217;\u00e2ge, des coordonn\u00e9es du conducteur, telles qu&#8217;une adresse e-mail ou un num\u00e9ro de t\u00e9l\u00e9phone, d&#8217;une carte de cr\u00e9dit ou d&#8217;informations bancaires. Afin de pouvoir garantir certaines offres, nous pouvons avoir besoin de votre date de naissance, de votre permis de conduire et d&#8217;une pi\u00e8ce d&#8217;identit\u00e9. Pour vous envoyer des informations et des offres via notre newsletter, nous avons besoin de votre adresse e-mail.<\/p>\n<h3>4. Destinataires ou cat\u00e9gories de destinataires<\/h3>\n<p>Les r\u00e9servations de voitures de location sont g\u00e9r\u00e9es par notre soci\u00e9t\u00e9 : Clarent srl unipersonale &#8211; Via Fontanarossa, 20 | 95121 Catane &#8211; ITALIE. Les donn\u00e9es renseign\u00e9es par le biais du formulaire sur notre site, ainsi que celles indiqu\u00e9es au point 3, seront transmises \u00e0 nos prestataires de services de paiement, notamment la lutte anti-fraude, et au loueur choisi, afin de traiter votre r\u00e9servation de voiture pour location. Nous nous r\u00e9servons \u00e9galement le droit de transf\u00e9rer vos donn\u00e9es \u00e0 des agences de recouvrement de cr\u00e9ances et \u00e0 des organisations de protection des entreprises (telles que des soci\u00e9t\u00e9s d&#8217;enqu\u00eate sur le cr\u00e9dit). Il est possible que les destinataires des donn\u00e9es soient situ\u00e9s en dehors de l&#8217;Espace \u00e9conomique europ\u00e9en (pays tiers) o\u00f9 le droit applicable n&#8217;offre pas un niveau comparable de protection des donn\u00e9es. Dans ces cas, Clarent srl unipersonale s&#8217;assure qu&#8217;un niveau ad\u00e9quat de protection des donn\u00e9es est garanti par d&#8217;autres moyens.<\/p>\n<h3>5. S\u00e9curit\u00e9 des donn\u00e9es<\/h3>\n<p>Pour prot\u00e9ger votre vie priv\u00e9e, toutes les demandes de r\u00e9servation et les transactions de paiement associ\u00e9es re\u00e7ues via notre site Web sont trait\u00e9es avec un cryptage s\u00e9curis\u00e9 HTTPS utilisant la technologie de cryptage la plus moderne (SSL \/ TLS). Vous pourrez reconna\u00eetre que votre navigateur utilise ce transfert s\u00e9curis\u00e9 \u00e0 partir de l&#8217;adresse internet commen\u00e7ant par \u00ab https \u00bb et le petit symbole de cadenas (g\u00e9n\u00e9ralement) affich\u00e9 dans la fen\u00eatre de navigation de votre navigateur. Lorsque le cadenas est ferm\u00e9, il s&#8217;agit d&#8217;un transfert s\u00e9curis\u00e9. Dans ce cas, certains navigateurs affichent la barre d&#8217;adresse ou une partie de celle-ci en vert. (Veuillez noter que ces param\u00e8tres de s\u00e9curit\u00e9 ne sont disponibles que sur les pages o\u00f9 vous pouvez afficher ou soumettre votre demande ou saisir les d\u00e9tails de votre carte de cr\u00e9dit).<\/p>\n<h3>6. Respect des droits<\/h3>\n<p>Vous avez le droit de demander des informations sur vos donn\u00e9es personnelles que nous d\u00e9tenons et de demander leur correction, suppression ou limitation de traitement \u00e0 tout moment. Pour exercer ces droits, veuillez utiliser les options de contact \u00e9num\u00e9r\u00e9es au point 1.<\/p>\n<h3>7. Utilisation des cookies<\/h3>\n<p>Clarent srl unipersonale utilise des cookies sur son site Internet. Les cookies sont de petits fichiers texte qui sont envoy\u00e9s de notre serveur \u00e0 votre navigateur pendant que vous visitez notre site et sont stock\u00e9s par ce dernier sur votre ordinateur pour une r\u00e9cup\u00e9ration ult\u00e9rieure. Ces cookies ont pour but de continuer \u00e0 reconna\u00eetre votre ordinateur lors d&#8217;une visite sur notre site, lorsque vous passez d&#8217;un de nos sites \u00e0 un autre, pour la fin de votre visite. Nous utilisons \u00e9galement des technologies pour collecter des informations sur vos habitudes et vos pr\u00e9f\u00e9rences au fil du temps et sur ces diff\u00e9rentes plateformes. Il en va de m\u00eame pour nos partenaires commerciaux s\u00e9lectionn\u00e9s, y compris nos partenaires publicitaires. Ces soci\u00e9t\u00e9s utilisent certaines technologies pour vous envoyer des messages publicitaires et marketing apr\u00e8s votre visite sur notre site Web. Bien entendu, vous pouvez \u00e9galement visiter notre site Web sans cookies. Les navigateurs sont r\u00e9guli\u00e8rement configur\u00e9s pour accepter les cookies. Vous pouvez d\u00e9sactiver l&#8217;utilisation \u00e0 tout moment via les param\u00e8tres de votre navigateur. Utilisez pour guider votre navigateur afin de savoir comment obtenir ces param\u00e8tres. Veuillez noter que certaines fonctionnalit\u00e9s de notre site Web peuvent ne pas fonctionner si vous d\u00e9sactivez l&#8217;utilisation des cookies. La collecte ou la suppression des donn\u00e9es personnelles dans les cookies dans ce contexte s&#8217;effectue par notre interm\u00e9diaire. De plus, il ne s&#8217;agit pas de techniques combinant les informations g\u00e9n\u00e9r\u00e9es par les cookies avec les donn\u00e9es de l&#8217;utilisateur.<\/p>\n<h3>8. Google Analytics et AdWords\/Pixel Facebook<\/h3>\n<h4>8.1 Google Analytics<\/h4>\n<p>Notre site utilise Google Analytics, un service d&#8217;analyse Web fourni par Google Inc. (&#8220;Google&#8221;). Des cookies sont stock\u00e9s sur votre ordinateur, ce qui permet une analyse de votre utilisation du site. Les informations g\u00e9n\u00e9r\u00e9es par les cookies sur l&#8217;utilisation de ce site Web sont g\u00e9n\u00e9ralement transmises \u00e0 un serveur de Google aux \u00c9tats-Unis et y sont stock\u00e9es. Nous utilisons le service sur notre site Web avec l&#8217;adresse IP anonyme activ\u00e9e. Cela signifie que sur notre site Web, votre adresse IP sera raccourcie \u00e0 l&#8217;avance par Google dans les \u00c9tats membres de l&#8217;Union europ\u00e9enne et dans les autres \u00c9tats adh\u00e9rant \u00e0 l&#8217;accord dans l&#8217;Espace \u00e9conomique europ\u00e9en et donc anonyme. Ce n&#8217;est que dans des cas exceptionnels que l&#8217;adresse IP compl\u00e8te sera transmise \u00e0 un serveur de Google aux \u00c9tats-Unis et raccourcie l\u00e0-bas. En notre nom, Google utilisera ces informations pour \u00e9valuer votre utilisation du site Web, pour compiler des rapports sur l&#8217;activit\u00e9 du site Web et pour nous fournir, en tant qu&#8217;op\u00e9rateurs de site Web, d&#8217;autres services li\u00e9s \u00e0 l&#8217;activit\u00e9 du site Web et \u00e0 l&#8217;utilisation d&#8217;Internet. . Pour plus d&#8217;informations sur l&#8217;utilisation des donn\u00e9es par Google, visitez : https:\/\/policies.google.com\/technologies\/partner-sites L&#8217;adresse IP obtenue \u00e0 partir de votre navigateur et utilis\u00e9e par Google Analytics ne sera pas combin\u00e9e avec d&#8217;autres donn\u00e9es de Google. Il est possible d&#8217;emp\u00eacher le stockage de cookies dans votre navigateur via les param\u00e8tres du navigateur (voir point 8). Veuillez noter que certaines fonctionnalit\u00e9s de notre site peuvent ne pas fonctionner si vous d\u00e9sactivez l&#8217;utilisation des cookies<\/p>\n<p>Il est \u00e9galement possible d&#8217;emp\u00eacher la collecte et l&#8217;utilisation des donn\u00e9es g\u00e9n\u00e9r\u00e9es par les cookies relatives \u00e0 votre utilisation du site (y compris votre adresse IP), ainsi que le traitement de ces donn\u00e9es par Google, en t\u00e9l\u00e9chargeant et en installant le plug-in disponible. in. via le lien suivant : http:\/\/tools.google.com\/dlpage\/gaoptout?hl=it<\/p>\n<h4>8.2 Utilisation du service Facebook Custom Audience via le processus Pixel<\/h4>\n<p>Sur notre site nous ins\u00e9rons le cd. Facebook Pixel du r\u00e9seau social Facebook, exploit\u00e9 par Facebook Inc., 1 Hacker Way, Menlo Park, CA 94025, USA, ou, si vous \u00eates un r\u00e9sident de l&#8217;UE, par Facebook Ireland Ltd., 4 Grand Canal Square, Grand Canal Harbour , Dublin 2, Irlande (&#8220;Facebook&#8221;). Cette fonction sert \u00e0 pr\u00e9senter des publicit\u00e9s li\u00e9es aux centres d&#8217;int\u00e9r\u00eat (&#8220;Facebook-Ads&#8221;) aux visiteurs de notre site lorsqu&#8217;ils naviguent sur le r\u00e9seau social Facebook. De cette fa\u00e7on, nous voulons nous assurer que nos publicit\u00e9s Facebook r\u00e9pondent \u00e0 l&#8217;int\u00e9r\u00eat potentiel de l&#8217;utilisateur et ne causent pas de g\u00eane. De plus, avec l&#8217;aide de Facebook Pixel, nous pouvons reconstituer l&#8217;efficacit\u00e9 des publicit\u00e9s Facebook \u00e0 des fins statistiques et d&#8217;\u00e9tudes de march\u00e9, en \u00e9tant en mesure de reconstituer le nombre d&#8217;utilisateurs qui cliquent sur cette publicit\u00e9. En naviguant sur notre site, Facebook Pixel est directement connect\u00e9 \u00e0 Facebook et peut enregistrer des cookies sur votre appareil. De plus, si vous vous connectez \u00e0 Facebook ou si vous visitez le site alors que vous \u00eates connect\u00e9 \u00e0 Facebook, Facebook attribue ces informations \u00e0 votre profil d&#8217;utilisateur Facebook personnel. Les donn\u00e9es collect\u00e9es vous concernant ne nous permettent en aucun cas de les relier \u00e0 votre identit\u00e9 d&#8217;utilisateur. La collecte et le traitement des donn\u00e9es via Facebook s&#8217;effectuent conform\u00e9ment aux directives de protection des donn\u00e9es de Facebook. Vous pouvez trouver plus d&#8217;informations ici : https:\/\/www.facebook.com\/about\/privacy. Vous pouvez vous opposer \u00e0 la collecte de vos donn\u00e9es via Facebook Pixel et \u00e0 leur utilisation pour Facebook-Ads. \u00c0 cet \u00e9gard, vous pouvez appeler la page Facebook appropri\u00e9e (voir les param\u00e8tres pour la publicit\u00e9 ax\u00e9e sur l&#8217;utilisation d&#8217;Internet), si vous \u00eates inscrit sur Facebook : https:\/\/www.facebook.com\/settings. Les informations sont collect\u00e9es quelle que soit la plate-forme, ce qui signifie qu&#8217;elles sont transf\u00e9r\u00e9es, que vous utilisiez un appareil tel qu&#8217;un ordinateur de bureau ou un t\u00e9l\u00e9phone portable.<\/p>\n<h4>8.3 Google\u00a0AdWords<\/h4>\n<p>Les publicit\u00e9s sont bas\u00e9es sur l&#8217;int\u00e9r\u00eat pr\u00e9c\u00e9demment manifest\u00e9 par l&#8217;utilisateur pour certains produits. Nous collectons des informations sur la navigation de nos clients afin de vous adresser de la publicit\u00e9 en ligne relative \u00e0 vos centres d&#8217;int\u00e9r\u00eats. Pour cette raison, des cookies sont enregistr\u00e9s sur l&#8217;ordinateur de l&#8217;utilisateur, qui contiennent un num\u00e9ro d&#8217;identification \u00e0 plusieurs chiffres. Dans le cas o\u00f9 vous ne souhaiteriez pas consentir \u00e0 l&#8217;analyse de votre comportement, vous pouvez modifier les param\u00e8tres de votre navigateur, en vous assurant qu&#8217;aucun cookie ne peut \u00eatre utilis\u00e9 \u00e0 des fins d&#8217;analyse. Nous vous informons toutefois que dans ce cas vous ne pourrez pas utiliser pleinement toutes les fonctionnalit\u00e9s du site.<\/p>\n<p>Par le biais du programme de promotion du moteur de recherche Google AdWords de Google Inc. (1600 Amphitheatre Parkway, Mountain View, CA 94043, USA ; Google), les publicit\u00e9s sont affich\u00e9es sur le site et orient\u00e9es en fonction des mots-cl\u00e9s de recherche utilis\u00e9s sur Google. \u00c0 cet \u00e9gard, un cookie est enregistr\u00e9 sur le navigateur par Google d\u00e8s que vous cliquez sur une publicit\u00e9 dans le r\u00e9seau de publicit\u00e9 ou de recherche de Google.<\/p>\n<p>Vos options d&#8217;objection sont disponibles ici\u00a0: https:\/\/adssettings.google.com<\/p>\n<p>Gr\u00e2ce \u00e0 des m\u00e9thodes de conversion et bas\u00e9es sur les cookies AdWords, Google peut mesurer le nombre de personnes qui choisissent une offre sp\u00e9cifique annonc\u00e9e via une annonce AdWords, apr\u00e8s avoir cliqu\u00e9 dessus. Dans le cas o\u00f9 les annonces Google font r\u00e9f\u00e9rence \u00e0 des offres sur notre site, ce dernier re\u00e7oit une statistique concernant le nombre d&#8217;achats suivis d&#8217;un clic sur une annonce Google AdWords.<\/p>\n<p>Vos options d&#8217;opposition : Vous pouvez param\u00e9trer votre navigateur pour vous assurer que l&#8217;envoi de cookies depuis le domaine googleadservices.com ou par des tiers en g\u00e9n\u00e9ral est bloqu\u00e9. Vous pouvez \u00e9galement supprimer le cookie de conversion de Google dans les param\u00e8tres de cookies de votre navigateur.<\/p>\n<p>Ce site utilise \u00e9galement Google Remarketing, bas\u00e9 sur Doubleclick de Google Inc. pour contr\u00f4ler la publicit\u00e9 li\u00e9e aux int\u00e9r\u00eats des utilisateurs. La v\u00e9rification des pages annonc\u00e9es et l&#8217;association des annonces s&#8217;effectuent au moyen d&#8217;un num\u00e9ro d&#8217;identification pseudonymis\u00e9, contenu dans le Doubleclick-Cookie. Les informations sur les pages visit\u00e9es, obtenues gr\u00e2ce au cookie, sont transf\u00e9r\u00e9es par Google \u00e0 son serveur et y sont stock\u00e9es.<\/p>\n<p>Les informations sur la protection des donn\u00e9es personnelles de Google peuvent \u00eatre trouv\u00e9es ici : https:\/\/policies.google.com\/privacy.<\/p>\n<p>Vos options d&#8217;objection\u00a0: https:\/\/adssettings.google.com<\/p>\n<p>Options d&#8217;opposition suppl\u00e9mentaires\u00a0:<\/p>\n<p>Vous pouvez vous opposer \u00e0 la publicit\u00e9 li\u00e9e aux int\u00e9r\u00eats de l&#8217;utilisateur de Google, mais aussi d&#8217;autres r\u00e9seaux, sur la page suivante :<br \/>\n<a href=\"http:\/\/www.youronlinechoices.com\/it\/le-tue-scelte\" target=\"_blank\" rel=\"noopener\">http:\/\/www.youronlinechoices.com\/it\/le-tue-scelte<\/a><\/p>\n<h3>9. Bulletin<\/h3>\n<p>Sur notre site, vous avez la possibilit\u00e9 de recevoir des informations sur nos offres via la newsletter. Nous utilisons la proc\u00e9dure dite de double opt-in pour l&#8217;enregistrement. Une fois que vous nous aurez fourni votre adresse e-mail, nous vous enverrons un e-mail de confirmation. Ce n&#8217;est qu&#8217;en cliquant sur le lien de confirmation contenu dans l&#8217;e-mail que votre adresse sera ajout\u00e9e \u00e0 notre liste de diffusion. Cela garantit que seul le propri\u00e9taire r\u00e9el de l&#8217;adresse e-mail peut s&#8217;abonner \u00e0 la newsletter. Le traitement des donn\u00e9es dans le cadre de la newsletter est bas\u00e9 sur le consentement de l&#8217;utilisateur. Vous avez le droit de retirer ce consentement \u00e0 tout moment pour les futures newsletters.<\/p>\n<h3>10. Liens<\/h3>\n<p>Notre site peut contenir des liens vers d&#8217;autres plateformes. Si vous \u00eates redirig\u00e9 vers un autre site Web en cliquant sur l&#8217;un des liens, la politique de confidentialit\u00e9 de Clarent srl unipersonale n&#8217;est plus valide. Au lieu de cela, la politique fournie par l&#8217;op\u00e9rateur du site Web en question s&#8217;appliquera.<\/p>\n<h3>11. Modifications de la s\u00e9curit\u00e9 des donn\u00e9es<\/h3>\n<p>Nous nous r\u00e9servons le droit de modifier cette politique de confidentialit\u00e9 pour l&#8217;adapter \u00e0 de nouvelles fonctionnalit\u00e9s du site ou \u00e0 un statut juridique diff\u00e9rent.<\/p>\n<p>La politique en vigueur au moment de votre visite sur notre site Web sera valide.[\/vc_column_text][\/vc_column][\/vc_row]<\/p>\n","protected":false},"excerpt":{"rendered":"<p>[vc_row full_width=&#8221;stretch_row&#8221; css=&#8221;.vc_custom_1650552996495{padding-top: 150px !important;padding-bottom: 7vh !important;background-image: url(https:\/\/staging.clarent.it\/wp-content\/uploads\/2022\/03\/verde-2.png?id=807) !important;}&#8221; el_id=&#8221;conditions&#8221;][vc_column el_class=&#8221;legaltxt&#8221;][vc_column_text] PROTECTION DES DONNEES PERSONNELLES &#8211; CLARENT Clarent srl unipersonale accorde une grande importance \u00e0 la protection de vos donn\u00e9es personnelles. Nous souhaitons donc vous informer ci-dessous sur les donn\u00e9es que nous traitons, conform\u00e9ment aux lois applicables en mati\u00e8re de protection des donn\u00e9es et dans&#8230;<\/p>\n","protected":false},"author":1,"featured_media":0,"parent":0,"menu_order":0,"comment_status":"closed","ping_status":"closed","template":"","meta":{"footnotes":""},"class_list":["post-2833","page","type-page","status-publish","hentry"],"_links":{"self":[{"href":"https:\/\/staging.clarent.it\/fr\/wp-json\/wp\/v2\/pages\/2833","targetHints":{"allow":["GET"]}}],"collection":[{"href":"https:\/\/staging.clarent.it\/fr\/wp-json\/wp\/v2\/pages"}],"about":[{"href":"https:\/\/staging.clarent.it\/fr\/wp-json\/wp\/v2\/types\/page"}],"author":[{"embeddable":true,"href":"https:\/\/staging.clarent.it\/fr\/wp-json\/wp\/v2\/users\/1"}],"replies":[{"embeddable":true,"href":"https:\/\/staging.clarent.it\/fr\/wp-json\/wp\/v2\/comments?post=2833"}],"version-history":[{"count":4,"href":"https:\/\/staging.clarent.it\/fr\/wp-json\/wp\/v2\/pages\/2833\/revisions"}],"predecessor-version":[{"id":2846,"href":"https:\/\/staging.clarent.it\/fr\/wp-json\/wp\/v2\/pages\/2833\/revisions\/2846"}],"wp:attachment":[{"href":"https:\/\/staging.clarent.it\/fr\/wp-json\/wp\/v2\/media?parent=2833"}],"curies":[{"name":"wp","href":"https:\/\/api.w.org\/{rel}","templated":true}]}}