{"id":2281,"date":"2022-03-25T08:59:36","date_gmt":"2022-03-25T08:59:36","guid":{"rendered":"https:\/\/staging.clarent.it\/promotions\/"},"modified":"2022-11-28T10:33:51","modified_gmt":"2022-11-28T10:33:51","slug":"promotions","status":"publish","type":"page","link":"https:\/\/staging.clarent.it\/fr\/promotions\/","title":{"rendered":"Promotions"},"content":{"rendered":"<p>[vc_row full_width=&#8221;stretch_row&#8221; css=&#8221;.vc_custom_1649769942162{padding-top: 137px !important;background-color: #0377bf !important;}&#8221;][vc_column el_id=&#8221;form-ricerca&#8221;][stm_rent_car_form align=&#8221;text-center&#8221;][\/vc_column][\/vc_row][vc_row full_width=&#8221;stretch_row&#8221; content_placement=&#8221;top&#8221; css_animation=&#8221;flipInY&#8221; css=&#8221;.vc_custom_1650372920462{padding-top: 16vh !important;padding-bottom: 16vh !important;background: #e5e5e5 url(https:\/\/staging.clarent.it\/wp-content\/uploads\/2022\/04\/fondo-promo-header-1.jpg?id=2220) !important;background-position: center !important;background-repeat: no-repeat !important;background-size: cover !important;}&#8221; el_class=&#8221;stm-background-centered&#8221;][vc_column width=&#8221;2\/3&#8243;][vc_custom_heading text=&#8221;Les promotions Clarent<br \/>\nont un avantage&#8221; font_container=&#8221;tag:h1|text_align:left|color:%23ffffff&#8221; use_theme_fonts=&#8221;yes&#8221; el_class=&#8221;testo-corsivo ponchio&#8221; css=&#8221;.vc_custom_1666771414311{margin-top: 0px !important;margin-bottom: 0px !important;}&#8221;][vc_column_text css=&#8221;.vc_custom_1666771425575{margin-top: 30px !important;}&#8221; el_class=&#8221;testo-bianco testo-corsivo&#8221;]Nous vous r\u00e9servons une gamme d\u2019offres promotionnelles avantageuses pour la location de voiture \u00e0 court terme. Gardez \u00e0 l\u2019esprit que les offres ne sont pas cumulables, choisissez celle qui vous convient, il ne vous reste plus qu\u2019\u00e0 vous lancer et partir pour vos vacances ou votre voyage d\u2019affaires en Sicile en toute tranquillit\u00e9 et dans un souci d\u2019\u00e9conomie.[\/vc_column_text][\/vc_column][vc_column width=&#8221;1\/3&#8243;][vc_single_image image=&#8221;771&#8243; img_size=&#8221;200&#215;300&#8243; alignment=&#8221;center&#8221;][\/vc_column][\/vc_row][vc_row full_width=&#8221;stretch_row&#8221; css=&#8221;.vc_custom_1669631409293{padding-bottom: 3vh !important;background-image: url(https:\/\/staging.clarent.it\/wp-content\/uploads\/2022\/03\/verde-2.png?id=1721) !important;background-position: center !important;background-repeat: no-repeat !important;background-size: cover !important;}&#8221;][vc_column css=&#8221;.vc_custom_1648048622201{padding-top: 8vh !important;padding-bottom: 4vh !important;}&#8221;][vc_custom_heading text=&#8221;Abonnez-vous&#8221; font_container=&#8221;tag:h2|font_size:44px|text_align:center|color:%23ffffff|line_height:1.2&#8243; use_theme_fonts=&#8221;yes&#8221; css=&#8221;.vc_custom_1669631473240{margin-top: 0px !important;margin-bottom: -10px !important;}&#8221; el_class=&#8221;testo-corsivo ponchio&#8221;][vc_custom_heading text=&#8221;\u00e0 la newsletter Clarent !&#8221; font_container=&#8221;tag:h2|font_size:44px|text_align:center|color:%23ffffff|line_height:1.2&#8243; use_theme_fonts=&#8221;yes&#8221; css=&#8221;.vc_custom_1669631494658{margin-top: 0px !important;}&#8221; el_class=&#8221;testo-corsivo ponchio&#8221;][vc_row_inner content_placement=&#8221;top&#8221;][vc_column_inner css=&#8221;.vc_custom_1648232195766{margin-top: 0px !important;}&#8221;][vc_single_image image=&#8221;3198&#8243; img_size=&#8221;&#8221; alignment=&#8221;center&#8221;][vc_column_text css=&#8221;.vc_custom_1669631568125{margin-top: 30px !important;}&#8221; el_class=&#8221;testo-bianco testo-corsivo&#8221;]<\/p>\n<div class=\"\" style=\"text-align: center;\">\n<p>Restez inform\u00e9 de toutes nos actualit\u00e9s et b\u00e9n\u00e9ficiez d&#8217;une <strong>r\u00e9duction de 10%<\/strong> sur votre premi\u00e8re location<\/p>\n<\/div>\n<div class=\"\"><\/div>\n<p>[\/vc_column_text][vc_column_text css=&#8221;.vc_custom_1658389989001{margin-top: 35px !important;}&#8221;][\/vc_column_text][vc_btn title=&#8221;Cliquez ici pour recevoir<br \/>votre r\u00e9duction&#8221; style=&#8221;outline&#8221; color=&#8221;white&#8221; align=&#8221;center&#8221; link=&#8221;url:https%3A%2F%2Fmailchi.mp%2F04acbdfb6ea3%2Fnewletterclarent10|target:_blank&#8221; el_class=&#8221;white-outline&#8221; css=&#8221;.vc_custom_1669631627319{margin-top: 30px !important;}&#8221;][\/vc_column_inner][\/vc_row_inner][\/vc_column][\/vc_row][vc_row full_width=&#8221;stretch_row&#8221; content_placement=&#8221;top&#8221; css=&#8221;.vc_custom_1666704680766{padding-bottom: 5vh !important;background-image: url(https:\/\/staging.clarent.it\/wp-content\/uploads\/2022\/10\/fondo-promo-consegna-dove-vuoi.jpg?id=3465) !important;background-position: center !important;background-repeat: no-repeat !important;background-size: cover !important;}&#8221;][vc_column css=&#8221;.vc_custom_1648048605018{padding-top: 3vh !important;padding-bottom: 2vh !important;}&#8221;][vc_row_inner content_placement=&#8221;top&#8221;][vc_column_inner width=&#8221;1\/2&#8243;][vc_custom_heading text=&#8221;Livrez la voiture o\u00f9 vous voulez avec une r\u00e9duction de 50 %&#8221; font_container=&#8221;tag:h2|font_size:44px|text_align:left|color:%23ffffff|line_height:1&#8243; use_theme_fonts=&#8221;yes&#8221; el_class=&#8221;testo-corsivo ponchio&#8221; css=&#8221;.vc_custom_1666771702138{margin-bottom: 30px !important;}&#8221;][vc_column_text el_class=&#8221;testo-bianco testo-corsivo&#8221; css=&#8221;.vc_custom_1666771729744{margin-top: 68px !important;margin-bottom: 40px !important;}&#8221;]<\/p>\n<div class=\"\">Jusqu\u2019au 31\/12\/2022 , vous pouvez voyager en Sicile avec l\u2019une de nos voitures sans vous soucier de devoir retourner \u00e0 l\u2019agence ou au point de livraison o\u00f9 vous l\u2019avez lou\u00e9e. Vous ne paierez que la moiti\u00e9 du tarif aller-retour, m\u00eame si vous l\u2019avez r\u00e9cup\u00e9r\u00e9 \u00e0 l\u2019a\u00e9roport de Palerme et que vous l\u2019avez ramen\u00e9 \u00e0 l\u2019a\u00e9roport de Taormina ou de Catane.<\/div>\n<div class=\"\"><\/div>\n<p>[\/vc_column_text][\/vc_column_inner][vc_column_inner width=&#8221;1\/2&#8243;][vc_single_image image=&#8221;3226&#8243; img_size=&#8221;400&#215;200&#8243; alignment=&#8221;center&#8221; css=&#8221;.vc_custom_1658917852913{margin-right: 20px !important;margin-left: 20px !important;}&#8221;][vc_column_text el_class=&#8221;testo-bianco testo-corsivo&#8221; css=&#8221;.vc_custom_1666771743855{margin-top: 62px !important;margin-bottom: 40px !important;}&#8221;]Clarent met tout en \u0153uvre pour que vous profitiez au maximum de vos vacances ou de votre d\u00e9placement professionnel sur l\u2019\u00eele, sans entraves logistiques et en r\u00e9duisant vos d\u00e9penses.[\/vc_column_text][\/vc_column_inner][\/vc_row_inner][vc_row_inner][vc_column_inner][vc_column_text]<\/p>\n<p style=\"text-align: center; font-size: 18px;\">Promotion valable jusqu\u2019au 31\/12\/2022.<\/p>\n<p>[\/vc_column_text][vc_btn title=&#8221;Reserve maintenant&#8221; style=&#8221;flat&#8221; color=&#8221;primary&#8221; align=&#8221;center&#8221; link=&#8221;url:https%3A%2F%2Fstaging.clarent.it%2Ffr%2Freservation-2%2F&#8221; el_class=&#8221;pulsante-blu&#8221; css=&#8221;.vc_custom_1666771800579{margin-top: 30px !important;}&#8221;][\/vc_column_inner][\/vc_row_inner][\/vc_column][\/vc_row][vc_row full_width=&#8221;stretch_row&#8221; css=&#8221;.vc_custom_1666691565663{padding-bottom: 5vh !important;background-image: url(https:\/\/staging.clarent.it\/wp-content\/uploads\/2022\/03\/verde-2.png?id=807) !important;background-position: center !important;background-repeat: no-repeat !important;background-size: cover !important;}&#8221;][vc_column css=&#8221;.vc_custom_1648048605018{padding-top: 3vh !important;padding-bottom: 2vh !important;}&#8221;][vc_row_inner content_placement=&#8221;middle&#8221;][vc_column_inner][vc_single_image image=&#8221;606&#8243; img_size=&#8221;300&#215;300&#8243; alignment=&#8221;center&#8221; css=&#8221;.vc_custom_1648242014751{margin-bottom: 0px !important;padding-bottom: 0px !important;}&#8221;][vc_custom_heading text=&#8221;Nous pensons ensemble \u00e0 la s\u00e9curit\u00e9<br \/>\nde votre b\u00e9b\u00e9&#8221; font_container=&#8221;tag:h2|font_size:44px|text_align:center|color:%23ffffff|line_height:1.2&#8243; use_theme_fonts=&#8221;yes&#8221; el_class=&#8221;testo-corsivo ponchio&#8221; css=&#8221;.vc_custom_1666771630673{margin-top: 0px !important;padding-top: 0px !important;}&#8221;][\/vc_column_inner][\/vc_row_inner][vc_row_inner css=&#8221;.vc_custom_1648233577008{margin-top: 30px !important;}&#8221;][vc_column_inner width=&#8221;1\/6&#8243;][\/vc_column_inner][vc_column_inner width=&#8221;2\/3&#8243;][vc_column_text]<\/p>\n<p style=\"text-align: center;\">Si vous avez un enfant jusqu\u2019\u00e0 12 ans ou mesurant moins de 1,50 m avec vous, le si\u00e8ge enfant est obligatoire et nous le r\u00e9duirons de 50 %. Car votre s\u00e9curit\u00e9 et celle de votre famille n\u2019est pas une option pour nous, mais un objectif prioritaire, qui contribue \u00e0 d\u00e9finir la qualit\u00e9 du service de location de voiture. Il suffit que vous ayez choisi un v\u00e9hicule parmi ceux de notre parc automobile, tous garantis et fiables.<\/p>\n<p>[\/vc_column_text][\/vc_column_inner][vc_column_inner width=&#8221;1\/6&#8243;][\/vc_column_inner][\/vc_row_inner][vc_row_inner content_placement=&#8221;middle&#8221; css=&#8221;.vc_custom_1648233501496{margin-top: 30px !important;}&#8221;][vc_column_inner width=&#8221;1\/3&#8243;][vc_single_image image=&#8221;795&#8243; img_size=&#8221;300&#215;300&#8243; alignment=&#8221;center&#8221; css=&#8221;.vc_custom_1648242308792{margin-bottom: 0px !important;padding-bottom: 0px !important;}&#8221;][\/vc_column_inner][vc_column_inner width=&#8221;2\/3&#8243;][vc_custom_heading text=&#8221;Une petite attention pratique de Clarent pour vous permettre d\u2019entreprendre votre voyage en Sicile sans soucis.&#8221; font_container=&#8221;tag:h3|font_size:26px|text_align:left|color:%23ffffff|line_height:1.2&#8243; use_theme_fonts=&#8221;yes&#8221; el_class=&#8221;testo-corsivo ponchio&#8221; css=&#8221;.vc_custom_1666771666272{margin-top: 0px !important;}&#8221;][vc_column_text css=&#8221;.vc_custom_1666771684890{margin-top: 35px !important;}&#8221;]<\/p>\n<p style=\"font-size: 18px;\">Promotion valable jusqu\u2019au 31\/12\/2022.<\/p>\n<p>[\/vc_column_text][\/vc_column_inner][\/vc_row_inner][vc_row_inner][vc_column_inner][vc_btn title=&#8221;Reserve maintenant&#8221; style=&#8221;outline&#8221; color=&#8221;white&#8221; align=&#8221;center&#8221; link=&#8221;url:https%3A%2F%2Fstaging.clarent.it%2Ffr%2Freservation-2%2F&#8221; css=&#8221;.vc_custom_1666771965735{margin-top: 30px !important;}&#8221; el_class=&#8221;white-outline&#8221;][\/vc_column_inner][\/vc_row_inner][\/vc_column][\/vc_row]<\/p>\n","protected":false},"excerpt":{"rendered":"<p>[vc_row full_width=&#8221;stretch_row&#8221; css=&#8221;.vc_custom_1649769942162{padding-top: 137px !important;background-color: #0377bf !important;}&#8221;][vc_column el_id=&#8221;form-ricerca&#8221;][stm_rent_car_form align=&#8221;text-center&#8221;][\/vc_column][\/vc_row][vc_row full_width=&#8221;stretch_row&#8221; content_placement=&#8221;top&#8221; css_animation=&#8221;flipInY&#8221; css=&#8221;.vc_custom_1650372920462{padding-top: 16vh !important;padding-bottom: 16vh !important;background: #e5e5e5 url(https:\/\/staging.clarent.it\/wp-content\/uploads\/2022\/04\/fondo-promo-header-1.jpg?id=2220) !important;background-position: center !important;background-repeat: no-repeat !important;background-size: cover !important;}&#8221; el_class=&#8221;stm-background-centered&#8221;][vc_column width=&#8221;2\/3&#8243;][vc_custom_heading text=&#8221;Les promotions Clarent ont un avantage&#8221; font_container=&#8221;tag:h1|text_align:left|color:%23ffffff&#8221; use_theme_fonts=&#8221;yes&#8221; el_class=&#8221;testo-corsivo ponchio&#8221; css=&#8221;.vc_custom_1666771414311{margin-top: 0px !important;margin-bottom: 0px !important;}&#8221;][vc_column_text css=&#8221;.vc_custom_1666771425575{margin-top: 30px !important;}&#8221; el_class=&#8221;testo-bianco testo-corsivo&#8221;]Nous vous r\u00e9servons une gamme d\u2019offres promotionnelles avantageuses&#8230;<\/p>\n","protected":false},"author":1,"featured_media":0,"parent":0,"menu_order":0,"comment_status":"closed","ping_status":"closed","template":"","meta":{"footnotes":""},"class_list":["post-2281","page","type-page","status-publish","hentry"],"_links":{"self":[{"href":"https:\/\/staging.clarent.it\/fr\/wp-json\/wp\/v2\/pages\/2281","targetHints":{"allow":["GET"]}}],"collection":[{"href":"https:\/\/staging.clarent.it\/fr\/wp-json\/wp\/v2\/pages"}],"about":[{"href":"https:\/\/staging.clarent.it\/fr\/wp-json\/wp\/v2\/types\/page"}],"author":[{"embeddable":true,"href":"https:\/\/staging.clarent.it\/fr\/wp-json\/wp\/v2\/users\/1"}],"replies":[{"embeddable":true,"href":"https:\/\/staging.clarent.it\/fr\/wp-json\/wp\/v2\/comments?post=2281"}],"version-history":[{"count":25,"href":"https:\/\/staging.clarent.it\/fr\/wp-json\/wp\/v2\/pages\/2281\/revisions"}],"predecessor-version":[{"id":3706,"href":"https:\/\/staging.clarent.it\/fr\/wp-json\/wp\/v2\/pages\/2281\/revisions\/3706"}],"wp:attachment":[{"href":"https:\/\/staging.clarent.it\/fr\/wp-json\/wp\/v2\/media?parent=2281"}],"curies":[{"name":"wp","href":"https:\/\/api.w.org\/{rel}","templated":true}]}}