{"id":2272,"date":"2022-03-26T14:53:01","date_gmt":"2022-03-26T14:53:01","guid":{"rendered":"https:\/\/staging.clarent.it\/ou-sommes-nous\/"},"modified":"2022-05-17T10:11:31","modified_gmt":"2022-05-17T10:11:31","slug":"ou-sommes-nous","status":"publish","type":"page","link":"https:\/\/staging.clarent.it\/fr\/ou-sommes-nous\/","title":{"rendered":"O\u00f9 sommes-nous"},"content":{"rendered":"<p>[vc_row full_width=&#8221;stretch_row&#8221; css=&#8221;.vc_custom_1649759867633{background-color: #0377bf !important;}&#8221;][vc_column el_id=&#8221;form-ricerca&#8221;][stm_rent_car_form align=&#8221;text-center&#8221; css=&#8221;.vc_custom_1649760876228{margin-top: 137px !important;}&#8221;][\/vc_column][\/vc_row][vc_row full_width=&#8221;stretch_row&#8221; content_placement=&#8221;middle&#8221; css_animation=&#8221;flipInY&#8221; css=&#8221;.vc_custom_1648330934374{padding-top: 3vh !important;padding-bottom: 8vh !important;background: #e5e5e5 url(https:\/\/staging.clarent.it\/wp-content\/uploads\/2022\/03\/fondo_header_dove_siamo-.jpg?id=835) !important;background-position: center !important;background-repeat: no-repeat !important;background-size: cover !important;}&#8221; el_class=&#8221;stm-background-centered&#8221;][vc_column width=&#8221;1\/6&#8243;][\/vc_column][vc_column width=&#8221;2\/3&#8243;][vc_custom_heading text=&#8221;De notre exp\u00e9rience pass\u00e9e<br \/>\n\u00e0 un r\u00e9seau efficace d\u2019agences<br \/>\net de points de collecte\/livraison&#8221; font_container=&#8221;tag:h1|text_align:center|color:%23ffffff|line_height:1.1&#8243; use_theme_fonts=&#8221;yes&#8221; el_class=&#8221;testo-corsivo ponchio&#8221;][vc_single_image image=&#8221;833&#8243; img_size=&#8221;800&#215;400&#8243; alignment=&#8221;center&#8221;][vc_column_text css=&#8221;.vc_custom_1648330036362{margin-top: 30px !important;}&#8221; el_class=&#8221;testo-corsivo&#8221;]<\/p>\n<p style=\"text-align: center;\">Clarent est une jeune soci\u00e9t\u00e9 qui a d\u00e9velopp\u00e9 une activit\u00e9 sectorielle familiale d\u00e8s 1982 sur le territoire de Giardini Naxos-Taormine. Le d\u00e9veloppement territorial, \u00e0 partir de l\u2019emplacement dans les alentours de l\u2019a\u00e9roport de Catane, et l\u2019int\u00e9r\u00eat envers de nouvelles opportunit\u00e9s de march\u00e9, se sont concr\u00e9tis\u00e9s par la cr\u00e9ation d\u2019un r\u00e9seau d\u2019agences et de points de collecte\/livraison, r\u00e9seau qui comprend les deux plus grandes villes de l\u2019\u00eele et d\u2019importantes destinations touristiques.<\/p>\n<p>[\/vc_column_text][vc_single_image image=&#8221;599&#8243; img_size=&#8221;430&#215;230&#8243; alignment=&#8221;center&#8221;][vc_column_text css=&#8221;.vc_custom_1648330081795{margin-top: 30px !important;}&#8221; el_class=&#8221;testo-corsivo&#8221;]<\/p>\n<p style=\"text-align: center;\">Aujourd\u2019hui, en Sicile, Clarent est pr\u00eate \u00e0 recevoir et \u00e0 satisfaire n\u2019importe quelle exigence en mati\u00e8re de location de voitures : prenez-en acte, organisez votre voyage et rappelez-vous que vous pouvez prendre et rendre votre v\u00e9hicule dans n\u2019importe quelle autre agence ou point de collecte\/livraison.<\/p>\n<p>[\/vc_column_text][\/vc_column][vc_column width=&#8221;1\/6&#8243;][\/vc_column][\/vc_row][vc_row full_width=&#8221;stretch_row&#8221; equal_height=&#8221;yes&#8221; content_placement=&#8221;middle&#8221; css=&#8221;.vc_custom_1648331124105{padding-top: 7vh !important;padding-bottom: 7vh !important;background-image: url(https:\/\/staging.clarent.it\/wp-content\/uploads\/2022\/03\/verde-2.png?id=807) !important;background-position: 0 0 !important;background-repeat: repeat !important;}&#8221;][vc_column][vc_custom_heading text=&#8221;Voici o\u00f9 vous trouvez Clarent<br \/>\nvotre location de voiture<br \/>\n\u00e0 court terme en Sicile&#8221; font_container=&#8221;tag:h2|font_size:44px|text_align:center|color:%23ffffff|line_height:1.1&#8243; use_theme_fonts=&#8221;yes&#8221; css=&#8221;.vc_custom_1648331739596{margin-top: 0px !important;}&#8221; el_class=&#8221;testo-corsivo ponchio&#8221;][vc_row_inner equal_height=&#8221;yes&#8221; content_placement=&#8221;middle&#8221; css=&#8221;.vc_custom_1648331095598{margin-top: 30px !important;}&#8221;][vc_column_inner el_class=&#8221;pushdown&#8221; width=&#8221;1\/2&#8243;][vc_toggle title=&#8221;Catane&#8221; el_class=&#8221;city&#8221; css=&#8221;.vc_custom_1648638939241{margin-top: 20px !important;}&#8221;]<i>Catane, en 2700 ans d\u2019histoire, a travers\u00e9 des \u00e9poques d\u2019une splendeur qui domine encore de tr\u00e8s nombreux faubourgs. Son baroque, avec ses \u00e9glises et ses nombreux monuments historiques, d\u00e9clar\u00e9 par l\u2019UNESCO Patrimoine de l\u2019Humanit\u00e9, la rend unique. Et son littoral, avec ses rochers et ses plages de sable, enrichit sa beaut\u00e9. De la nourriture et des vins exquis \u00e0 profusion et, \u00e0 quelques minutes, l\u2019on trouve l\u2019Etna avec ses d\u00e9cors et avec le Parc de l\u2019Etna, milieu luxuriant et riche en couleurs et parfums.<\/i>[\/vc_toggle][vc_toggle title=&#8221;A\u00e9roport, agence :&#8221; el_class=&#8221;luogo&#8221;]L\u2019a\u00e9roport de Catane-Fontanarossa \u2018Vincenzo Bellini\u2019, qui h\u00e9berge l\u2019agence Clarent, est moderne et fonctionnel et c\u2019est le plus important du sud de l\u2019Italie, troisi\u00e8me en Italie pour le transport de voyageurs et deuxi\u00e8me pour fr\u00e9quentation nationale.[\/vc_toggle][vc_column_text el_class=&#8221;indirizzo&#8221;]Via Fontanarossa, 20[\/vc_column_text][\/vc_column_inner][vc_column_inner width=&#8221;1\/2&#8243;][vc_single_image image=&#8221;912&#8243; img_size=&#8221;full&#8221; alignment=&#8221;center&#8221;][\/vc_column_inner][\/vc_row_inner][vc_row_inner equal_height=&#8221;yes&#8221; content_placement=&#8221;middle&#8221; css=&#8221;.vc_custom_1648331081850{margin-top: 30px !important;}&#8221;][vc_column_inner width=&#8221;1\/2&#8243;][vc_single_image image=&#8221;917&#8243; img_size=&#8221;full&#8221; alignment=&#8221;center&#8221;][\/vc_column_inner][vc_column_inner width=&#8221;1\/2&#8243;][vc_toggle title=&#8221;Palerme&#8221; el_class=&#8221;city&#8221; css=&#8221;.vc_custom_1648638948722{margin-top: 20px !important;}&#8221;]Palerme, chef-lieu de la Sicile, se d\u00e9marque par ses nombreux monuments historiques, comme la cath\u00e9drale et ses nombreuses \u00e9glises, le Th\u00e9\u00e2tre Massimo, le Palais des Normands et la Chapelle Palatine. On y trouve aussi les march\u00e9s pleins de vie, bond\u00e9s et caract\u00e9ristiques de strada Ballar\u00f2 et la Vuccir\u00eca. a ville est aussi connue pour ses sp\u00e9cialit\u00e9s culinaires et ses vins.[\/vc_toggle][vc_toggle title=&#8221;Port, agence :&#8221; el_class=&#8221;luogo&#8221;]Le port de Palerme, o\u00f9 se trouve une agence Clarent, fait partie des plus importants de la M\u00e9diterran\u00e9e pour le transport de voyageurs et pour ses dimensions, et c\u2019est l\u2019un des ports naturels les plus beaux d\u2019Europe.[\/vc_toggle][vc_column_text el_class=&#8221;indirizzo&#8221;]Via Mariano Stabile 4[\/vc_column_text][vc_toggle title=&#8221;A\u00e9roport, point de collecte\/livraison :&#8221; el_class=&#8221;luogo&#8221;]<\/p>\n<p class=\"p1\">L\u2019a\u00e9roport international Falcone e Borsellino de Palerme-Punta Raisi, dans les alentours duquel se trouve un point de collecte\/livraison Clarent, est le deuxi\u00e8me a\u00e9roport du sud de l\u2019Italie pour son nombre de passagers et en 2021 il a \u00e9t\u00e9 class\u00e9 \u00e0 la cinqui\u00e8me place des a\u00e9roports d\u2019Italie pour son transport de voyageurs.<\/p>\n<p>[\/vc_toggle][vc_column_text el_class=&#8221;indirizzo&#8221;]Parcheggio Valle Cera, Via Valle Cera 13, Villa Grazia di Carini[\/vc_column_text][\/vc_column_inner][\/vc_row_inner][vc_row_inner equal_height=&#8221;yes&#8221; content_placement=&#8221;middle&#8221; css=&#8221;.vc_custom_1648331095598{margin-top: 30px !important;}&#8221;][vc_column_inner el_class=&#8221;pushdown&#8221; width=&#8221;1\/2&#8243;][vc_toggle title=&#8221;Taormine&#8221; el_class=&#8221;city&#8221; css=&#8221;.vc_custom_1650362608676{margin-top: 20px !important;}&#8221;]<i>Fond\u00e9e par des colons grecs, aim\u00e9e des \u00e9crivains et des c\u00e9l\u00e8bres artistes du pass\u00e9 et depuis des d\u00e9cennies, et centre touristique international, Taormine fascine avec ses rues, ses beaut\u00e9s naturelles, sa mer avec la splendide Isola Bella, ses palais, les monuments et les lieux de son histoire, parmi lesquels se d\u00e9marque le magnifique Th\u00e9\u00e2tre Antique.<\/i>[\/vc_toggle][vc_column_text el_class=&#8221;luogo&#8221; css=&#8221;.vc_custom_1648637333449{margin-left: 56px !important;}&#8221;]<\/p>\n<h4>Agence et si\u00e8ge social :<\/h4>\n<p>[\/vc_column_text][vc_column_text el_class=&#8221;indirizzo&#8221;]Via Apollo Arcageta, 12[\/vc_column_text][\/vc_column_inner][vc_column_inner width=&#8221;1\/2&#8243;][vc_single_image image=&#8221;919&#8243; img_size=&#8221;full&#8221; alignment=&#8221;center&#8221;][\/vc_column_inner][\/vc_row_inner][vc_row_inner equal_height=&#8221;yes&#8221; content_placement=&#8221;middle&#8221; css=&#8221;.vc_custom_1648331095598{margin-top: 30px !important;}&#8221;][vc_column_inner width=&#8221;1\/2&#8243;][vc_single_image image=&#8221;915&#8243; img_size=&#8221;full&#8221; alignment=&#8221;center&#8221;][\/vc_column_inner][vc_column_inner width=&#8221;1\/2&#8243;][vc_toggle title=&#8221;Giardini Naxos&#8221; el_class=&#8221;city&#8221; css=&#8221;.vc_custom_1648638971818{margin-top: 20px !important;}&#8221;]<i> Fond\u00e9 par les Grecs et ancien village de p\u00e9cheurs jusqu\u2019\u00e0 il y a un demi-si\u00e8cle, gr\u00e2ce \u00e0 ses plages et \u00e0 sa mer splendide de la baie sur laquelle il donne, Giardini Naxos est aujourd\u2019hui une destination touristique tr\u00e8s fr\u00e9quent\u00e9e. Le village longe le bord de mer et accueille des places et des rues historiques. <\/i>[\/vc_toggle][vc_column_text el_class=&#8221;luogo&#8221; css=&#8221;.vc_custom_1648637333449{margin-left: 56px !important;}&#8221;]<\/p>\n<h4>Agence et si\u00e8ge social :<\/h4>\n<p>[\/vc_column_text][vc_column_text el_class=&#8221;indirizzo&#8221;]Via Dalmazia, 8[\/vc_column_text][\/vc_column_inner][\/vc_row_inner][\/vc_column][\/vc_row]<\/p>\n","protected":false},"excerpt":{"rendered":"<p>[vc_row full_width=&#8221;stretch_row&#8221; css=&#8221;.vc_custom_1649759867633{background-color: #0377bf !important;}&#8221;][vc_column el_id=&#8221;form-ricerca&#8221;][stm_rent_car_form align=&#8221;text-center&#8221; css=&#8221;.vc_custom_1649760876228{margin-top: 137px !important;}&#8221;][\/vc_column][\/vc_row][vc_row full_width=&#8221;stretch_row&#8221; content_placement=&#8221;middle&#8221; css_animation=&#8221;flipInY&#8221; css=&#8221;.vc_custom_1648330934374{padding-top: 3vh !important;padding-bottom: 8vh !important;background: #e5e5e5 url(https:\/\/staging.clarent.it\/wp-content\/uploads\/2022\/03\/fondo_header_dove_siamo-.jpg?id=835) !important;background-position: center !important;background-repeat: no-repeat !important;background-size: cover !important;}&#8221; el_class=&#8221;stm-background-centered&#8221;][vc_column width=&#8221;1\/6&#8243;][\/vc_column][vc_column width=&#8221;2\/3&#8243;][vc_custom_heading text=&#8221;De notre exp\u00e9rience pass\u00e9e \u00e0 un r\u00e9seau efficace d\u2019agences et de points de collecte\/livraison&#8221; font_container=&#8221;tag:h1|text_align:center|color:%23ffffff|line_height:1.1&#8243; use_theme_fonts=&#8221;yes&#8221; el_class=&#8221;testo-corsivo ponchio&#8221;][vc_single_image image=&#8221;833&#8243; img_size=&#8221;800&#215;400&#8243; alignment=&#8221;center&#8221;][vc_column_text css=&#8221;.vc_custom_1648330036362{margin-top: 30px !important;}&#8221; el_class=&#8221;testo-corsivo&#8221;]&#8230;<\/p>\n","protected":false},"author":1,"featured_media":0,"parent":0,"menu_order":0,"comment_status":"closed","ping_status":"closed","template":"","meta":{"footnotes":""},"class_list":["post-2272","page","type-page","status-publish","hentry"],"_links":{"self":[{"href":"https:\/\/staging.clarent.it\/fr\/wp-json\/wp\/v2\/pages\/2272","targetHints":{"allow":["GET"]}}],"collection":[{"href":"https:\/\/staging.clarent.it\/fr\/wp-json\/wp\/v2\/pages"}],"about":[{"href":"https:\/\/staging.clarent.it\/fr\/wp-json\/wp\/v2\/types\/page"}],"author":[{"embeddable":true,"href":"https:\/\/staging.clarent.it\/fr\/wp-json\/wp\/v2\/users\/1"}],"replies":[{"embeddable":true,"href":"https:\/\/staging.clarent.it\/fr\/wp-json\/wp\/v2\/comments?post=2272"}],"version-history":[{"count":7,"href":"https:\/\/staging.clarent.it\/fr\/wp-json\/wp\/v2\/pages\/2272\/revisions"}],"predecessor-version":[{"id":2315,"href":"https:\/\/staging.clarent.it\/fr\/wp-json\/wp\/v2\/pages\/2272\/revisions\/2315"}],"wp:attachment":[{"href":"https:\/\/staging.clarent.it\/fr\/wp-json\/wp\/v2\/media?parent=2272"}],"curies":[{"name":"wp","href":"https:\/\/api.w.org\/{rel}","templated":true}]}}