{"id":2266,"date":"2022-03-31T11:17:07","date_gmt":"2022-03-31T11:17:07","guid":{"rendered":"https:\/\/staging.clarent.it\/contacts\/"},"modified":"2022-05-16T14:57:19","modified_gmt":"2022-05-16T14:57:19","slug":"contacts","status":"publish","type":"page","link":"https:\/\/staging.clarent.it\/fr\/contacts\/","title":{"rendered":"Contacts"},"content":{"rendered":"<p>[vc_row full_width=&#8221;stretch_row&#8221; css=&#8221;.vc_custom_1649761634150{padding-top: 137px !important;background-color: #0377bf !important;}&#8221;][vc_column el_id=&#8221;form-ricerca&#8221;][stm_rent_car_form align=&#8221;text-center&#8221;][\/vc_column][\/vc_row][vc_row full_width=&#8221;stretch_row&#8221; content_placement=&#8221;middle&#8221; css_animation=&#8221;flipInY&#8221; css=&#8221;.vc_custom_1648726150431{padding-top: 10vh !important;padding-bottom: 10vh !important;background: #e5e5e5 url(https:\/\/staging.clarent.it\/wp-content\/uploads\/2022\/03\/contatti.jpg?id=1005) !important;background-position: center !important;background-repeat: no-repeat !important;background-size: cover !important;}&#8221; el_class=&#8221;stm-background-centered&#8221;][vc_column width=&#8221;1\/4&#8243;][\/vc_column][vc_column width=&#8221;1\/2&#8243;][vc_single_image image=&#8221;819&#8243; img_size=&#8221;400&#215;200&#8243; alignment=&#8221;center&#8221; css=&#8221;.vc_custom_1648310998515{margin-bottom: 30px !important;padding-bottom: 0px !important;}&#8221;][vc_custom_heading text=&#8221;T\u00e9l\u00e9phonez-nous tout de suite<br \/>\nou envoyez-nous un mail&#8221; font_container=&#8221;tag:h1|font_size:44px|text_align:center|color:%23ffffff|line_height:1.1&#8243; use_theme_fonts=&#8221;yes&#8221; css=&#8221;.vc_custom_1652712674967{margin-top: 0px !important;margin-bottom: 0px !important;padding-bottom: 0px !important;}&#8221; el_class=&#8221;testo-corsivo ponchio&#8221;][\/vc_column][vc_column width=&#8221;1\/4&#8243;][\/vc_column][\/vc_row][vc_row full_width=&#8221;stretch_row&#8221; content_placement=&#8221;middle&#8221; css=&#8221;.vc_custom_1648738033726{padding-top: 5vh !important;background-image: url(https:\/\/staging.clarent.it\/wp-content\/uploads\/2022\/03\/verde-2.png?id=807) !important;background-position: 0 0 !important;background-repeat: repeat !important;}&#8221;][vc_column][vc_column_text]<div role=\"form\" class=\"wpcf7\" id=\"wpcf7-f2903-o1\" lang=\"fr-FR\" dir=\"ltr\">\n<div class=\"screen-reader-response\"><p role=\"status\" aria-live=\"polite\" aria-atomic=\"true\"><\/p> <ul><\/ul><\/div>\n<form action=\"\/fr\/wp-json\/wp\/v2\/pages\/2266#wpcf7-f2903-o1\" method=\"post\" class=\"wpcf7-form init wpcf7-acceptance-as-validation\" novalidate=\"novalidate\" data-status=\"init\">\n<div style=\"display: none;\">\n<input type=\"hidden\" name=\"_wpcf7\" value=\"2903\" \/>\n<input type=\"hidden\" name=\"_wpcf7_version\" value=\"5.6.4\" \/>\n<input type=\"hidden\" name=\"_wpcf7_locale\" value=\"fr_FR\" \/>\n<input type=\"hidden\" name=\"_wpcf7_unit_tag\" value=\"wpcf7-f2903-o1\" \/>\n<input type=\"hidden\" name=\"_wpcf7_container_post\" value=\"0\" \/>\n<input type=\"hidden\" name=\"_wpcf7_posted_data_hash\" value=\"\" \/>\n<\/div>\n<div class=\"modulo-contatti\">\n<div class=\"one-half\">\n<label> Contactez-nous<br \/>\n    <span class=\"wpcf7-form-control-wrap\" data-name=\"your-message\"><textarea name=\"your-message\" cols=\"40\" rows=\"10\" class=\"wpcf7-form-control wpcf7-textarea\" aria-invalid=\"false\" placeholder=\"Message\"><\/textarea><\/span> <\/label>\n<\/div>\n<div class=\"one-half last\">\n<label> Pr\u00e9nom<br \/>\n    <span class=\"wpcf7-form-control-wrap\" data-name=\"your-name\"><input type=\"text\" name=\"your-name\" value=\"\" size=\"40\" class=\"wpcf7-form-control wpcf7-text wpcf7-validates-as-required\" aria-required=\"true\" aria-invalid=\"false\" \/><\/span> <\/label><br \/>\n<label> E-mail<br \/>\n    <span class=\"wpcf7-form-control-wrap\" data-name=\"your-email\"><input type=\"email\" name=\"your-email\" value=\"\" size=\"40\" class=\"wpcf7-form-control wpcf7-text wpcf7-email wpcf7-validates-as-required wpcf7-validates-as-email\" aria-required=\"true\" aria-invalid=\"false\" \/><\/span> <\/label><\/p>\n<p><span class=\"wpcf7-form-control-wrap\" data-name=\"privacy\"><span class=\"wpcf7-form-control wpcf7-acceptance\"><span class=\"wpcf7-list-item\"><input type=\"checkbox\" name=\"privacy\" value=\"1\" aria-invalid=\"false\" \/><\/span><\/span><\/span> En soumettant ce formulaire, vous autorisez le traitement de vos donn\u00e9es pour r\u00e9pondre \u00e0 votre demande. Pour plus d'informations, visitez notre politique de confidentialit\u00e9<a href=\"\/privacy-policy\/\" target=\"_blank\">Privacy policy<\/a>.<\/p>\n<p><input type=\"submit\" value=\"Envoyer le message\" class=\"wpcf7-form-control has-spinner wpcf7-submit\" \/>\n<\/p><\/div>\n<\/div>\n<div class=\"wpcf7-response-output\" aria-hidden=\"true\"><\/div><\/form><\/div>[\/vc_column_text][\/vc_column][\/vc_row][vc_row full_width=&#8221;stretch_row&#8221; css=&#8221;.vc_custom_1648740158580{padding-bottom: 5vh !important;background-image: url(https:\/\/staging.clarent.it\/wp-content\/uploads\/2022\/03\/verde-2.png?id=807) !important;background-position: 0 0 !important;background-repeat: repeat !important;}&#8221; el_id=&#8221;icone&#8221;][vc_column width=&#8221;1\/2&#8243;][vc_raw_html el_class=&#8221;mail-contatti&#8221; css=&#8221;.vc_custom_1650617280967{margin-top: 10px !important;}&#8221;]JTNDZGl2JTIwY2xhc3MlM0QlMjJpY29uYW1haWwlMjIlM0UlM0NpJTIwY2xhc3MlM0QlMjJmYXMlMjBmYS1waG9uZS1hbHQlMjIlM0UlM0MlMkZpJTNFJTIwJTNDJTJGZGl2JTNFJTNDZGl2JTIwY2xhc3MlM0QlMjJ0eHRtYWlsJTIyJTNFJTNDYSUyMGhyZWYlM0QlMjJ0ZWwlM0ElMkIzOTA5NTIyOTI3MzclMjIlM0VDYXRhbmlhJTIwJTJCMzklMjAwOTUlMjAyMjkyNzM3JTNDYnIlMkYlM0VQYWxlcm1vJTIwJTJCMzklMjAwOTElMjA1NjQxMTMzJTNDJTJGYSUzRSUzQyUyRmRpdiUzRQ==[\/vc_raw_html][vc_column_text css=&#8221;.vc_custom_1652712696138{margin-top: 20px !important;}&#8221;]<\/p>\n<h3>Clarent srl<\/h3>\n<p><strong>Si\u00e8ge social et administratif<\/strong><br \/>\nVia Dalmazia 8<br \/>\n98035 Giardini Naxos (ME) Sicilia<\/p>\n<p><strong>Si\u00e8ges op\u00e9rationnels<\/strong><br \/>\n&#8211; A\u00e9roport de Catania, Via Fontanarossa 20, 95100<br \/>\n&#8211; Port de Palermo, Via Mariano Stabile 4, 90139<br \/>\n&#8211; A\u00e9roport de Palermo, Valle Cera Car Park, Via Valle Cera 13, Villa Grazia di Carini, 90044[\/vc_column_text][\/vc_column][vc_column width=&#8221;1\/2&#8243; css=&#8221;.vc_custom_1648739907538{margin-top: 10px !important;}&#8221; el_id=&#8221;colonna-destra&#8221;][vc_column_text css=&#8221;.vc_custom_1652712707872{margin-bottom: 0px !important;}&#8221;]Pour vos r\u00e9servations par mail ou pour les demandes d\u2019informations relatives aux offres promotionnelles[\/vc_column_text][vc_raw_html el_class=&#8221;mail-contatti&#8221; css=&#8221;.vc_custom_1648748079281{margin-top: 10px !important;}&#8221;]JTNDZGl2JTIwY2xhc3MlM0QlMjJpY29uYW1haWwlMjIlM0UlM0NpJTIwY2xhc3MlM0QlMjJmYXMlMjBmYS1lbnZlbG9wZSUyMiUzRSUzQyUyRmklM0UlMjAlM0MlMkZkaXYlM0UlM0NkaXYlMjBjbGFzcyUzRCUyMnR4dG1haWwlMjIlM0UlM0NhJTIwaHJlZiUzRCUyMm1haWx0byUzQWJvb2tpbmclNDBjbGFyZW50Lml0JTIyJTNFYm9va2luZyU0MGNsYXJlbnQuaXQlM0MlMkZhJTNFJTNDJTJGZGl2JTNF[\/vc_raw_html][vc_column_text css=&#8221;.vc_custom_1652712718798{margin-top: 20px !important;margin-bottom: 0px !important;}&#8221;]Pour vos demandes d\u2019informations sur les avantages, les services, les agences et les points de collecte\/livraison[\/vc_column_text][vc_raw_html el_class=&#8221;mail-contatti&#8221; css=&#8221;.vc_custom_1648748070079{margin-top: 10px !important;}&#8221;]JTNDZGl2JTIwY2xhc3MlM0QlMjJpY29uYW1haWwlMjIlM0UlM0NpJTIwY2xhc3MlM0QlMjJmYXMlMjBmYS1lbnZlbG9wZSUyMiUzRSUzQyUyRmklM0UlMjAlM0MlMkZkaXYlM0UlM0NkaXYlMjBjbGFzcyUzRCUyMnR4dG1haWwlMjIlM0UlM0NhJTIwaHJlZiUzRCUyMm1haWx0byUzQWluZm8lNDBjbGFyZW50Lml0JTIyJTNFaW5mbyU0MGNsYXJlbnQuaXQlM0MlMkZhJTNFJTNDJTJGZGl2JTNF[\/vc_raw_html][vc_column_text css=&#8221;.vc_custom_1652712735232{margin-top: 20px !important;margin-bottom: 0px !important;}&#8221;]Pour vos demandes d\u2019informations sur les avantages, les services, les agences et les points de collecte\/livraison[\/vc_column_text][vc_raw_html el_class=&#8221;mail-contatti&#8221; css=&#8221;.vc_custom_1648748054541{margin-top: 10px !important;}&#8221;]JTNDZGl2JTIwY2xhc3MlM0QlMjJpY29uYW1haWwlMjIlM0UlM0NpJTIwY2xhc3MlM0QlMjJmYXMlMjBmYS1lbnZlbG9wZSUyMiUzRSUzQyUyRmklM0UlMjAlM0MlMkZkaXYlM0UlM0NkaXYlMjBjbGFzcyUzRCUyMnR4dG1haWwlMjIlM0UlM0NhJTIwaHJlZiUzRCUyMm1haWx0byUzQWdlc3Rpb25lbXVsdGUlNDBjbGFyZW50Lml0JTIyJTNFZ2VzdGlvbmVtdWx0ZSU0MGNsYXJlbnQuaXQlM0MlMkZhJTNFJTNDJTJGZGl2JTNF[\/vc_raw_html][\/vc_column][\/vc_row]<\/p>\n","protected":false},"excerpt":{"rendered":"<p>[vc_row full_width=&#8221;stretch_row&#8221; css=&#8221;.vc_custom_1649761634150{padding-top: 137px !important;background-color: #0377bf !important;}&#8221;][vc_column el_id=&#8221;form-ricerca&#8221;][stm_rent_car_form align=&#8221;text-center&#8221;][\/vc_column][\/vc_row][vc_row full_width=&#8221;stretch_row&#8221; content_placement=&#8221;middle&#8221; css_animation=&#8221;flipInY&#8221; css=&#8221;.vc_custom_1648726150431{padding-top: 10vh !important;padding-bottom: 10vh !important;background: #e5e5e5 url(https:\/\/staging.clarent.it\/wp-content\/uploads\/2022\/03\/contatti.jpg?id=1005) !important;background-position: center !important;background-repeat: no-repeat !important;background-size: cover !important;}&#8221; el_class=&#8221;stm-background-centered&#8221;][vc_column width=&#8221;1\/4&#8243;][\/vc_column][vc_column width=&#8221;1\/2&#8243;][vc_single_image image=&#8221;819&#8243; img_size=&#8221;400&#215;200&#8243; alignment=&#8221;center&#8221; css=&#8221;.vc_custom_1648310998515{margin-bottom: 30px !important;padding-bottom: 0px !important;}&#8221;][vc_custom_heading text=&#8221;T\u00e9l\u00e9phonez-nous tout de suite ou envoyez-nous un mail&#8221; font_container=&#8221;tag:h1|font_size:44px|text_align:center|color:%23ffffff|line_height:1.1&#8243; use_theme_fonts=&#8221;yes&#8221; css=&#8221;.vc_custom_1652712674967{margin-top: 0px !important;margin-bottom: 0px !important;padding-bottom: 0px !important;}&#8221; el_class=&#8221;testo-corsivo&#8230;<\/p>\n","protected":false},"author":1,"featured_media":0,"parent":0,"menu_order":0,"comment_status":"closed","ping_status":"closed","template":"","meta":{"footnotes":""},"class_list":["post-2266","page","type-page","status-publish","hentry"],"_links":{"self":[{"href":"https:\/\/staging.clarent.it\/fr\/wp-json\/wp\/v2\/pages\/2266","targetHints":{"allow":["GET"]}}],"collection":[{"href":"https:\/\/staging.clarent.it\/fr\/wp-json\/wp\/v2\/pages"}],"about":[{"href":"https:\/\/staging.clarent.it\/fr\/wp-json\/wp\/v2\/types\/page"}],"author":[{"embeddable":true,"href":"https:\/\/staging.clarent.it\/fr\/wp-json\/wp\/v2\/users\/1"}],"replies":[{"embeddable":true,"href":"https:\/\/staging.clarent.it\/fr\/wp-json\/wp\/v2\/comments?post=2266"}],"version-history":[{"count":10,"href":"https:\/\/staging.clarent.it\/fr\/wp-json\/wp\/v2\/pages\/2266\/revisions"}],"predecessor-version":[{"id":2784,"href":"https:\/\/staging.clarent.it\/fr\/wp-json\/wp\/v2\/pages\/2266\/revisions\/2784"}],"wp:attachment":[{"href":"https:\/\/staging.clarent.it\/fr\/wp-json\/wp\/v2\/media?parent=2266"}],"curies":[{"name":"wp","href":"https:\/\/api.w.org\/{rel}","templated":true}]}}