{"id":2246,"date":"2017-01-03T10:14:32","date_gmt":"2017-01-03T10:14:32","guid":{"rendered":"https:\/\/staging.clarent.it\/home-page-2\/"},"modified":"2022-11-28T10:40:42","modified_gmt":"2022-11-28T10:40:42","slug":"home-page-2","status":"publish","type":"page","link":"https:\/\/staging.clarent.it\/fr\/","title":{"rendered":"Accueil"},"content":{"rendered":"<p>[vc_row full_width=&#8221;stretch_row&#8221; content_placement=&#8221;top&#8221; css_animation=&#8221;flipInY&#8221; css=&#8221;.vc_custom_1669631710127{padding-top: 16vh !important;padding-bottom: 16vh !important;background: #e5e5e5 url(https:\/\/staging.clarent.it\/wp-content\/uploads\/2022\/03\/header-home-1.jpg?id=1533) !important;background-position: center !important;background-repeat: no-repeat !important;background-size: cover !important;}&#8221; el_class=&#8221;stm-background-centered&#8221;][vc_column][vc_custom_heading text=&#8221;Clarent&#8221; font_container=&#8221;tag:h1|text_align:center|color:%2363b133&#8243; use_theme_fonts=&#8221;yes&#8221; el_class=&#8221;testo-corsivo ponchio&#8221; css=&#8221;.vc_custom_1669631763624{margin-bottom: -27px !important;}&#8221;][vc_custom_heading text=&#8221;la location de voiture qui voyage avec vous !&#8221; font_container=&#8221;tag:h1|text_align:center|color:%23ffffff&#8221; use_theme_fonts=&#8221;yes&#8221; el_class=&#8221;testo-corsivo ponchio&#8221; css=&#8221;.vc_custom_1669631802523{margin-bottom: 0px !important;}&#8221;][vc_single_image image=&#8221;1537&#8243; img_size=&#8221;large&#8221; alignment=&#8221;center&#8221;][vc_custom_heading text=&#8221;Rejoignez la communaut\u00e9 Clarent et<br \/>\nobtenez 10% sur votre premi\u00e8re location&#8221; font_container=&#8221;tag:h1|font_size:30|text_align:center|color:%23ffffff&#8221; use_theme_fonts=&#8221;yes&#8221; el_class=&#8221;testo-corsivo ponchio&#8221; css=&#8221;.vc_custom_1669631843608{margin-bottom: 0px !important;}&#8221;][vc_btn title=&#8221;Cliquez ici pour recevoir<br \/>\nvotre r\u00e9duction&#8221; style=&#8221;outline&#8221; color=&#8221;white&#8221; align=&#8221;center&#8221; link=&#8221;url:https%3A%2F%2Fmailchi.mp%2F04acbdfb6ea3%2Fnewletterclarent10|target:_blank&#8221; css=&#8221;.vc_custom_1669631874194{margin-top: 30px !important;}&#8221; el_class=&#8221;white-outline&#8221;][vc_column_text][\/vc_column_text][\/vc_column][\/vc_row][vc_row full_width=&#8221;stretch_row&#8221; css=&#8221;.vc_custom_1649759867633{background-color: #0377bf !important;}&#8221;][vc_column el_id=&#8221;form-ricerca&#8221;][stm_rent_car_form align=&#8221;text-center&#8221;][\/vc_column][\/vc_row][vc_row full_width=&#8221;stretch_row&#8221; css=&#8221;.vc_custom_1650014669742{padding-bottom: 5vh !important;background-image: url(https:\/\/staging.clarent.it\/wp-content\/uploads\/2022\/03\/bgr-green.jpg?id=554) !important;background-position: 0 0 !important;background-repeat: repeat !important;}&#8221;][vc_column css=&#8221;.vc_custom_1648048605018{padding-top: 3vh !important;padding-bottom: 2vh !important;}&#8221;][vc_row_inner content_placement=&#8221;middle&#8221;][vc_column_inner][vc_custom_heading text=&#8221;Aux a\u00e9roports de<br \/>\nCatane ou de Palerme ?<br \/>\nNous y sommes !&#8221; font_container=&#8221;tag:h2|font_size:44px|text_align:center|color:%23ffffff|line_height:1&#8243; use_theme_fonts=&#8221;yes&#8221; el_class=&#8221;testo-corsivo ponchio&#8221; css=&#8221;.vc_custom_1650446314587{margin-bottom: 30px !important;}&#8221;][vc_single_image image=&#8221;593&#8243; img_size=&#8221;full&#8221; alignment=&#8221;center&#8221;][\/vc_column_inner][\/vc_row_inner][vc_row_inner][vc_column_inner width=&#8221;1\/6&#8243;][\/vc_column_inner][vc_column_inner width=&#8221;2\/3&#8243;][vc_column_text css=&#8221;.vc_custom_1650446343903{margin-top: 30px !important;}&#8221; el_class=&#8221;txtdue&#8221;]<\/p>\n<p style=\"text-align: center;\">En plus de nos agences dans des sites touristiques comme Taormine et Giardini Naxos et dans nos points de collecte\/livraison de la Sicile orientale, nous vous accueillons d\u00e8s votre arriv\u00e9e dans nos agences des deux a\u00e9roports les plus importants de l\u2019\u00eele.<\/p>\n<p>[\/vc_column_text][\/vc_column_inner][vc_column_inner width=&#8221;1\/6&#8243;][\/vc_column_inner][\/vc_row_inner][\/vc_column][\/vc_row][vc_row full_width=&#8221;stretch_row&#8221; css=&#8221;.vc_custom_1650014632015{padding-bottom: 5vh !important;background-image: url(https:\/\/staging.clarent.it\/wp-content\/uploads\/2022\/04\/fondo-vantaggi.jpg?id=2085) !important;background-position: center !important;background-repeat: no-repeat !important;background-size: cover !important;}&#8221;][vc_column css=&#8221;.vc_custom_1648048622201{padding-top: 8vh !important;padding-bottom: 4vh !important;}&#8221;][vc_row_inner content_placement=&#8221;middle&#8221;][vc_column_inner width=&#8221;1\/3&#8243;][vc_custom_heading text=&#8221;En termes d\u2019avantages<br \/>\nle s\u00e9rieux de Clarent<br \/>\nest manifeste&#8221; font_container=&#8221;tag:h2|font_size:44px|text_align:left|color:%23ffffff|line_height:1&#8243; use_theme_fonts=&#8221;yes&#8221; css=&#8221;.vc_custom_1650446737408{margin-top: 0px !important;margin-bottom: -20px !important;}&#8221; el_class=&#8221;testo-corsivo ponchio&#8221;][vc_column_text css=&#8221;.vc_custom_1650446761088{margin-top: 30px !important;}&#8221; el_class=&#8221;testo-bianco testo-corsivo&#8221;]La qualit\u00e9 et l\u2019exhaustivit\u00e9 de nos services de location de voitures de courte dur\u00e9e vous tranquillisent avec une assistance continue et des avantages exclusifs[\/vc_column_text][\/vc_column_inner][vc_column_inner width=&#8221;2\/3&#8243;][vc_single_image image=&#8221;733&#8243; img_size=&#8221;700&#215;400&#8243; alignment=&#8221;center&#8221;][\/vc_column_inner][\/vc_row_inner][vc_row_inner content_placement=&#8221;top&#8221;][vc_column_inner width=&#8221;1\/4&#8243; css=&#8221;.vc_custom_1648046709313{margin-top: 30px !important;}&#8221;][vc_single_image image=&#8221;522&#8243; img_size=&#8221;242&#215;242&#8243; alignment=&#8221;center&#8221;][vc_custom_heading text=&#8221;Assistance<br \/>\n24h\/24h&#8221; font_container=&#8221;tag:h3|font_size:28px|text_align:center|color:%23ffffff&#8221; use_theme_fonts=&#8221;yes&#8221; css=&#8221;.vc_custom_1650446797009{margin-top: -14px !important;}&#8221;][vc_column_text el_class=&#8221;testo-bianco testo-corsivo&#8221; css=&#8221;.vc_custom_1650446838455{margin-top: -20px !important;}&#8221;]<\/p>\n<p style=\"text-align: center;\">Un num\u00e9ro toujours disponible en cas d\u2019urgence quel que soit le probl\u00e8me<\/p>\n<p>[\/vc_column_text][\/vc_column_inner][vc_column_inner width=&#8221;1\/4&#8243; css=&#8221;.vc_custom_1648046714194{margin-top: 30px !important;}&#8221;][vc_single_image image=&#8221;523&#8243; img_size=&#8221;229&#215;229&#8243; alignment=&#8221;center&#8221;][vc_custom_heading text=&#8221;Service<br \/>\nde livraison&#8221; font_container=&#8221;tag:h3|font_size:28px|text_align:center|color:%23ffffff&#8221; use_theme_fonts=&#8221;yes&#8221; el_class=&#8221;testo-corsivo ponchio&#8221; css=&#8221;.vc_custom_1650446815771{margin-top: 0px !important;margin-bottom: -20px !important;}&#8221;][vc_column_text el_class=&#8221;testo-bianco testo-corsivo&#8221; css=&#8221;.vc_custom_1650446854214{margin-top: 35px !important;}&#8221;]<\/p>\n<p style=\"text-align: center;\">Nous vous livrons votre voiture \u00e0 votre h\u00f4tel si celui-ci se trouve dans une ville o\u00f9 se trouve l\u2019une de nos agences<\/p>\n<p>[\/vc_column_text][\/vc_column_inner][vc_column_inner width=&#8221;1\/4&#8243; css=&#8221;.vc_custom_1648046720077{margin-top: 30px !important;}&#8221;][vc_single_image image=&#8221;526&#8243; img_size=&#8221;&#8221; alignment=&#8221;center&#8221;][vc_custom_heading text=&#8221;Tarifs transparents<br \/>\net avantageux&#8221; font_container=&#8221;tag:h3|font_size:28px|text_align:center|color:%23ffffff&#8221; use_theme_fonts=&#8221;yes&#8221; el_class=&#8221;testo-corsivo ponchio&#8221; css=&#8221;.vc_custom_1650446872195{margin-top: 0px !important;margin-bottom: -20px !important;}&#8221;][vc_column_text el_class=&#8221;testo-bianco testo-corsivo&#8221; css=&#8221;.vc_custom_1650446898135{margin-top: 35px !important;}&#8221;]<\/p>\n<p style=\"text-align: center;\">Sont inclus le kilom\u00e9trage parcouru, l\u2019assurance RCA, l\u2019assistance en cas de panne, l\u2019entretien de la voiture<\/p>\n<p>[\/vc_column_text][\/vc_column_inner][vc_column_inner width=&#8221;1\/4&#8243; css=&#8221;.vc_custom_1648046726975{margin-top: 30px !important;}&#8221;][vc_single_image image=&#8221;527&#8243; img_size=&#8221;230&#215;230&#8243; alignment=&#8221;center&#8221;][vc_custom_heading text=&#8221;Annulation et facilit\u00e9<br \/>\nde paiement&#8221; font_container=&#8221;tag:h3|font_size:28px|text_align:center|color:%23ffffff&#8221; use_theme_fonts=&#8221;yes&#8221; el_class=&#8221;testo-corsivo ponchio&#8221; css=&#8221;.vc_custom_1650446924650{margin-top: 0px !important;margin-bottom: -20px !important;}&#8221;][vc_column_text el_class=&#8221;testo-bianco testo-corsivo&#8221; css=&#8221;.vc_custom_1650446980302{margin-top: 35px !important;}&#8221;]<\/p>\n<p style=\"text-align: center;\">Vous pouvez annuler votre r\u00e9servation sous 24h et louer une voiture sans carte bancaire<\/p>\n<p>[\/vc_column_text][\/vc_column_inner][\/vc_row_inner][\/vc_column][\/vc_row][vc_row full_width=&#8221;stretch_row&#8221; css=&#8221;.vc_custom_1657121497870{padding-bottom: 5vh !important;background-image: url(https:\/\/staging.clarent.it\/wp-content\/uploads\/2022\/03\/bgr-green.jpg?id=554) !important;background-position: 0 0 !important;background-repeat: repeat !important;}&#8221;][vc_column css=&#8221;.vc_custom_1648048605018{padding-top: 3vh !important;padding-bottom: 2vh !important;}&#8221;][vc_row_inner content_placement=&#8221;middle&#8221;][vc_column_inner][vc_custom_heading text=&#8221;Avec Clarent vous voyagez<br \/>\navec panache&#8221; font_container=&#8221;tag:h2|font_size:44px|text_align:center|color:%23ffffff|line_height:1&#8243; use_theme_fonts=&#8221;yes&#8221; el_class=&#8221;testo-corsivo ponchio&#8221; css=&#8221;.vc_custom_1650447040292{margin-bottom: 30px !important;}&#8221;][\/vc_column_inner][\/vc_row_inner][vc_row_inner][vc_column_inner width=&#8221;1\/6&#8243;][\/vc_column_inner][vc_column_inner width=&#8221;2\/3&#8243;][vc_column_text el_class=&#8221;txtdue&#8221;]<\/p>\n<p style=\"text-align: center;\">Pour vous une s\u00e9rie d\u2019offres sp\u00e9ciales pour des vacances en Sicile inoubliables et sans souci<\/p>\n<p>[\/vc_column_text][\/vc_column_inner][vc_column_inner width=&#8221;1\/6&#8243;][\/vc_column_inner][\/vc_row_inner][vc_row_inner equal_height=&#8221;yes&#8221; content_placement=&#8221;top&#8221; gap=&#8221;20&#8243;][vc_column_inner width=&#8221;1\/3&#8243; css=&#8221;.vc_custom_1666775536793{margin-top: 75px !important;}&#8221;][vc_single_image image=&#8221;3198&#8243; img_size=&#8221;&#8221; alignment=&#8221;center&#8221; css=&#8221;.vc_custom_1669631962855{margin-top: 0px !important;margin-right: 20px !important;margin-bottom: 60px !important;margin-left: 20px !important;}&#8221;][vc_custom_heading text=&#8221;Abonnez-vous \u00e0 la newsletter Clarent !&#8221; font_container=&#8221;tag:h3|font_size:28px|text_align:center|color:%23ffffff&#8221; use_theme_fonts=&#8221;yes&#8221; el_class=&#8221;testo-corsivo ponchio&#8221; css=&#8221;.vc_custom_1669631996086{margin-top: 0px !important;margin-bottom: -20px !important;}&#8221;][vc_column_text el_class=&#8221;testo-bianco testo-corsivo&#8221; css=&#8221;.vc_custom_1669632028102{margin-top: 35px !important;}&#8221;]<\/p>\n<p style=\"text-align: center;\">B\u00e9n\u00e9ficiez de<strong> 10% de r\u00e9duction<\/strong> sur votre premi\u00e8re location<\/p>\n<p>[\/vc_column_text][\/vc_column_inner][vc_column_inner width=&#8221;1\/3&#8243; css=&#8221;.vc_custom_1666775208976{margin-top: 50px !important;}&#8221;][vc_single_image image=&#8221;3228&#8243; img_size=&#8221;&#8221; alignment=&#8221;center&#8221; css=&#8221;.vc_custom_1667812963235{margin-top: 60px !important;}&#8221;][vc_custom_heading text=&#8221;Livrez la voiture o\u00f9 vous voulez<br \/>\navec une r\u00e9duction de 50 %&#8221; font_container=&#8221;tag:h3|font_size:28px|text_align:center|color:%23ffffff&#8221; use_theme_fonts=&#8221;yes&#8221; el_class=&#8221;testo-corsivo ponchio&#8221; css=&#8221;.vc_custom_1667813012773{margin-top: 41px !important;margin-bottom: -20px !important;}&#8221;][vc_column_text el_class=&#8221;testo-bianco testo-corsivo&#8221; css=&#8221;.vc_custom_1667811903176{margin-top: 35px !important;}&#8221;]<\/p>\n<p style=\"text-align: center;\">Jusqu\u2019au 31\/12\/2022 , vous pouvez voyager en Sicile avec l\u2019une de nos voitures sans vous soucier de devoir retourner \u00e0 l\u2019agence ou au point de livraison o\u00f9 vous l\u2019avez lou\u00e9e.<\/p>\n<p>[\/vc_column_text][\/vc_column_inner][vc_column_inner width=&#8221;1\/3&#8243; css=&#8221;.vc_custom_1648051322057{margin-top: 50px !important;}&#8221;][vc_single_image image=&#8221;606&#8243; img_size=&#8221;240&#215;240&#8243; alignment=&#8221;center&#8221;][vc_custom_heading text=&#8221;Le si\u00e8ge est<br \/>\ninsouciant&#8221; font_container=&#8221;tag:h3|font_size:28px|text_align:center|color:%23ffffff&#8221; use_theme_fonts=&#8221;yes&#8221; el_class=&#8221;testo-corsivo ponchio&#8221; css=&#8221;.vc_custom_1651134768576{margin-top: 0px !important;margin-bottom: -20px !important;}&#8221;][vc_column_text el_class=&#8221;testo-bianco testo-corsivo&#8221; css=&#8221;.vc_custom_1651134785641{margin-top: 35px !important;}&#8221;]<\/p>\n<p style=\"text-align: center;\">Si vous avez un enfant, en r\u00e9servant une voiture avec nous, le si\u00e8ge est r\u00e9duit de 50%<\/p>\n<p>[\/vc_column_text][\/vc_column_inner][\/vc_row_inner][vc_row_inner][vc_column_inner][vc_btn title=&#8221;Vers ces offres&#8221; style=&#8221;flat&#8221; color=&#8221;primary&#8221; align=&#8221;center&#8221; link=&#8221;url:https%3A%2F%2Fstaging.clarent.it%2Ffr%2Fpromotions%2F|title:Promozioni&#8221; el_class=&#8221;pulsante-blu&#8221; css=&#8221;.vc_custom_1668611024906{margin-top: 30px !important;}&#8221;][\/vc_column_inner][\/vc_row_inner][\/vc_column][\/vc_row][vc_row full_width=&#8221;stretch_row_content&#8221; css=&#8221;.vc_custom_1648142477828{padding-bottom: 5vh !important;background-image: url(https:\/\/staging.clarent.it\/wp-content\/uploads\/2022\/03\/fondo-flotta.jpg?id=674) !important;background-position: center !important;background-repeat: no-repeat !important;background-size: cover !important;}&#8221;][vc_column css=&#8221;.vc_custom_1648048605018{padding-top: 3vh !important;padding-bottom: 2vh !important;}&#8221;][vc_row_inner css=&#8221;.vc_custom_1648142377768{background-position: center !important;background-repeat: no-repeat !important;background-size: cover !important;}&#8221;][vc_column_inner width=&#8221;1\/4&#8243;][\/vc_column_inner][vc_column_inner width=&#8221;2\/4&#8243;][vc_custom_heading text=&#8221;Un parc automobile<br \/>\npremium&#8221; font_container=&#8221;tag:h2|font_size:44px|text_align:center|color:%23ffffff|line_height:1&#8243; use_theme_fonts=&#8221;yes&#8221; el_class=&#8221;testo-corsivo ponchio&#8221; css=&#8221;.vc_custom_1650447341214{margin-bottom: 30px !important;}&#8221;][vc_column_text css=&#8221;.vc_custom_1650447367075{margin-top: 30px !important;}&#8221;]<\/p>\n<p style=\"text-align: center;\">Des plus petites voitures aux berlines, des voitures sportives aux crossover, des SUV aux fourgons version minibus, Clarent met \u00e0 votre disposition des voitures neuves, entretenues et fiables \u00e0 100%.<\/p>\n<p>[\/vc_column_text][\/vc_column_inner][vc_column_inner width=&#8221;1\/4&#8243;][\/vc_column_inner][\/vc_row_inner][vc_images_carousel images=&#8221;1173,1171,1170,1169,1168,1167,1166,1165,1164,1163,1162,1174,1511&#8243; img_size=&#8221;full&#8221; onclick=&#8221;link_no&#8221; speed=&#8221;2500&#8243; slides_per_view=&#8221;3&#8243; autoplay=&#8221;yes&#8221; hide_pagination_control=&#8221;yes&#8221; wrap=&#8221;yes&#8221; css=&#8221;.vc_custom_1650017273841{margin-top: 100px !important;}&#8221; el_id=&#8221;car-slide&#8221;][vc_btn title=&#8221;Voir plus de d\u00e9tails&#8221; style=&#8221;outline&#8221; color=&#8221;white&#8221; align=&#8221;center&#8221; link=&#8221;url:%2Fflotta%2F&#8221; css=&#8221;.vc_custom_1650447398542{margin-top: 30px !important;}&#8221; el_class=&#8221;white-outline&#8221;][\/vc_column][\/vc_row]<\/p>\n","protected":false},"excerpt":{"rendered":"<p>[vc_row full_width=&#8221;stretch_row&#8221; content_placement=&#8221;top&#8221; css_animation=&#8221;flipInY&#8221; css=&#8221;.vc_custom_1669631710127{padding-top: 16vh !important;padding-bottom: 16vh !important;background: #e5e5e5 url(https:\/\/staging.clarent.it\/wp-content\/uploads\/2022\/03\/header-home-1.jpg?id=1533) !important;background-position: center !important;background-repeat: no-repeat !important;background-size: cover !important;}&#8221; el_class=&#8221;stm-background-centered&#8221;][vc_column][vc_custom_heading text=&#8221;Clarent&#8221; font_container=&#8221;tag:h1|text_align:center|color:%2363b133&#8243; use_theme_fonts=&#8221;yes&#8221; el_class=&#8221;testo-corsivo ponchio&#8221; css=&#8221;.vc_custom_1669631763624{margin-bottom: -27px !important;}&#8221;][vc_custom_heading text=&#8221;la location de voiture qui voyage avec vous !&#8221; font_container=&#8221;tag:h1|text_align:center|color:%23ffffff&#8221; use_theme_fonts=&#8221;yes&#8221; el_class=&#8221;testo-corsivo ponchio&#8221; css=&#8221;.vc_custom_1669631802523{margin-bottom: 0px !important;}&#8221;][vc_single_image image=&#8221;1537&#8243; img_size=&#8221;large&#8221; alignment=&#8221;center&#8221;][vc_custom_heading text=&#8221;Rejoignez la communaut\u00e9 Clarent et obtenez 10% sur votre&#8230;<\/p>\n","protected":false},"author":1,"featured_media":0,"parent":0,"menu_order":0,"comment_status":"closed","ping_status":"closed","template":"","meta":{"footnotes":""},"class_list":["post-2246","page","type-page","status-publish","hentry"],"_links":{"self":[{"href":"https:\/\/staging.clarent.it\/fr\/wp-json\/wp\/v2\/pages\/2246","targetHints":{"allow":["GET"]}}],"collection":[{"href":"https:\/\/staging.clarent.it\/fr\/wp-json\/wp\/v2\/pages"}],"about":[{"href":"https:\/\/staging.clarent.it\/fr\/wp-json\/wp\/v2\/types\/page"}],"author":[{"embeddable":true,"href":"https:\/\/staging.clarent.it\/fr\/wp-json\/wp\/v2\/users\/1"}],"replies":[{"embeddable":true,"href":"https:\/\/staging.clarent.it\/fr\/wp-json\/wp\/v2\/comments?post=2246"}],"version-history":[{"count":37,"href":"https:\/\/staging.clarent.it\/fr\/wp-json\/wp\/v2\/pages\/2246\/revisions"}],"predecessor-version":[{"id":3708,"href":"https:\/\/staging.clarent.it\/fr\/wp-json\/wp\/v2\/pages\/2246\/revisions\/3708"}],"wp:attachment":[{"href":"https:\/\/staging.clarent.it\/fr\/wp-json\/wp\/v2\/media?parent=2246"}],"curies":[{"name":"wp","href":"https:\/\/api.w.org\/{rel}","templated":true}]}}