{"id":2836,"date":"2017-01-24T04:56:24","date_gmt":"2017-01-24T04:56:24","guid":{"rendered":"https:\/\/staging.clarent.it\/privacy-policy\/"},"modified":"2022-05-17T07:51:20","modified_gmt":"2022-05-17T07:51:20","slug":"privacy-policy","status":"publish","type":"page","link":"https:\/\/staging.clarent.it\/de\/privacy-policy\/","title":{"rendered":"Datenschutz bestimmungen"},"content":{"rendered":"<p>[vc_row full_width=&#8221;stretch_row&#8221; css=&#8221;.vc_custom_1650552996495{padding-top: 150px !important;padding-bottom: 7vh !important;background-image: url(https:\/\/staging.clarent.it\/wp-content\/uploads\/2022\/03\/verde-2.png?id=807) !important;}&#8221; el_id=&#8221;Mietbedingungen&#8221;][vc_column el_class=&#8221;legaltxt&#8221;][vc_column_text]<\/p>\n<h2>SCHUTZ PERSONENBEZOGENER DATEN &#8211; CLARENT<\/h2>\n<p>Clarent srl unipersonale h\u00e4lt den Schutz Ihrer pers\u00f6nlichen Daten f\u00fcr sehr wichtig. Nachfolgend m\u00f6chten wir Sie daher dar\u00fcber informieren, welche Daten wir im Einklang mit den geltenden Datenschutzgesetzen und zu welchem \u200b\u200bZweck verarbeiten.<\/p>\n<h3>1. Zust\u00e4ndige Beh\u00f6rde<\/h3>\n<p>Die f\u00fcr die Datenverarbeitung in Europa zust\u00e4ndige Beh\u00f6rde ist: EINSITZ &#8211; Clarent srl unipersonale Via Dalmazia 8 &#8211; 98035 Giardini Naxos (ME) &#8211; SIZILIEN F\u00fcr Fragen oder Kommentare zu unserer Politik zum Schutz personenbezogener Daten oder allgemein zur Geltendmachung Ihrer Rechte (siehe Punkt 6), k\u00f6nnen Sie uns unter der E-Mail-Adresse: booking@clarent.it oder per Post an unsere Kontaktperson bez\u00fcglich der Reservierung von Daten kontaktieren: SITZ &#8211; Clarent srl unipersonale Via Dalmazia 8 &#8211; 98035 Giardini Naxos (ME) &#8211; SIZILIEN<\/p>\n<h3>2. Zweck der Datenverarbeitung<\/h3>\n<p>Wir erheben und verarbeiten Daten aus folgenden Gr\u00fcnden:<\/p>\n<p>Um die Funktionalit\u00e4t und Leistung der Website sicherzustellen.<br \/>\nZur Abwicklung der Buchung von Mietwagen, deren Lieferung und Bezahlung (Vertragsabwicklung).<br \/>\nUm interessante Angebote und Neuigkeiten \u00fcber unseren Newsletter zu teilen, sofern der Kunde dem Erhalt solcher Angebote zugestimmt hat.<\/p>\n<h3>3. Aufgezeichnete Daten<\/h3>\n<p>Grunds\u00e4tzlich ist der Besuch unserer Website ohne Angabe personenbezogener Daten m\u00f6glich. Zur besseren Performance und Gew\u00e4hrleistung der Funktionalit\u00e4t unserer Website verarbeiten wir die von Ihrem Browser \u00fcbermittelten Daten. Dazu geh\u00f6ren Datum und Uhrzeit Ihres Besuchs auf unserer Website, Browsereinstellungen, Betriebssystem und IP-Adresse. Um Ihre Mietwagenbuchung zu bearbeiten, ben\u00f6tigen wir den Namen, die Adresse, das Alter des Fahrers, Kontaktinformationen wie E-Mail-Adresse oder Telefonnummer, Kreditkarten- oder Bankdaten. Um bestimmte Angebote garantieren zu k\u00f6nnen, ben\u00f6tigen wir ggf. Ihr Geburtsdatum, Ihren F\u00fchrerschein und einen Identit\u00e4tsnachweis. Um Ihnen Informationen und Angebote \u00fcber unseren Newsletter zukommen zu lassen, ben\u00f6tigen wir Ihre E-Mail-Adresse.<\/p>\n<h3>4. Empf\u00e4nger oder Kategorien von Empf\u00e4ngern<\/h3>\n<p>Mietwagenreservierungen werden von unserem Unternehmen verwaltet: Clarent srl unipersonale &#8211; Via Fontanarossa, 20 | 95121 Catania &#8211; ITALIEN. Die \u00fcber das Formular auf unserer Website bereitgestellten Daten sowie die unter Punkt 3 angegebenen Daten werden an unsere Zahlungsdienstleister, einschlie\u00dflich der Betrugsbek\u00e4mpfung, und an die ausgew\u00e4hlte Autovermietung \u00fcbermittelt, um Ihre Autobuchung zu bearbeiten mieten. Wir behalten uns au\u00dferdem vor, Ihre Daten an Inkassob\u00fcros und Wirtschaftsschutzorganisationen (z. B. Wirtschaftsauskunfteien) zu \u00fcbermitteln. Es ist m\u00f6glich, dass sich die Empf\u00e4nger der Daten au\u00dferhalb des Europ\u00e4ischen Wirtschaftsraums (Drittstaaten) befinden, wo das anwendbare Recht kein vergleichbares Datenschutzniveau bietet. In diesen F\u00e4llen stellt Clarent srl unipersonale sicher, dass ein angemessenes Datenschutzniveau auf andere Weise gew\u00e4hrleistet ist.<\/p>\n<h3>5. Datensicherheit<\/h3>\n<p>Zum Schutz Ihrer Privatsph\u00e4re werden alle \u00fcber unsere Website eingehenden Buchungsanfragen und damit verbundenen Zahlungsvorg\u00e4nge mit HTTPS-sicherer Verschl\u00fcsselung unter Verwendung modernster Verschl\u00fcsselungstechnologie (SSL \/ TLS) verarbeitet. Sie erkennen, dass Ihr Browser diese sichere \u00dcbertragung verwendet, an der Internetadresse beginnend mit \u201ehttps\u201c und dem (meistens) kleinen Schloss-Symbol im Navigationsfenster Ihres Browsers. Wenn das Schloss geschlossen ist, ist dies eine sichere \u00dcbertragung. In diesem Fall zeigen einige Browser die Adressleiste oder einen Teil davon gr\u00fcn an. (Bitte beachten Sie, dass diese Sicherheitseinstellungen nur auf Seiten verf\u00fcgbar sind, auf denen Sie Ihre Anfrage einsehen oder \u00fcbermitteln oder Ihre Kreditkartendaten eingeben k\u00f6nnen).<\/p>\n<h3>6. Achtung der Rechte<\/h3>\n<p>Sie haben das Recht, jederzeit Auskunft \u00fcber Ihre bei uns gespeicherten personenbezogenen Daten zu verlangen und deren Berichtigung, L\u00f6schung oder Einschr\u00e4nkung der Verarbeitung zu verlangen. Zur Aus\u00fcbung dieser Rechte nutzen Sie bitte die unter Ziffer 1 aufgef\u00fchrten Kontaktm\u00f6glichkeiten<\/p>\n<h3>7. Verwendung von Cookies<\/h3>\n<p>Clarent srl unipersonale verwendet Cookies auf seiner Website. Cookies sind kleine Textdateien, die im Rahmen Ihres Besuchs auf unserer Seite von unserem Server an Ihren Browser gesandt und von diesem auf Ihrem Rechner f\u00fcr einen sp\u00e4teren Abruf vorgehalten werden. Der Zweck dieser Cookies besteht darin, Ihren Computer w\u00e4hrend eines Besuchs auf unserer Website, wenn Sie von einer unserer Seiten zu einer anderen wechseln, f\u00fcr Ihr Ende Ihres Besuchs weiterhin zu erkennen. Wir verwenden auch Technologien, um Informationen \u00fcber Ihre Gewohnheiten und Vorlieben im Laufe der Zeit und \u00fcber diese verschiedenen Plattformen hinweg zu sammeln. So auch unsere ausgew\u00e4hlten Gesch\u00e4ftspartner, einschlie\u00dflich unserer Werbepartner. Diese Unternehmen verwenden bestimmte Technologien, um Ihnen nach dem Besuch unserer Website Werbung und Marketingmitteilungen zu \u00fcbermitteln. Selbstverst\u00e4ndlich k\u00f6nnen Sie unsere Website auch ohne Cookies betrachten. Browser sind regelm\u00e4\u00dfig so eingestellt, dass sie Cookies akzeptieren. Sie k\u00f6nnen die Nutzung jederzeit \u00fcber die Einstellungen Ihres Browsers deaktivieren. Verwenden Sie, um Ihren Browser zu unterst\u00fctzen, um herauszufinden, wie Sie diese Einstellungen abrufen k\u00f6nnen. Bitte beachten Sie, dass einige Funktionen unserer Website m\u00f6glicherweise nicht funktionieren, wenn Sie die Verwendung von Cookies deaktivieren. Die Erhebung oder Entfernung personenbezogener Daten in Cookies in diesem Zusammenhang erfolgt durch uns. Dar\u00fcber hinaus handelt es sich nicht um Techniken, die durch Cookies generierte Informationen mit Benutzerdaten kombinieren.<\/p>\n<h3>8. Google Analytics und AdWords \/ Facebook-Pixel<\/h3>\n<h4>8.1 Google-Analytics<\/h4>\n<p>Unsere Website benutzt Google Analytics, einen Webanalysedienst der Google Inc. (\u201eGoogle\u201c). Auf Ihrem Computer werden Cookies gespeichert, die eine Analyse der Benutzung der Website durch Sie erm\u00f6glichen. Die durch Cookies erzeugten Informationen \u00fcber die Benutzung dieser Website werden in der Regel an einen Server von Google in den USA \u00fcbertragen und dort gespeichert. Wir nutzen den Dienst auf unserer Website mit aktivierter IP-Anonymisierung. Dadurch wird Ihre IP-Adresse auf unserer Website von Google innerhalb von Mitgliedstaaten der Europ\u00e4ischen Union und in anderen Vertragsstaaten des Abkommens \u00fcber den Europ\u00e4ischen Wirtschaftsraum zuvor gek\u00fcrzt und dadurch anonymisiert. Nur in Ausnahmef\u00e4llen wird die volle IP-Adresse an einen Server von Google in den USA \u00fcbertragen und dort gek\u00fcrzt. In unserem Auftrag wird Google diese Informationen benutzen, um Ihre Nutzung der Website auszuwerten, um Reports \u00fcber die Websiteaktivit\u00e4ten zusammenzustellen und um weitere mit der Websitenutzung und der Internetnutzung verbundene Dienstleistungen gegen\u00fcber uns als Websitebetreiber zu erbringen. Weitere Informationen zur Datennutzung durch Google finden Sie unter: https:\/\/policies.google.com\/technologies\/partner-sites. Die von Ihrem Browser \u00fcbermittelte und von Google Analytics verwendete IP-Adresse wird nicht mit anderen Daten von Google zusammengef\u00fchrt. Es ist m\u00f6glich, das Speichern von Cookies in Ihrem Browser durch die Browsereinstellungen zu verhindern (siehe Punkt 8). Bitte beachten Sie, dass einige Funktionen unserer Website m\u00f6glicherweise nicht funktionieren, wenn Sie die Verwendung von Cookies deaktivieren<\/p>\n<p>Es ist auch m\u00f6glich, die Erfassung und Nutzung der durch Cookies erzeugten und auf Ihre Nutzung der Website bezogenen Daten (einschlie\u00dflich Ihrer IP-Adresse) sowie die Verarbeitung dieser Daten durch Google zu verhindern, indem Sie das verf\u00fcgbare Plug-in herunterladen und installieren. in. \u00fcber den folgenden Link: http:\/\/tools.google.com\/dlpage\/gaoptout?hl=it<\/p>\n<h4>8.2 Nutzung des Dienstes Facebook Custom Audience durch das Pixel-Verfahren<\/h4>\n<p>Auf unserer Seite legen wir die CD ein. Facebook Pixel des sozialen Netzwerkes Facebook, betrieben von Facebook Inc., 1 Hacker Way, Menlo Park, CA 94025, USA, bzw. wenn Sie in der EU ans\u00e4ssig sind, von Facebook Ireland Ltd., 4 Grand Canal Square, Grand Canal Harbour , Dublin 2, Irland (\u201eFacebook\u201c). Diese Funktion dient dazu, Besuchern unserer Website beim Surfen im sozialen Netzwerk Facebook interessenbezogene Werbeanzeigen (\u201eFacebook-Ads\u201c) zu pr\u00e4sentieren. Auf diese Weise m\u00f6chten wir sicherstellen, dass unsere Facebook-Ads dem potentiellen Interesse der Nutzer entsprechen und nicht bel\u00e4stigend wirken. Au\u00dferdem k\u00f6nnen wir mit Hilfe des Facebook-Pixels die Wirksamkeit der Facebook-Werbeanzeigen f\u00fcr statistische und Marktforschungszwecke nachvollziehen, indem wir nachvollziehen k\u00f6nnen, wie viele Nutzer auf diese Anzeige geklickt haben. Durch das Surfen auf unserer Seite wird das Facebook-Pixel direkt mit Facebook verbunden und kann Cookies auf Ihrem Ger\u00e4t speichern. Wenn Sie au\u00dferdem eine Verbindung zu Facebook herstellen oder die Seite besuchen, w\u00e4hrend Sie mit Facebook verbunden sind, ordnet Facebook diese Informationen Ihrem pers\u00f6nlichen Facebook-Benutzerprofil zu. Die \u00fcber Sie erhobenen Daten lassen f\u00fcr uns keine R\u00fcckschl\u00fcsse auf Ihre Identit\u00e4t als Nutzer zu. Die Erhebung und Verarbeitung von Daten durch Facebook erfolgt gem\u00e4\u00df den Datenschutzrichtlinien von Facebook. Weitere Informationen finden Sie hier: https:\/\/www.facebook.com\/about\/privacy. Sie k\u00f6nnen der Erfassung Ihrer Daten durch den Facebook-Pixel und deren Verwendung f\u00fcr Facebook-Ads widersprechen. Hierzu k\u00f6nnen Sie die entsprechende Facebook-Seite aufrufen (siehe Einstellungen f\u00fcr internetnutzungsbezogene Werbung), sofern Sie bei Facebook registriert sind: https:\/\/www.facebook.com\/settings. Die Erfassung der Informationen erfolgt plattformunabh\u00e4ngig, d.h. die \u00dcbertragung erfolgt unabh\u00e4ngig davon, ob Sie ein Ger\u00e4t wie einen Desktop-Computer oder ein Mobiltelefon verwenden.<\/p>\n<h4>8.3 Google AdWords<\/h4>\n<p>Die Anzeigen basieren auf dem zuvor gezeigten Interesse des Nutzers an bestimmten Produkten. Wir sammeln Informationen \u00fcber die Navigation unserer Kunden, um Ihnen Online-Werbung zu senden, die Ihren Interessen entspricht. Dazu werden Cookies auf dem Rechner des Nutzers gespeichert, die eine mehrstellige Identifikationsnummer enthalten. Falls Sie der Analyse Ihres Verhaltens nicht zustimmen m\u00f6chten, k\u00f6nnen Sie Ihren Browser so einstellen, dass keine Cookies zu Analysezwecken verwendet werden k\u00f6nnen. wir weisen Sie jedoch darauf hin, dass Sie in diesem Fall gegebenenfalls nicht s\u00e4mtliche Funktionen dieser Website vollumf\u00e4nglich werden nutzen k\u00f6nnen.<\/p>\n<p>\u00dcber das Suchmaschinen-Werbeprogramm Google AdWords der Google Inc. (1600 Amphitheatre Parkway, Mountain View, CA 94043, USA; Google) werden auf der Website Werbeanzeigen geschaltet und an den bei Google verwendeten Suchbegriffen ausgerichtet. Dabei wird ein Cookie von Google im Browser gespeichert, sobald Sie auf eine Anzeige im Google-Werbe- oder Suchnetzwerk klicken.<\/p>\n<p>Ihre Widerspruchsm\u00f6glichkeiten finden Sie hier: https:\/\/adssettings.google.com<\/p>\n<p>Durch Conversion-Methoden und auf Basis von AdWords-Cookies kann Google die Anzahl der Personen messen, die sich f\u00fcr ein bestimmtes \u00fcber eine AdWords-Anzeige beworbenes Angebot entscheiden, nachdem sie darauf geklickt haben. F\u00fcr den Fall, dass die Google-Anzeigen auf Angebote unserer Seite verweisen, erh\u00e4lt diese eine Statistik \u00fcber die Anzahl der K\u00e4ufe, denen ein Klick auf eine Google-AdWords-Anzeige folgt.<\/p>\n<p>Ihre Widerspruchsm\u00f6glichkeiten: Sie k\u00f6nnen Ihren Browser so einstellen, dass das Senden von Cookies von der Domain googleadservices.com oder durch Drittanbieter generell blockiert wird. Sie k\u00f6nnen das Google Conversion-Cookie auch in den Cookie-Einstellungen Ihres Browsers l\u00f6schen.<\/p>\n<p>Diese Website verwendet au\u00dferdem Google Remarketing, basierend auf Doubleclick von Google Inc., um nutzerinteressenbezogene Werbung auszusteuern. Die \u00dcberpr\u00fcfung der beworbenen Seiten und die Zuordnung der Anzeigen erfolgt \u00fcber eine pseudonymisierte Identifikationsnummer, die im Doubleclick-Cookie enthalten ist. Die durch den Cookie erzeugten Informationen \u00fcber die besuchten Seiten werden von Google an seinen Server \u00fcbertragen und dort gespeichert.<\/p>\n<p>Die Informationen zum Schutz personenbezogener Daten von Google finden Sie hier: https:\/\/policies.google.com\/privacy.<\/p>\n<p>Ihre Widerspruchsm\u00f6glichkeiten: https:\/\/adssettings.google.com<\/p>\n<p>Weitere Widerspruchsm\u00f6glichkeiten:<\/p>\n<p>Sie k\u00f6nnen interessenbezogener Werbung von Google, aber auch von anderen Netzwerken, auf der folgenden Seite widersprechen:<br \/>\n<a href=\"http:\/\/www.youronlinechoices.com\/it\/le-tue-scelte\" target=\"_blank\" rel=\"noopener\">http:\/\/www.youronlinechoices.com\/it\/le-tue-scelte<\/a><\/p>\n<h3>9. Newsletter<\/h3>\n<p>Auf unserer Seite wird Ihnen die M\u00f6glichkeit angeboten, \u00fcber den Newsletter Informationen zu unseren Angeboten zu erhalten. F\u00fcr die Anmeldung verwenden wir das sog. Double-opt-in-Verfahren. Sobald Sie uns Ihre E-Mail-Adresse mitgeteilt haben, senden wir Ihnen eine Best\u00e4tigungs-E-Mail. Erst durch Anklicken des in der E-Mail enthaltenen Best\u00e4tigungslinks wird Ihre Adresse in unseren Verteiler aufgenommen. Dadurch wird sichergestellt, dass nur der tats\u00e4chliche Inhaber der E-Mail-Adresse den Newsletter abonnieren kann. Die Datenverarbeitung im Rahmen des Newsletters erfolgt auf Grundlage der Einwilligung des Nutzers. Sie haben das Recht, diese Einwilligung jederzeit f\u00fcr die Zukunft des Newsletters zu widerrufen.<\/p>\n<h3>10. Verbindungen<\/h3>\n<p>Unsere Website kann Links zu anderen Plattformen enthalten. Wenn Sie durch Klicken auf einen der Links auf eine andere Website weitergeleitet werden, ist die Datenschutzrichtlinie von Clarent srl unipersonale nicht mehr g\u00fcltig. Stattdessen gelten die Richtlinien des jeweiligen Website-Betreibers.<\/p>\n<h3>11. \u00c4nderungen zum Datenschutz<\/h3>\n<p>Wir behalten uns vor, diese Datenschutzerkl\u00e4rung zu \u00e4ndern, um sie an neue Seitenfunktionen oder eine andere Rechtslage anzupassen.<\/p>\n<p>Es gilt die zum Zeitpunkt Ihres Besuchs auf unserer Website aktuelle Richtlinie.[\/vc_column_text][\/vc_column][\/vc_row]<\/p>\n","protected":false},"excerpt":{"rendered":"<p>[vc_row full_width=&#8221;stretch_row&#8221; css=&#8221;.vc_custom_1650552996495{padding-top: 150px !important;padding-bottom: 7vh !important;background-image: url(https:\/\/staging.clarent.it\/wp-content\/uploads\/2022\/03\/verde-2.png?id=807) !important;}&#8221; el_id=&#8221;Mietbedingungen&#8221;][vc_column el_class=&#8221;legaltxt&#8221;][vc_column_text] SCHUTZ PERSONENBEZOGENER DATEN &#8211; CLARENT Clarent srl unipersonale h\u00e4lt den Schutz Ihrer pers\u00f6nlichen Daten f\u00fcr sehr wichtig. Nachfolgend m\u00f6chten wir Sie daher dar\u00fcber informieren, welche Daten wir im Einklang mit den geltenden Datenschutzgesetzen und zu welchem \u200b\u200bZweck verarbeiten. 1. Zust\u00e4ndige Beh\u00f6rde Die f\u00fcr die&#8230;<\/p>\n","protected":false},"author":1,"featured_media":0,"parent":0,"menu_order":0,"comment_status":"closed","ping_status":"closed","template":"","meta":{"footnotes":""},"class_list":["post-2836","page","type-page","status-publish","hentry"],"_links":{"self":[{"href":"https:\/\/staging.clarent.it\/de\/wp-json\/wp\/v2\/pages\/2836","targetHints":{"allow":["GET"]}}],"collection":[{"href":"https:\/\/staging.clarent.it\/de\/wp-json\/wp\/v2\/pages"}],"about":[{"href":"https:\/\/staging.clarent.it\/de\/wp-json\/wp\/v2\/types\/page"}],"author":[{"embeddable":true,"href":"https:\/\/staging.clarent.it\/de\/wp-json\/wp\/v2\/users\/1"}],"replies":[{"embeddable":true,"href":"https:\/\/staging.clarent.it\/de\/wp-json\/wp\/v2\/comments?post=2836"}],"version-history":[{"count":8,"href":"https:\/\/staging.clarent.it\/de\/wp-json\/wp\/v2\/pages\/2836\/revisions"}],"predecessor-version":[{"id":2888,"href":"https:\/\/staging.clarent.it\/de\/wp-json\/wp\/v2\/pages\/2836\/revisions\/2888"}],"wp:attachment":[{"href":"https:\/\/staging.clarent.it\/de\/wp-json\/wp\/v2\/media?parent=2836"}],"curies":[{"name":"wp","href":"https:\/\/api.w.org\/{rel}","templated":true}]}}