{"id":2381,"date":"2022-03-25T08:59:36","date_gmt":"2022-03-25T08:59:36","guid":{"rendered":"https:\/\/staging.clarent.it\/werbeaktionen\/"},"modified":"2022-11-28T10:59:36","modified_gmt":"2022-11-28T10:59:36","slug":"werbeaktionen","status":"publish","type":"page","link":"https:\/\/staging.clarent.it\/de\/werbeaktionen\/","title":{"rendered":"Werbeaktionen"},"content":{"rendered":"<p>[vc_row full_width=&#8221;stretch_row&#8221; css=&#8221;.vc_custom_1649769942162{padding-top: 137px !important;background-color: #0377bf !important;}&#8221;][vc_column el_id=&#8221;form-ricerca&#8221;][stm_rent_car_form align=&#8221;text-center&#8221;][\/vc_column][\/vc_row][vc_row full_width=&#8221;stretch_row&#8221; content_placement=&#8221;top&#8221; css_animation=&#8221;flipInY&#8221; css=&#8221;.vc_custom_1650372920462{padding-top: 16vh !important;padding-bottom: 16vh !important;background: #e5e5e5 url(https:\/\/staging.clarent.it\/wp-content\/uploads\/2022\/04\/fondo-promo-header-1.jpg?id=2220) !important;background-position: center !important;background-repeat: no-repeat !important;background-size: cover !important;}&#8221; el_class=&#8221;stm-background-centered&#8221;][vc_column width=&#8221;2\/3&#8243;][vc_custom_heading text=&#8221;Die Angebote von Clarent<br \/>\nhaben etwas zus\u00e4tzliches&#8221; font_container=&#8221;tag:h1|text_align:left|color:%23ffffff&#8221; use_theme_fonts=&#8221;yes&#8221; el_class=&#8221;testo-corsivo ponchio&#8221; css=&#8221;.vc_custom_1666772185409{margin-top: 0px !important;margin-bottom: 0px !important;}&#8221;][vc_column_text css=&#8221;.vc_custom_1666772194973{margin-top: 30px !important;}&#8221; el_class=&#8221;testo-bianco testo-corsivo&#8221;]Wir halten Ihnen eine Reihe vorteilhafter Aktionsangebote f\u00fcr die Kurzzeitmiete von Autos vor. Denken Sie daran, dass die Angebote nicht kumulierbar sind, w\u00e4hlen Sie das auf Sie zugeschnittene aus, Sie m\u00fcssen nur anfangen und in aller Ruhe und mit Blick auf das Sparen zu Ihrem Urlaub oder Ihrer Gesch\u00e4ftsreise nach Sizilien aufbrechen.[\/vc_column_text][\/vc_column][vc_column width=&#8221;1\/3&#8243;][vc_single_image image=&#8221;771&#8243; img_size=&#8221;200&#215;300&#8243; alignment=&#8221;center&#8221;][\/vc_column][\/vc_row][vc_row full_width=&#8221;stretch_row&#8221; css=&#8221;.vc_custom_1669632955992{padding-bottom: 3vh !important;background-image: url(https:\/\/staging.clarent.it\/wp-content\/uploads\/2022\/03\/verde-2.png?id=1722) !important;background-position: center !important;background-repeat: no-repeat !important;background-size: cover !important;}&#8221;][vc_column css=&#8221;.vc_custom_1648048622201{padding-top: 8vh !important;padding-bottom: 4vh !important;}&#8221;][vc_custom_heading text=&#8221;Abonnieren &#8221; font_container=&#8221;tag:h2|font_size:44px|text_align:center|color:%23ffffff|line_height:1.2&#8243; use_theme_fonts=&#8221;yes&#8221; css=&#8221;.vc_custom_1669633045727{margin-top: 0px !important;margin-bottom: -12px !important;}&#8221; el_class=&#8221;testo-corsivo ponchio&#8221;][vc_custom_heading text=&#8221;zu unserem Newsletter!&#8221; font_container=&#8221;tag:h2|font_size:44px|text_align:center|color:%23ffffff|line_height:1.2&#8243; use_theme_fonts=&#8221;yes&#8221; css=&#8221;.vc_custom_1669633076627{margin-top: 0px !important;}&#8221; el_class=&#8221;testo-corsivo ponchio&#8221;][vc_row_inner content_placement=&#8221;top&#8221;][vc_column_inner css=&#8221;.vc_custom_1648232195766{margin-top: 0px !important;}&#8221;][vc_single_image image=&#8221;3199&#8243; img_size=&#8221;&#8221; alignment=&#8221;center&#8221;][vc_column_text css=&#8221;.vc_custom_1669633117976{margin-top: 30px !important;}&#8221; el_class=&#8221;testo-bianco testo-corsivo&#8221;]<\/p>\n<div class=\"\" style=\"text-align: center;\">Bleiben Sie \u00fcber alle unsere Neuigkeiten auf dem Laufenden und erhalten Sie <strong>10 % Rabatt<\/strong> auf Ihre erste Anmietung<\/div>\n<div class=\"\"><\/div>\n<p>[\/vc_column_text][vc_column_text css=&#8221;.vc_custom_1658389989001{margin-top: 35px !important;}&#8221;][\/vc_column_text][vc_btn title=&#8221;Klicken Sie hier, um denRabatt<br \/>code zu erhalten&#8221; style=&#8221;outline&#8221; color=&#8221;white&#8221; align=&#8221;center&#8221; link=&#8221;url:https%3A%2F%2Fmailchi.mp%2F04acbdfb6ea3%2Fnewletterclarent10|target:_blank&#8221; el_class=&#8221;white-outline&#8221; css=&#8221;.vc_custom_1669633150887{margin-top: 30px !important;}&#8221;][\/vc_column_inner][\/vc_row_inner][\/vc_column][\/vc_row][vc_row full_width=&#8221;stretch_row&#8221; content_placement=&#8221;top&#8221; css=&#8221;.vc_custom_1666704680766{padding-bottom: 5vh !important;background-image: url(https:\/\/staging.clarent.it\/wp-content\/uploads\/2022\/10\/fondo-promo-consegna-dove-vuoi.jpg?id=3465) !important;background-position: center !important;background-repeat: no-repeat !important;background-size: cover !important;}&#8221;][vc_column css=&#8221;.vc_custom_1648048605018{padding-top: 3vh !important;padding-bottom: 2vh !important;}&#8221;][vc_row_inner content_placement=&#8221;top&#8221;][vc_column_inner width=&#8221;1\/2&#8243;][vc_custom_heading text=&#8221;Liefern Sie das Auto, wohin Sie wollen, mit 50 % Rabatt&#8221; font_container=&#8221;tag:h2|font_size:44px|text_align:left|color:%23ffffff|line_height:1&#8243; use_theme_fonts=&#8221;yes&#8221; el_class=&#8221;testo-corsivo ponchio&#8221; css=&#8221;.vc_custom_1666772611850{margin-bottom: 30px !important;}&#8221;][vc_column_text el_class=&#8221;testo-bianco testo-corsivo&#8221; css=&#8221;.vc_custom_1666772639866{margin-top: 68px !important;margin-bottom: 40px !important;}&#8221;]<\/p>\n<div class=\"\">Bis zum 31\/12\/2022 k\u00f6nnen Sie mit einem unserer Autos nach Sizilien reisen, ohne bef\u00fcrchten zu m\u00fcssen, zur Filiale oder Abgabestelle zur\u00fcckkehren zu m\u00fcssen, wo Sie es gemietet haben. Sie zahlen nur die H\u00e4lfte des R\u00fccksendepreises, auch wenn Sie es am Flughafen Palermo abgeholt und zum Flughafen Taormina oder Catania zur\u00fcckgebracht haben.<\/div>\n<div class=\"\"><\/div>\n<p>[\/vc_column_text][\/vc_column_inner][vc_column_inner width=&#8221;1\/2&#8243;][vc_single_image image=&#8221;3226&#8243; img_size=&#8221;400&#215;200&#8243; alignment=&#8221;center&#8221; css=&#8221;.vc_custom_1658917852913{margin-right: 20px !important;margin-left: 20px !important;}&#8221;][vc_column_text el_class=&#8221;testo-bianco testo-corsivo&#8221; css=&#8221;.vc_custom_1666772666363{margin-top: 62px !important;margin-bottom: 40px !important;}&#8221;]Clarent tut alles, damit Sie Ihren Urlaub oder Ihre Gesch\u00e4ftsreise auf der Insel optimal nutzen k\u00f6nnen, ohne logistische Hindernisse und mit geringeren Ausgaben.[\/vc_column_text][\/vc_column_inner][\/vc_row_inner][vc_row_inner][vc_column_inner][vc_column_text]<\/p>\n<p style=\"text-align: center; font-size: 18px;\">Aktion g\u00fcltig bis 31\/12\/2022.<\/p>\n<p>[\/vc_column_text][vc_btn title=&#8221;Buchen Sie jetzt&#8221; style=&#8221;flat&#8221; color=&#8221;primary&#8221; align=&#8221;center&#8221; link=&#8221;url:https%3A%2F%2Fstaging.clarent.it%2Fde%2Fprenotazione-auto%2F&#8221; el_class=&#8221;pulsante-blu&#8221; css=&#8221;.vc_custom_1666772699523{margin-top: 30px !important;}&#8221;][\/vc_column_inner][\/vc_row_inner][\/vc_column][\/vc_row][vc_row full_width=&#8221;stretch_row&#8221; css=&#8221;.vc_custom_1666691565663{padding-bottom: 5vh !important;background-image: url(https:\/\/staging.clarent.it\/wp-content\/uploads\/2022\/03\/verde-2.png?id=807) !important;background-position: center !important;background-repeat: no-repeat !important;background-size: cover !important;}&#8221;][vc_column css=&#8221;.vc_custom_1648048605018{padding-top: 3vh !important;padding-bottom: 2vh !important;}&#8221;][vc_row_inner content_placement=&#8221;middle&#8221;][vc_column_inner][vc_single_image image=&#8221;606&#8243; img_size=&#8221;300&#215;300&#8243; alignment=&#8221;center&#8221; css=&#8221;.vc_custom_1648242014751{margin-bottom: 0px !important;padding-bottom: 0px !important;}&#8221;][vc_custom_heading text=&#8221;Wir denken gemeinsam an die Sicherheit<br \/>\nIhres Babys&#8221; font_container=&#8221;tag:h2|font_size:44px|text_align:center|color:%23ffffff|line_height:1.2&#8243; use_theme_fonts=&#8221;yes&#8221; el_class=&#8221;testo-corsivo ponchio&#8221; css=&#8221;.vc_custom_1666772509605{margin-top: 0px !important;padding-top: 0px !important;}&#8221;][\/vc_column_inner][\/vc_row_inner][vc_row_inner css=&#8221;.vc_custom_1648233577008{margin-top: 30px !important;}&#8221;][vc_column_inner width=&#8221;1\/6&#8243;][\/vc_column_inner][vc_column_inner width=&#8221;2\/3&#8243;][vc_column_text]<\/p>\n<p style=\"text-align: center;\">Wenn Sie ein Kind bis 12 Jahre oder unter 1,50 m K\u00f6rpergr\u00f6\u00dfe mitnehmen, ist der Kindersitz obligatorisch und wir erm\u00e4\u00dfigen ihn um 50 %. Weil deine Sicherheit und die deiner Familie f\u00fcr uns ein Optional ist, aber ein Ziel mit priorit\u00e4t um die Qualit\u00e4t des Services einer Autovermietung zu qualifizieren. Es reicht aus, das du einen Wagen unserer Flotte gew\u00e4hlt hast, alle sind garantiert zuverl\u00e4ssig.<\/p>\n<p>[\/vc_column_text][\/vc_column_inner][vc_column_inner width=&#8221;1\/6&#8243;][\/vc_column_inner][\/vc_row_inner][vc_row_inner content_placement=&#8221;middle&#8221; css=&#8221;.vc_custom_1648233501496{margin-top: 30px !important;}&#8221;][vc_column_inner width=&#8221;1\/3&#8243;][vc_single_image image=&#8221;795&#8243; img_size=&#8221;300&#215;300&#8243; alignment=&#8221;center&#8221; css=&#8221;.vc_custom_1648242308792{margin-bottom: 0px !important;padding-bottom: 0px !important;}&#8221;][\/vc_column_inner][vc_column_inner width=&#8221;2\/3&#8243;][vc_custom_heading text=&#8221;Eine kleine Aufmerksamkeit von Clarent um deine Reise in Sizilien sorgenlos zu beginnen.&#8221; font_container=&#8221;tag:h3|font_size:26px|text_align:left|color:%23ffffff|line_height:1.2&#8243; use_theme_fonts=&#8221;yes&#8221; el_class=&#8221;testo-corsivo ponchio&#8221; css=&#8221;.vc_custom_1666772542053{margin-top: 0px !important;}&#8221;][vc_column_text css=&#8221;.vc_custom_1666772557583{margin-top: 35px !important;}&#8221;]<\/p>\n<p style=\"font-size: 18px;\">Aktion g\u00fcltig bis 31\/12\/2022.<\/p>\n<p>[\/vc_column_text][\/vc_column_inner][\/vc_row_inner][vc_row_inner][vc_column_inner][vc_btn title=&#8221;Buchen Sie jetzt&#8221; style=&#8221;outline&#8221; color=&#8221;white&#8221; align=&#8221;center&#8221; link=&#8221;url:https%3A%2F%2Fstaging.clarent.it%2Fde%2Fprenotazione-auto%2F&#8221; css=&#8221;.vc_custom_1666772593260{margin-top: 30px !important;}&#8221; el_class=&#8221;white-outline&#8221;][\/vc_column_inner][\/vc_row_inner][\/vc_column][\/vc_row]<\/p>\n","protected":false},"excerpt":{"rendered":"<p>[vc_row full_width=&#8221;stretch_row&#8221; css=&#8221;.vc_custom_1649769942162{padding-top: 137px !important;background-color: #0377bf !important;}&#8221;][vc_column el_id=&#8221;form-ricerca&#8221;][stm_rent_car_form align=&#8221;text-center&#8221;][\/vc_column][\/vc_row][vc_row full_width=&#8221;stretch_row&#8221; content_placement=&#8221;top&#8221; css_animation=&#8221;flipInY&#8221; css=&#8221;.vc_custom_1650372920462{padding-top: 16vh !important;padding-bottom: 16vh !important;background: #e5e5e5 url(https:\/\/staging.clarent.it\/wp-content\/uploads\/2022\/04\/fondo-promo-header-1.jpg?id=2220) !important;background-position: center !important;background-repeat: no-repeat !important;background-size: cover !important;}&#8221; el_class=&#8221;stm-background-centered&#8221;][vc_column width=&#8221;2\/3&#8243;][vc_custom_heading text=&#8221;Die Angebote von Clarent haben etwas zus\u00e4tzliches&#8221; font_container=&#8221;tag:h1|text_align:left|color:%23ffffff&#8221; use_theme_fonts=&#8221;yes&#8221; el_class=&#8221;testo-corsivo ponchio&#8221; css=&#8221;.vc_custom_1666772185409{margin-top: 0px !important;margin-bottom: 0px !important;}&#8221;][vc_column_text css=&#8221;.vc_custom_1666772194973{margin-top: 30px !important;}&#8221; el_class=&#8221;testo-bianco testo-corsivo&#8221;]Wir halten Ihnen eine Reihe vorteilhafter Aktionsangebote&#8230;<\/p>\n","protected":false},"author":1,"featured_media":0,"parent":0,"menu_order":0,"comment_status":"closed","ping_status":"closed","template":"","meta":{"footnotes":""},"class_list":["post-2381","page","type-page","status-publish","hentry"],"_links":{"self":[{"href":"https:\/\/staging.clarent.it\/de\/wp-json\/wp\/v2\/pages\/2381","targetHints":{"allow":["GET"]}}],"collection":[{"href":"https:\/\/staging.clarent.it\/de\/wp-json\/wp\/v2\/pages"}],"about":[{"href":"https:\/\/staging.clarent.it\/de\/wp-json\/wp\/v2\/types\/page"}],"author":[{"embeddable":true,"href":"https:\/\/staging.clarent.it\/de\/wp-json\/wp\/v2\/users\/1"}],"replies":[{"embeddable":true,"href":"https:\/\/staging.clarent.it\/de\/wp-json\/wp\/v2\/comments?post=2381"}],"version-history":[{"count":23,"href":"https:\/\/staging.clarent.it\/de\/wp-json\/wp\/v2\/pages\/2381\/revisions"}],"predecessor-version":[{"id":3714,"href":"https:\/\/staging.clarent.it\/de\/wp-json\/wp\/v2\/pages\/2381\/revisions\/3714"}],"wp:attachment":[{"href":"https:\/\/staging.clarent.it\/de\/wp-json\/wp\/v2\/media?parent=2381"}],"curies":[{"name":"wp","href":"https:\/\/api.w.org\/{rel}","templated":true}]}}