{"id":2361,"date":"2017-01-03T10:14:32","date_gmt":"2017-01-03T10:14:32","guid":{"rendered":"https:\/\/staging.clarent.it\/home-page-2\/"},"modified":"2022-11-28T10:54:53","modified_gmt":"2022-11-28T10:54:53","slug":"home-page-2","status":"publish","type":"page","link":"https:\/\/staging.clarent.it\/de\/","title":{"rendered":"Home page"},"content":{"rendered":"<p>[vc_row full_width=&#8221;stretch_row&#8221; content_placement=&#8221;top&#8221; css_animation=&#8221;flipInY&#8221; css=&#8221;.vc_custom_1669632403690{padding-top: 16vh !important;padding-bottom: 16vh !important;background: #e5e5e5 url(https:\/\/staging.clarent.it\/wp-content\/uploads\/2022\/03\/header-home-1.jpg?id=1534) !important;background-position: center !important;background-repeat: no-repeat !important;background-size: cover !important;}&#8221; el_class=&#8221;stm-background-centered&#8221;][vc_column][vc_custom_heading text=&#8221;Clarent&#8221; font_container=&#8221;tag:h1|text_align:center|color:%2363b133&#8243; use_theme_fonts=&#8221;yes&#8221; el_class=&#8221;testo-corsivo ponchio&#8221; css=&#8221;.vc_custom_1669632412154{margin-bottom: -5px !important;}&#8221;][vc_custom_heading text=&#8221;der Mietwagen, der mit Ihnen reist!&#8221; font_container=&#8221;tag:h1|text_align:center|color:%23ffffff&#8221; use_theme_fonts=&#8221;yes&#8221; el_class=&#8221;testo-corsivo ponchio&#8221; css=&#8221;.vc_custom_1669632442837{margin-top: -10px !important;margin-bottom: 0px !important;}&#8221;][vc_single_image image=&#8221;1538&#8243; img_size=&#8221;large&#8221; alignment=&#8221;center&#8221;][vc_custom_heading text=&#8221;Treten Sie der Clarent-Community bei<br \/>\nund Erhalten Sie 10 % auf Ihre erste Anmietung&#8221; font_container=&#8221;tag:p|font_size:30|text_align:center|color:%23ffffff&#8221; use_theme_fonts=&#8221;yes&#8221; el_class=&#8221;testo-corsivo ponchio&#8221; css=&#8221;.vc_custom_1669632692261{margin-top: -10px !important;margin-bottom: 0px !important;}&#8221;][vc_btn title=&#8221;Klicken Sie hier, um den Rabatt<br \/>code zu erhalten&#8221; style=&#8221;outline&#8221; color=&#8221;white&#8221; align=&#8221;center&#8221; link=&#8221;url:https%3A%2F%2Fmailchi.mp%2F04acbdfb6ea3%2Fnewletterclarent10|target:_blank&#8221; css=&#8221;.vc_custom_1669632678652{margin-top: 30px !important;}&#8221; el_class=&#8221;white-outline&#8221;][vc_column_text][\/vc_column_text][\/vc_column][\/vc_row][vc_row full_width=&#8221;stretch_row&#8221; css=&#8221;.vc_custom_1649759867633{background-color: #0377bf !important;}&#8221;][vc_column el_id=&#8221;form-ricerca&#8221;][stm_rent_car_form align=&#8221;text-center&#8221;][\/vc_column][\/vc_row][vc_row full_width=&#8221;stretch_row&#8221; css=&#8221;.vc_custom_1650014669742{padding-bottom: 5vh !important;background-image: url(https:\/\/staging.clarent.it\/wp-content\/uploads\/2022\/03\/bgr-green.jpg?id=554) !important;background-position: 0 0 !important;background-repeat: repeat !important;}&#8221;][vc_column css=&#8221;.vc_custom_1648048605018{padding-top: 3vh !important;padding-bottom: 2vh !important;}&#8221;][vc_row_inner content_placement=&#8221;middle&#8221;][vc_column_inner][vc_custom_heading text=&#8221;Flugh\u00e4fen von<br \/>\nCatania und Palermo?<br \/>\nVorhanden!&#8221; font_container=&#8221;tag:h2|font_size:44px|text_align:center|color:%23ffffff|line_height:1&#8243; use_theme_fonts=&#8221;yes&#8221; el_class=&#8221;testo-corsivo ponchio&#8221; css=&#8221;.vc_custom_1650979058129{margin-bottom: 30px !important;}&#8221;][vc_single_image image=&#8221;593&#8243; img_size=&#8221;full&#8221; alignment=&#8221;center&#8221;][\/vc_column_inner][\/vc_row_inner][vc_row_inner][vc_column_inner width=&#8221;1\/6&#8243;][\/vc_column_inner][vc_column_inner width=&#8221;2\/3&#8243;][vc_column_text css=&#8221;.vc_custom_1650965984270{margin-top: 30px !important;}&#8221; el_class=&#8221;txtdue&#8221;]<\/p>\n<p style=\"text-align: center;\">Sie finden uns nicht nur in turistischen Lokalit\u00e4ten wie Taormina und Giardini Naxos, sondern auch in Lieferorten in Ostsizilien, wir sind bereit sie in unseren Filialen herzlich Willkommen zu hei\u00dfen. Sowie bei den beiden wichtigsten Flugh\u00e4fen Siziliens.<\/p>\n<p>[\/vc_column_text][\/vc_column_inner][vc_column_inner width=&#8221;1\/6&#8243;][\/vc_column_inner][\/vc_row_inner][\/vc_column][\/vc_row][vc_row full_width=&#8221;stretch_row&#8221; css=&#8221;.vc_custom_1650014632015{padding-bottom: 5vh !important;background-image: url(https:\/\/staging.clarent.it\/wp-content\/uploads\/2022\/04\/fondo-vantaggi.jpg?id=2085) !important;background-position: center !important;background-repeat: no-repeat !important;background-size: cover !important;}&#8221;][vc_column css=&#8221;.vc_custom_1648048622201{padding-top: 8vh !important;padding-bottom: 4vh !important;}&#8221;][vc_row_inner content_placement=&#8221;middle&#8221;][vc_column_inner width=&#8221;1\/3&#8243;][vc_custom_heading text=&#8221;Was Vorteile betrifft<br \/>\nhat Clarent alle<br \/>\nserienm\u00e4\u00dfig&#8221; font_container=&#8221;tag:h2|font_size:44px|text_align:left|color:%23ffffff|line_height:1&#8243; use_theme_fonts=&#8221;yes&#8221; css=&#8221;.vc_custom_1650979188465{margin-top: 0px !important;margin-bottom: -20px !important;}&#8221; el_class=&#8221;testo-corsivo ponchio&#8221;][vc_column_text css=&#8221;.vc_custom_1650979199130{margin-top: 30px !important;}&#8221; el_class=&#8221;testo-bianco testo-corsivo&#8221;]Die Qualit\u00e4t und die Vollst\u00e4ndigkeit des Service unseres kurzfristigen Autoverleihes beruhig sie mit einer st\u00e4ndigen Unterst\u00fctzung und esklusiven Vorteilen.[\/vc_column_text][\/vc_column_inner][vc_column_inner width=&#8221;2\/3&#8243;][vc_single_image image=&#8221;733&#8243; img_size=&#8221;700&#215;400&#8243; alignment=&#8221;center&#8221;][\/vc_column_inner][\/vc_row_inner][vc_row_inner content_placement=&#8221;top&#8221;][vc_column_inner width=&#8221;1\/4&#8243; css=&#8221;.vc_custom_1648046709313{margin-top: 30px !important;}&#8221;][vc_single_image image=&#8221;522&#8243; img_size=&#8221;242&#215;242&#8243; alignment=&#8221;center&#8221;][vc_custom_heading text=&#8221;Unterst\u00fctzung<br \/>\n24 Stunden zu 24 Stunden&#8221; font_container=&#8221;tag:h3|font_size:28px|text_align:center|color:%23ffffff&#8221; use_theme_fonts=&#8221;yes&#8221; css=&#8221;.vc_custom_1650979240711{margin-top: -14px !important;}&#8221;][vc_column_text el_class=&#8221;testo-bianco testo-corsivo&#8221; css=&#8221;.vc_custom_1650979259632{margin-top: -20px !important;}&#8221;]<\/p>\n<p style=\"text-align: center;\">Eine Nummer die in jeden Notfall und in jeder Art von Problematik zur Verf\u00fcgung steht.<\/p>\n<p>[\/vc_column_text][\/vc_column_inner][vc_column_inner width=&#8221;1\/4&#8243; css=&#8221;.vc_custom_1648046714194{margin-top: 30px !important;}&#8221;][vc_single_image image=&#8221;523&#8243; img_size=&#8221;229&#215;229&#8243; alignment=&#8221;center&#8221;][vc_custom_heading text=&#8221;Pickup &amp; Delivery<br \/>\nService&#8221; font_container=&#8221;tag:h3|font_size:28px|text_align:center|color:%23ffffff&#8221; use_theme_fonts=&#8221;yes&#8221; el_class=&#8221;testo-corsivo ponchio&#8221; css=&#8221;.vc_custom_1650979284381{margin-top: 0px !important;margin-bottom: -20px !important;}&#8221;][vc_column_text el_class=&#8221;testo-bianco testo-corsivo&#8221; css=&#8221;.vc_custom_1650979296078{margin-top: 35px !important;}&#8221;]<\/p>\n<p style=\"text-align: center;\">Wir liefern das Fahrzeug in dein Hotel, wenn es sich in einer Lokalit\u00e4t befindet, wo wir gegenw\u00e4hrtig sind.<\/p>\n<p>[\/vc_column_text][\/vc_column_inner][vc_column_inner width=&#8221;1\/4&#8243; css=&#8221;.vc_custom_1648046720077{margin-top: 30px !important;}&#8221;][vc_single_image image=&#8221;526&#8243; img_size=&#8221;&#8221; alignment=&#8221;center&#8221;][vc_custom_heading text=&#8221;Klare und Vorteilhafte<br \/>\nTariffe&#8221; font_container=&#8221;tag:h3|font_size:28px|text_align:center|color:%23ffffff&#8221; use_theme_fonts=&#8221;yes&#8221; el_class=&#8221;testo-corsivo ponchio&#8221; css=&#8221;.vc_custom_1650979314147{margin-top: 0px !important;margin-bottom: -20px !important;}&#8221;][vc_column_text el_class=&#8221;testo-bianco testo-corsivo&#8221; css=&#8221;.vc_custom_1650979325046{margin-top: 35px !important;}&#8221;]<\/p>\n<p style=\"text-align: center;\">Gefahrene km, RCA Versicherung, Hilfe bei Pannen, Fahrzeugwartung sind inklusive.<\/p>\n<p>[\/vc_column_text][\/vc_column_inner][vc_column_inner width=&#8221;1\/4&#8243; css=&#8221;.vc_custom_1648046726975{margin-top: 30px !important;}&#8221;][vc_single_image image=&#8221;527&#8243; img_size=&#8221;230&#215;230&#8243; alignment=&#8221;center&#8221;][vc_custom_heading text=&#8221;Stornierung und Bezahlung<br \/>\neinfach&#8221; font_container=&#8221;tag:h3|font_size:28px|text_align:center|color:%23ffffff&#8221; use_theme_fonts=&#8221;yes&#8221; el_class=&#8221;testo-corsivo ponchio&#8221; css=&#8221;.vc_custom_1650979339302{margin-top: 0px !important;margin-bottom: -20px !important;}&#8221;][vc_column_text el_class=&#8221;testo-bianco testo-corsivo&#8221; css=&#8221;.vc_custom_1650979400174{margin-top: 35px !important;}&#8221;]<\/p>\n<p style=\"text-align: center;\">Du kannst innerhalb von 24 Stunden die Reservierung des Mietwagens auch ohne Kreditkarte stornieren.<\/p>\n<p>[\/vc_column_text][\/vc_column_inner][\/vc_row_inner][\/vc_column][\/vc_row][vc_row full_width=&#8221;stretch_row&#8221; css=&#8221;.vc_custom_1657120860056{padding-bottom: 5vh !important;background-image: url(https:\/\/staging.clarent.it\/wp-content\/uploads\/2022\/03\/bgr-green.jpg?id=1570) !important;background-position: 0 0 !important;background-repeat: repeat !important;}&#8221;][vc_column css=&#8221;.vc_custom_1648048605018{padding-top: 3vh !important;padding-bottom: 2vh !important;}&#8221;][vc_row_inner content_placement=&#8221;middle&#8221;][vc_column_inner][vc_custom_heading text=&#8221;Mit Clarent reisen<br \/>\nSie in Sch\u00f6nheit&#8221; font_container=&#8221;tag:h2|font_size:44px|text_align:center|color:%23ffffff|line_height:1&#8243; use_theme_fonts=&#8221;yes&#8221; el_class=&#8221;testo-corsivo ponchio&#8221; css=&#8221;.vc_custom_1650963351195{margin-bottom: 30px !important;}&#8221;][\/vc_column_inner][\/vc_row_inner][vc_row_inner][vc_column_inner width=&#8221;1\/6&#8243;][\/vc_column_inner][vc_column_inner width=&#8221;2\/3&#8243;][vc_column_text el_class=&#8221;txtdue&#8221;]<\/p>\n<p style=\"text-align: center;\">F\u00fcr Sie eine Reihe von Spezial-Angeboten, welche Ihren Urlaub in Sizilien sorglos und unverg\u00e4sslich machen werden.<\/p>\n<p>[\/vc_column_text][\/vc_column_inner][vc_column_inner width=&#8221;1\/6&#8243;][\/vc_column_inner][\/vc_row_inner][vc_row_inner equal_height=&#8221;yes&#8221; content_placement=&#8221;top&#8221; gap=&#8221;20&#8243;][vc_column_inner width=&#8221;1\/3&#8243; css=&#8221;.vc_custom_1666774766442{margin-top: 65px !important;}&#8221;][vc_single_image image=&#8221;3199&#8243; img_size=&#8221;&#8221; alignment=&#8221;center&#8221; css=&#8221;.vc_custom_1669632828962{margin-top: 30px !important;margin-right: 20px !important;margin-bottom: 40px !important;margin-left: 20px !important;}&#8221;][vc_custom_heading text=&#8221;Abonnieren Sie den Clarent-Newsletter!&#8221; font_container=&#8221;tag:h3|font_size:28px|text_align:center|color:%23ffffff&#8221; use_theme_fonts=&#8221;yes&#8221; el_class=&#8221;testo-corsivo ponchio&#8221; css=&#8221;.vc_custom_1669632863678{margin-top: 0px !important;margin-bottom: -20px !important;}&#8221;][vc_column_text el_class=&#8221;testo-bianco testo-corsivo&#8221; css=&#8221;.vc_custom_1669632882721{margin-top: 35px !important;}&#8221;]<\/p>\n<p style=\"text-align: center;\">Erhalten Sie <strong>10 % Rabatt<\/strong> auf Ihre erste Anmietung<\/p>\n<p>[\/vc_column_text][vc_column_text][\/vc_column_text][\/vc_column_inner][vc_column_inner width=&#8221;1\/3&#8243; css=&#8221;.vc_custom_1667812803005{margin-top: 100px !important;}&#8221;][vc_single_image image=&#8221;3229&#8243; img_size=&#8221;&#8221; alignment=&#8221;center&#8221;][vc_custom_heading text=&#8221;Liefern Sie das Auto, wohin Sie wollen,<br \/>\nmit 50 % Rabatt&#8221; font_container=&#8221;tag:h3|font_size:28px|text_align:center|color:%23ffffff&#8221; use_theme_fonts=&#8221;yes&#8221; el_class=&#8221;testo-corsivo ponchio&#8221; css=&#8221;.vc_custom_1667812853205{margin-top: 53px !important;margin-bottom: -20px !important;}&#8221;][vc_column_text el_class=&#8221;testo-bianco testo-corsivo&#8221; css=&#8221;.vc_custom_1667812007499{margin-top: 35px !important;}&#8221;]<\/p>\n<p style=\"text-align: center;\">Bis zum 31\/12\/2022 k\u00f6nnen Sie mit einem unserer Autos nach Sizilien reisen, ohne bef\u00fcrchten zu m\u00fcssen, zur Filiale oder Abgabestelle zur\u00fcckkehren zu m\u00fcssen, wo Sie es gemietet haben.<\/p>\n<p>[\/vc_column_text][\/vc_column_inner][vc_column_inner width=&#8221;1\/3&#8243; css=&#8221;.vc_custom_1648051322057{margin-top: 50px !important;}&#8221;][vc_single_image image=&#8221;606&#8243; img_size=&#8221;240&#215;240&#8243; alignment=&#8221;center&#8221;][vc_custom_heading text=&#8221;Der sitz ist<br \/>\nsorglos&#8221; font_container=&#8221;tag:h3|font_size:28px|text_align:center|color:%23ffffff&#8221; use_theme_fonts=&#8221;yes&#8221; el_class=&#8221;testo-corsivo ponchio&#8221; css=&#8221;.vc_custom_1651136580572{margin-top: 0px !important;margin-bottom: -20px !important;}&#8221;][vc_column_text el_class=&#8221;testo-bianco testo-corsivo&#8221; css=&#8221;.vc_custom_1651136592121{margin-top: 35px !important;}&#8221;]<\/p>\n<p style=\"text-align: center;\">Wenn Sie ein Kind haben, erhalten Sie bei der Buchung eines Autos bei uns einen Rabatt von 50 % auf den Sitzplatz<\/p>\n<p>[\/vc_column_text][\/vc_column_inner][\/vc_row_inner][vc_row_inner][vc_column_inner][vc_btn title=&#8221;Zur Promotion&#8221; style=&#8221;flat&#8221; color=&#8221;primary&#8221; align=&#8221;center&#8221; link=&#8221;url:https%3A%2F%2Fstaging.clarent.it%2Fde%2Fwerbeaktionen%2F|title:Promozioni&#8221; el_class=&#8221;pulsante-blu&#8221; css=&#8221;.vc_custom_1668610040708{margin-top: 30px !important;}&#8221;][\/vc_column_inner][\/vc_row_inner][\/vc_column][\/vc_row][vc_row full_width=&#8221;stretch_row_content&#8221; css=&#8221;.vc_custom_1648142477828{padding-bottom: 5vh !important;background-image: url(https:\/\/staging.clarent.it\/wp-content\/uploads\/2022\/03\/fondo-flotta.jpg?id=674) !important;background-position: center !important;background-repeat: no-repeat !important;background-size: cover !important;}&#8221;][vc_column css=&#8221;.vc_custom_1648048605018{padding-top: 3vh !important;padding-bottom: 2vh !important;}&#8221;][vc_row_inner css=&#8221;.vc_custom_1648142377768{background-position: center !important;background-repeat: no-repeat !important;background-size: cover !important;}&#8221;][vc_column_inner width=&#8221;1\/4&#8243;][\/vc_column_inner][vc_column_inner width=&#8221;2\/4&#8243;][vc_custom_heading text=&#8221;Eine Flotte von ausgezeichneten<br \/>\nFahrzeugen&#8221; font_container=&#8221;tag:h2|font_size:44px|text_align:center|color:%23ffffff|line_height:1&#8243; use_theme_fonts=&#8221;yes&#8221; el_class=&#8221;testo-corsivo ponchio&#8221; css=&#8221;.vc_custom_1650980772389{margin-bottom: 30px !important;}&#8221;][vc_column_text css=&#8221;.vc_custom_1650980818715{margin-top: 30px !important;}&#8221;]<\/p>\n<p style=\"text-align: center;\">Vom kleinsten bis zur Limousine, vom Sporlichem bis zum Crossover und dem SUV bis zu Van in der Minibus-Version, Clarent stellt Ihnen neue, kotrollierte und 100% zuverl\u00e4ssige Autos zur Verf\u00fcgung.<\/p>\n<p>[\/vc_column_text][\/vc_column_inner][vc_column_inner width=&#8221;1\/4&#8243;][\/vc_column_inner][\/vc_row_inner][vc_images_carousel images=&#8221;1173,1171,1170,1169,1168,1167,1166,1165,1164,1163,1162,1174,1511&#8243; img_size=&#8221;full&#8221; onclick=&#8221;link_no&#8221; speed=&#8221;2500&#8243; slides_per_view=&#8221;3&#8243; autoplay=&#8221;yes&#8221; hide_pagination_control=&#8221;yes&#8221; wrap=&#8221;yes&#8221; css=&#8221;.vc_custom_1650017273841{margin-top: 100px !important;}&#8221; el_id=&#8221;car-slide&#8221;][vc_btn title=&#8221;Schau dir die flotte an&#8221; style=&#8221;outline&#8221; color=&#8221;white&#8221; align=&#8221;center&#8221; link=&#8221;url:%2Fflotta%2F&#8221; css=&#8221;.vc_custom_1650981208602{margin-top: 30px !important;}&#8221; el_class=&#8221;white-outline&#8221;][\/vc_column][\/vc_row]<\/p>\n","protected":false},"excerpt":{"rendered":"<p>[vc_row full_width=&#8221;stretch_row&#8221; content_placement=&#8221;top&#8221; css_animation=&#8221;flipInY&#8221; css=&#8221;.vc_custom_1669632403690{padding-top: 16vh !important;padding-bottom: 16vh !important;background: #e5e5e5 url(https:\/\/staging.clarent.it\/wp-content\/uploads\/2022\/03\/header-home-1.jpg?id=1534) !important;background-position: center !important;background-repeat: no-repeat !important;background-size: cover !important;}&#8221; el_class=&#8221;stm-background-centered&#8221;][vc_column][vc_custom_heading text=&#8221;Clarent&#8221; font_container=&#8221;tag:h1|text_align:center|color:%2363b133&#8243; use_theme_fonts=&#8221;yes&#8221; el_class=&#8221;testo-corsivo ponchio&#8221; css=&#8221;.vc_custom_1669632412154{margin-bottom: -5px !important;}&#8221;][vc_custom_heading text=&#8221;der Mietwagen, der mit Ihnen reist!&#8221; font_container=&#8221;tag:h1|text_align:center|color:%23ffffff&#8221; use_theme_fonts=&#8221;yes&#8221; el_class=&#8221;testo-corsivo ponchio&#8221; css=&#8221;.vc_custom_1669632442837{margin-top: -10px !important;margin-bottom: 0px !important;}&#8221;][vc_single_image image=&#8221;1538&#8243; img_size=&#8221;large&#8221; alignment=&#8221;center&#8221;][vc_custom_heading text=&#8221;Treten Sie der Clarent-Community bei und Erhalten Sie 10 %&#8230;<\/p>\n","protected":false},"author":1,"featured_media":0,"parent":0,"menu_order":0,"comment_status":"closed","ping_status":"closed","template":"","meta":{"footnotes":""},"class_list":["post-2361","page","type-page","status-publish","hentry"],"_links":{"self":[{"href":"https:\/\/staging.clarent.it\/de\/wp-json\/wp\/v2\/pages\/2361","targetHints":{"allow":["GET"]}}],"collection":[{"href":"https:\/\/staging.clarent.it\/de\/wp-json\/wp\/v2\/pages"}],"about":[{"href":"https:\/\/staging.clarent.it\/de\/wp-json\/wp\/v2\/types\/page"}],"author":[{"embeddable":true,"href":"https:\/\/staging.clarent.it\/de\/wp-json\/wp\/v2\/users\/1"}],"replies":[{"embeddable":true,"href":"https:\/\/staging.clarent.it\/de\/wp-json\/wp\/v2\/comments?post=2361"}],"version-history":[{"count":49,"href":"https:\/\/staging.clarent.it\/de\/wp-json\/wp\/v2\/pages\/2361\/revisions"}],"predecessor-version":[{"id":3712,"href":"https:\/\/staging.clarent.it\/de\/wp-json\/wp\/v2\/pages\/2361\/revisions\/3712"}],"wp:attachment":[{"href":"https:\/\/staging.clarent.it\/de\/wp-json\/wp\/v2\/media?parent=2361"}],"curies":[{"name":"wp","href":"https:\/\/api.w.org\/{rel}","templated":true}]}}