{"id":2336,"date":"2022-03-26T14:53:01","date_gmt":"2022-03-26T14:53:01","guid":{"rendered":"https:\/\/staging.clarent.it\/wo-wir-sind\/"},"modified":"2022-05-17T10:05:38","modified_gmt":"2022-05-17T10:05:38","slug":"wo-wir-sind","status":"publish","type":"page","link":"https:\/\/staging.clarent.it\/de\/wo-wir-sind\/","title":{"rendered":"Wo Wir Sind"},"content":{"rendered":"<p>[vc_row full_width=&#8221;stretch_row&#8221; css=&#8221;.vc_custom_1649759867633{background-color: #0377bf !important;}&#8221;][vc_column el_id=&#8221;form-ricerca&#8221;][stm_rent_car_form align=&#8221;text-center&#8221; css=&#8221;.vc_custom_1649760876228{margin-top: 137px !important;}&#8221;][\/vc_column][\/vc_row][vc_row full_width=&#8221;stretch_row&#8221; content_placement=&#8221;middle&#8221; css_animation=&#8221;flipInY&#8221; css=&#8221;.vc_custom_1648330934374{padding-top: 3vh !important;padding-bottom: 8vh !important;background: #e5e5e5 url(https:\/\/staging.clarent.it\/wp-content\/uploads\/2022\/03\/fondo_header_dove_siamo-.jpg?id=835) !important;background-position: center !important;background-repeat: no-repeat !important;background-size: cover !important;}&#8221; el_class=&#8221;stm-background-centered&#8221;][vc_column width=&#8221;1\/6&#8243;][\/vc_column][vc_column width=&#8221;2\/3&#8243;][vc_custom_heading text=&#8221;Aus der Erfahrung unseres<br \/>\nleistungsf\u00e4higen Netzes der Filialen<br \/>\nvon gestern und delivery point&#8221; font_container=&#8221;tag:h1|text_align:center|color:%23ffffff|line_height:1.1&#8243; use_theme_fonts=&#8221;yes&#8221; el_class=&#8221;testo-corsivo ponchio&#8221;][vc_single_image image=&#8221;833&#8243; img_size=&#8221;800&#215;400&#8243; alignment=&#8221;center&#8221;][vc_column_text css=&#8221;.vc_custom_1648330036362{margin-top: 30px !important;}&#8221; el_class=&#8221;testo-corsivo&#8221;]<\/p>\n<p style=\"text-align: center;\">Clarent ist eine junge Geschellschaft , welche eine setorielle ,famili\u00e4re Aktivit\u00e4t ist, die seit 1982 im Bezirk Giardini-Naxos , Taormina sich weiterentwickel hat. Ausgehend von einem Sitz in der N\u00e4he des Flughafens von Catania mit Interesse f\u00fcr neue Gelegenheiten des markting und der Erweiterung des Gebietes hat sich mit der Schaffung der Filialen und der delivery point ein Netz konkretisiert, welches die zwei gr\u00f6\u00dften St\u00e4dte der Insel und die wichtigsten, turistischen Reiseziele beinhaltet.<\/p>\n<p>[\/vc_column_text][vc_single_image image=&#8221;599&#8243; img_size=&#8221;430&#215;230&#8243; alignment=&#8221;center&#8221;][vc_column_text css=&#8221;.vc_custom_1648330081795{margin-top: 30px !important;}&#8221; el_class=&#8221;testo-corsivo&#8221;]<\/p>\n<p style=\"text-align: center;\">Clarent ist heute in Sizilien jederzeit dazu bereit Bed\u00fcrfnisse zu erhalten und zu befriedigen, welche die Autovermietung betreffen: beachte und organisiere deine Reise und erinnere dich daran , da\u00df du deinen Wagen abholen und in irgend einer Filiale oder delivery point abgeben kannst.<\/p>\n<p>[\/vc_column_text][\/vc_column][vc_column width=&#8221;1\/6&#8243;][\/vc_column][\/vc_row][vc_row full_width=&#8221;stretch_row&#8221; equal_height=&#8221;yes&#8221; content_placement=&#8221;middle&#8221; css=&#8221;.vc_custom_1648331124105{padding-top: 7vh !important;padding-bottom: 7vh !important;background-image: url(https:\/\/staging.clarent.it\/wp-content\/uploads\/2022\/03\/verde-2.png?id=807) !important;background-position: 0 0 !important;background-repeat: repeat !important;}&#8221;][vc_column][vc_custom_heading text=&#8221;Dort finden Sie Clarent<br \/>\nIhre Kurzzeitmiete<br \/>\nin Sizilien&#8221; font_container=&#8221;tag:h2|font_size:44px|text_align:center|color:%23ffffff|line_height:1.1&#8243; use_theme_fonts=&#8221;yes&#8221; css=&#8221;.vc_custom_1648331739596{margin-top: 0px !important;}&#8221; el_class=&#8221;testo-corsivo ponchio&#8221;][vc_row_inner equal_height=&#8221;yes&#8221; content_placement=&#8221;middle&#8221; css=&#8221;.vc_custom_1648331095598{margin-top: 30px !important;}&#8221;][vc_column_inner el_class=&#8221;pushdown&#8221; width=&#8221;1\/2&#8243;][vc_toggle title=&#8221;Catania&#8221; el_class=&#8221;city&#8221; css=&#8221;.vc_custom_1648638939241{margin-top: 20px !important;}&#8221;]<i>Catania hat in 2700 Jahren Geschichte mit Pracht von Epochen durchquert und heute noch beherrscht sie D\u00f6rfer. Ihr Barock mit seinen Kirchen und historischen Geb\u00e4uden. Als einzigartiges Erbe der Menschheit erkl\u00e4rt, dies macht es so besonders. Die K\u00fcste mit seinen Felsen und seinen sandigen Str\u00e4nden erweitert noch die Sch\u00f6nheit. Essen und esquisite Weine fehlen nicht und nur wenige Minuten entfernt ist der \u00c4tner mit seinen Szenen und der Park des \u00c4tners, eine Umgebung \u00fcppig und reich an Farben und D\u00fcften.<\/i>[\/vc_toggle][vc_toggle title=&#8221;Flughafen, Filiale:&#8221; el_class=&#8221;luogo&#8221;]Der Flughafen von Catania -Fontanarossa &#8220;Vincenzo Bellini&#8221;, wo sich die Filiale Clarent befindet ist modern und funktionell und der Wichtigste in S\u00fcditalien und der Dritte in Italien bei Passergierverkehr und der Zweite bei nationalen Verkehr.[\/vc_toggle][vc_column_text el_class=&#8221;indirizzo&#8221;]Via Fontanarossa, 20[\/vc_column_text][\/vc_column_inner][vc_column_inner width=&#8221;1\/2&#8243;][vc_single_image image=&#8221;912&#8243; img_size=&#8221;full&#8221; alignment=&#8221;center&#8221;][\/vc_column_inner][\/vc_row_inner][vc_row_inner equal_height=&#8221;yes&#8221; content_placement=&#8221;middle&#8221; css=&#8221;.vc_custom_1648331081850{margin-top: 30px !important;}&#8221;][vc_column_inner width=&#8221;1\/2&#8243;][vc_single_image image=&#8221;917&#8243; img_size=&#8221;full&#8221; alignment=&#8221;center&#8221;][\/vc_column_inner][vc_column_inner width=&#8221;1\/2&#8243;][vc_toggle title=&#8221;Palermo&#8221; el_class=&#8221;city&#8221; css=&#8221;.vc_custom_1648638948722{margin-top: 20px !important;}&#8221;]Palermo, Hauptstadt von Sizilien sticht heraus wegen seiner zahlreichen geschichtlichen Geb\u00e4uden, wie die Kathedrale und den zahlreichen Kirchen, das Theater Massimo, den normannischen Palast und der pf\u00e4lzischen Kapelle. Charakterlich und voll Leben und sehr ber\u00fchmt sind die typischen M\u00e4rkte in der Strasse Ballaro\u02bc und Vucciria. Die Stadt ist auch bekannt und beliebt wegen ihrer Delikatessen und den Weinen.[\/vc_toggle][vc_toggle title=&#8221;Hafen, Filiale:&#8221; el_class=&#8221;luogo&#8221;]Der Hafen von Palermo, wo sich die Filiale Clarent befindet ist einer der gr\u00f6\u00dften f\u00fcr Passergierverkehr und der weiteste des Mittelmeers und ist auch einer der sch\u00f6nsten und nat\u00fcrlichsten Hafen Europas.[\/vc_toggle][vc_column_text el_class=&#8221;indirizzo&#8221;]Via Mariano Stabile 4[\/vc_column_text][vc_toggle title=&#8221;Flughafen, delivery point:&#8221; el_class=&#8221;luogo&#8221;]<\/p>\n<p class=\"p1\">Der internationale Flughafen &#8220;Falcone und Borsellino&#8221; di Palermo punta Rais, dort befindet sich in der N\u00e4he ein delivery point Clarent, er ist der g\u00f6\u00dfte des Mittags f\u00fcr seine zahlreichen Passagiere und seit 2021 am 5. Platz der Flughafen Italiens f\u00fcr Passegierverkehr.<\/p>\n<p>[\/vc_toggle][vc_column_text el_class=&#8221;indirizzo&#8221;]Parkplatz Valle Cera, Via Valle Cera 13, Villa Grazia di Carini[\/vc_column_text][\/vc_column_inner][\/vc_row_inner][vc_row_inner equal_height=&#8221;yes&#8221; content_placement=&#8221;middle&#8221; css=&#8221;.vc_custom_1648331095598{margin-top: 30px !important;}&#8221;][vc_column_inner el_class=&#8221;pushdown&#8221; width=&#8221;1\/2&#8243;][vc_toggle title=&#8221;Taormina&#8221; el_class=&#8221;city&#8221; css=&#8221;.vc_custom_1650362608676{margin-top: 20px !important;}&#8221;]<i>Von griechischen Kolonnen gegr\u00fcndet, beliebt von einigen Schriftstellern und ber\u00fchmten K\u00fcnztlern ist es seit Jahrzehnten das Zentrum des internationalen Turismus, Taormina faztiniert mit seinen Stra\u00dfen, seiner nat\u00fcrlichen Sch\u00f6nheit, seinem Meer und der strahlenden Isola Bella, seinen Pal\u00e4sten und den Monumenten und den Orten der Geschichte, wobei das zauberhafte antike Theater heraussticht.<\/i>[\/vc_toggle][vc_column_text el_class=&#8221;luogo&#8221; css=&#8221;.vc_custom_1650638572256{margin-left: 56px !important;}&#8221;]<\/p>\n<h4>Delivery point:<\/h4>\n<p>[\/vc_column_text][vc_column_text el_class=&#8221;indirizzo&#8221;]Via Apollo Arcageta 12[\/vc_column_text][\/vc_column_inner][vc_column_inner width=&#8221;1\/2&#8243;][vc_single_image image=&#8221;919&#8243; img_size=&#8221;full&#8221; alignment=&#8221;center&#8221;][\/vc_column_inner][\/vc_row_inner][vc_row_inner equal_height=&#8221;yes&#8221; content_placement=&#8221;middle&#8221; css=&#8221;.vc_custom_1648331095598{margin-top: 30px !important;}&#8221;][vc_column_inner width=&#8221;1\/2&#8243;][vc_single_image image=&#8221;915&#8243; img_size=&#8221;full&#8221; alignment=&#8221;center&#8221;][\/vc_column_inner][vc_column_inner width=&#8221;1\/2&#8243;][vc_toggle title=&#8221;Giardini Naxos&#8221; el_class=&#8221;city&#8221; css=&#8221;.vc_custom_1648638971818{margin-top: 20px !important;}&#8221;]<i> Von den Griechen vor einen halben Jarhundert gegr\u00fcndetes Fischerdorf, dass Dank ihrer Str\u00e4nde und des strahlenden Meeres in der Bucht zu \u00fcberblicken ist .Giardini Naxos ist heute ein sehr besuchtes Reiseziel. Der Ort mit seiner Verl\u00e4gerung der Promenade begleitet und entpf\u00e4ngt Pl\u00e4tze und historische Stra\u00dfen. <\/i>[\/vc_toggle][vc_column_text el_class=&#8221;luogo&#8221; css=&#8221;.vc_custom_1648637333449{margin-left: 56px !important;}&#8221;]<\/p>\n<h4>Filiale und Hauptsitz:<\/h4>\n<p>[\/vc_column_text][vc_column_text el_class=&#8221;indirizzo&#8221;]Via Dalmazia, 8[\/vc_column_text][\/vc_column_inner][\/vc_row_inner][\/vc_column][\/vc_row]<\/p>\n","protected":false},"excerpt":{"rendered":"<p>[vc_row full_width=&#8221;stretch_row&#8221; css=&#8221;.vc_custom_1649759867633{background-color: #0377bf !important;}&#8221;][vc_column el_id=&#8221;form-ricerca&#8221;][stm_rent_car_form align=&#8221;text-center&#8221; css=&#8221;.vc_custom_1649760876228{margin-top: 137px !important;}&#8221;][\/vc_column][\/vc_row][vc_row full_width=&#8221;stretch_row&#8221; content_placement=&#8221;middle&#8221; css_animation=&#8221;flipInY&#8221; css=&#8221;.vc_custom_1648330934374{padding-top: 3vh !important;padding-bottom: 8vh !important;background: #e5e5e5 url(https:\/\/staging.clarent.it\/wp-content\/uploads\/2022\/03\/fondo_header_dove_siamo-.jpg?id=835) !important;background-position: center !important;background-repeat: no-repeat !important;background-size: cover !important;}&#8221; el_class=&#8221;stm-background-centered&#8221;][vc_column width=&#8221;1\/6&#8243;][\/vc_column][vc_column width=&#8221;2\/3&#8243;][vc_custom_heading text=&#8221;Aus der Erfahrung unseres leistungsf\u00e4higen Netzes der Filialen von gestern und delivery point&#8221; font_container=&#8221;tag:h1|text_align:center|color:%23ffffff|line_height:1.1&#8243; use_theme_fonts=&#8221;yes&#8221; el_class=&#8221;testo-corsivo ponchio&#8221;][vc_single_image image=&#8221;833&#8243; img_size=&#8221;800&#215;400&#8243; alignment=&#8221;center&#8221;][vc_column_text css=&#8221;.vc_custom_1648330036362{margin-top: 30px !important;}&#8221; el_class=&#8221;testo-corsivo&#8221;] Clarent&#8230;<\/p>\n","protected":false},"author":1,"featured_media":0,"parent":0,"menu_order":0,"comment_status":"closed","ping_status":"closed","template":"","meta":{"footnotes":""},"class_list":["post-2336","page","type-page","status-publish","hentry"],"_links":{"self":[{"href":"https:\/\/staging.clarent.it\/de\/wp-json\/wp\/v2\/pages\/2336","targetHints":{"allow":["GET"]}}],"collection":[{"href":"https:\/\/staging.clarent.it\/de\/wp-json\/wp\/v2\/pages"}],"about":[{"href":"https:\/\/staging.clarent.it\/de\/wp-json\/wp\/v2\/types\/page"}],"author":[{"embeddable":true,"href":"https:\/\/staging.clarent.it\/de\/wp-json\/wp\/v2\/users\/1"}],"replies":[{"embeddable":true,"href":"https:\/\/staging.clarent.it\/de\/wp-json\/wp\/v2\/comments?post=2336"}],"version-history":[{"count":13,"href":"https:\/\/staging.clarent.it\/de\/wp-json\/wp\/v2\/pages\/2336\/revisions"}],"predecessor-version":[{"id":2350,"href":"https:\/\/staging.clarent.it\/de\/wp-json\/wp\/v2\/pages\/2336\/revisions\/2350"}],"wp:attachment":[{"href":"https:\/\/staging.clarent.it\/de\/wp-json\/wp\/v2\/media?parent=2336"}],"curies":[{"name":"wp","href":"https:\/\/api.w.org\/{rel}","templated":true}]}}