{"id":2333,"date":"2022-03-26T21:22:31","date_gmt":"2022-03-26T21:22:31","guid":{"rendered":"https:\/\/staging.clarent.it\/konventionen\/"},"modified":"2022-05-17T10:06:04","modified_gmt":"2022-05-17T10:06:04","slug":"konventionen","status":"publish","type":"page","link":"https:\/\/staging.clarent.it\/de\/konventionen\/","title":{"rendered":"Konventionen"},"content":{"rendered":"<p>[vc_row full_width=&#8221;stretch_row&#8221; css=&#8221;.vc_custom_1649761048176{padding-top: 137px !important;background-color: #0377bf !important;}&#8221;][vc_column el_id=&#8221;form-ricerca&#8221;][stm_rent_car_form align=&#8221;text-center&#8221;][\/vc_column][\/vc_row][vc_row full_width=&#8221;stretch_row&#8221; content_placement=&#8221;middle&#8221; css_animation=&#8221;flipInY&#8221; css=&#8221;.vc_custom_1648307208374{padding-top: 10vh !important;padding-bottom: 10vh !important;background: #e5e5e5 url(https:\/\/staging.clarent.it\/wp-content\/uploads\/2022\/03\/fondo-header-agenzia-1.jpg?id=802) !important;background-position: center !important;background-repeat: no-repeat !important;background-size: cover !important;}&#8221; el_class=&#8221;stm-background-centered&#8221;][vc_column width=&#8221;1\/3&#8243;][vc_single_image image=&#8221;804&#8243; img_size=&#8221;350&#215;400&#8243; alignment=&#8221;center&#8221;][\/vc_column][vc_column width=&#8221;2\/3&#8243;][vc_custom_heading text=&#8221;Den Reiseagenturen<br \/>\nbietet Clarent,<br \/>\nBequemlichkeit, Schnelligkeit und Sicherheit&#8221; font_container=&#8221;tag:h1|text_align:right|color:%23ffffff&#8221; use_theme_fonts=&#8221;yes&#8221; el_class=&#8221;testo-corsivo ponchio&#8221; css=&#8221;.vc_custom_1648307161383{margin-top: 40px !important;margin-bottom: 0px !important;}&#8221;][vc_column_text css=&#8221;.vc_custom_1650015946278{margin-top: 30px !important;}&#8221; el_class=&#8221;testo-corsivo&#8221;]<\/p>\n<p style=\"text-align: right;\">Wenn du der F\u00fchrer eines Reiseb\u00fcros bist und auf der Suche eines zuverl\u00e4\u00dfigen Partners , welcher glatt und sofort den Mobilit\u00e4tsbedarf seiner Kunden l\u00f6st und sein Service sch\u00e4tzt, ist es der Moment Clarent als Partner zu w\u00e4hlen. Clarent ist die sizilianische Autovermietung, die Qualit\u00e4t zu ihrem Erfolgsmerkmal macht und die immer bereit ist, zuzuh\u00f6ren und die Bed\u00fcrfnisse derer zu erf\u00fcllen, die ihr vertrauen.<\/p>\n<p>[\/vc_column_text][\/vc_column][\/vc_row][vc_row full_width=&#8221;stretch_row&#8221; content_placement=&#8221;middle&#8221; css=&#8221;.vc_custom_1648308950910{padding-bottom: 7vh !important;background-image: url(https:\/\/staging.clarent.it\/wp-content\/uploads\/2022\/03\/verde-2.png?id=807) !important;background-position: 0 0 !important;background-repeat: repeat !important;}&#8221;][vc_column css=&#8221;.vc_custom_1648048622201{padding-top: 8vh !important;padding-bottom: 4vh !important;}&#8221;][vc_single_image image=&#8221;806&#8243; img_size=&#8221;600&#215;180&#8243; alignment=&#8221;center&#8221;][vc_custom_heading text=&#8221;Unsere St\u00e4rken&#8221; font_container=&#8221;tag:h2|font_size:44px|text_align:center|color:%23ffffff|line_height:1.2&#8243; use_theme_fonts=&#8221;yes&#8221; css=&#8221;.vc_custom_1648310119488{margin-top: 0px !important;margin-bottom: 0px !important;padding-bottom: 0px !important;}&#8221; el_class=&#8221;testo-corsivo ponchio&#8221;][vc_row_inner content_placement=&#8221;middle&#8221; css=&#8221;.vc_custom_1648309379985{margin-bottom: -20px !important;padding-bottom: 0px !important;}&#8221; el_id=&#8221;icone&#8221;][vc_column_inner width=&#8221;1\/2&#8243;][stm_icon_box icon=&#8221;stm-service-icon-shield_check&#8221; icon_size=&#8221;20px&#8221; css_icon=&#8221;.vc_custom_1648310022346{background-image: url(https:\/\/staging.clarent.it\/wp-content\/uploads\/2022\/03\/check.png?id=808) !important;background-position: center !important;background-repeat: no-repeat !important;background-size: contain !important;}&#8221; icon_color=&#8221;rgba(0,0,0,0.01)&#8221; content_font_size=&#8221;22px&#8221; content_font_weight=&#8221;900&#8243; line_height=&#8221;1.3&#8243; title=&#8221;Jahrzehnte lange Erfahrung im lokalen Bereich&#8221; box_text_color=&#8221;#ffffff&#8221; css=&#8221;.vc_custom_1648310022347{margin-top: 30px !important;margin-bottom: 0px !important;padding-top: 0px !important;padding-bottom: 0px !important;}&#8221;][\/stm_icon_box][stm_icon_box icon=&#8221;stm-service-icon-shield_check&#8221; icon_size=&#8221;20px&#8221; css_icon=&#8221;.vc_custom_1648310013266{background-image: url(https:\/\/staging.clarent.it\/wp-content\/uploads\/2022\/03\/check.png?id=808) !important;background-position: center !important;background-repeat: no-repeat !important;background-size: contain !important;}&#8221; icon_color=&#8221;rgba(0,0,0,0.01)&#8221; content_font_size=&#8221;22px&#8221; content_font_weight=&#8221;900&#8243; line_height=&#8221;1.3&#8243; title=&#8221;Klare Tarife mit Ein-und Ausschl\u00fcssen&#8221; box_text_color=&#8221;#ffffff&#8221; css=&#8221;.vc_custom_1648310013267{margin-top: 30px !important;margin-bottom: 0px !important;padding-top: 0px !important;padding-bottom: 0px !important;}&#8221;][\/stm_icon_box][stm_icon_box icon=&#8221;stm-service-icon-shield_check&#8221; icon_size=&#8221;20px&#8221; css_icon=&#8221;.vc_custom_1648310031829{background-image: url(https:\/\/staging.clarent.it\/wp-content\/uploads\/2022\/03\/check.png?id=808) !important;background-position: center !important;background-repeat: no-repeat !important;background-size: contain !important;}&#8221; icon_color=&#8221;rgba(0,0,0,0.01)&#8221; content_font_size=&#8221;22px&#8221; content_font_weight=&#8221;600&#8243; line_height=&#8221;1.3&#8243; title=&#8221;Schnelle und automatische Provisionserkennung&#8221; box_text_color=&#8221;#ffffff&#8221; css=&#8221;.vc_custom_1648310031830{margin-top: 30px !important;margin-bottom: 0px !important;padding-top: 0px !important;padding-bottom: 0px !important;}&#8221;][\/stm_icon_box][stm_icon_box icon=&#8221;stm-service-icon-shield_check&#8221; icon_size=&#8221;20px&#8221; css_icon=&#8221;.vc_custom_1648310041245{background-image: url(https:\/\/staging.clarent.it\/wp-content\/uploads\/2022\/03\/check.png?id=808) !important;background-position: center !important;background-repeat: no-repeat !important;background-size: contain !important;}&#8221; icon_color=&#8221;rgba(0,0,0,0.01)&#8221; content_font_size=&#8221;22px&#8221; content_font_weight=&#8221;600&#8243; line_height=&#8221;1.3&#8243; title=&#8221;Weiterleitungsoption der Email mit Best\u00e4tigung f\u00fcr den Kunden&#8221; box_text_color=&#8221;#ffffff&#8221; css=&#8221;.vc_custom_1648310041246{margin-top: 30px !important;margin-bottom: 0px !important;padding-top: 0px !important;padding-bottom: 0px !important;}&#8221;][\/stm_icon_box][\/vc_column_inner][vc_column_inner width=&#8221;1\/2&#8243;][stm_icon_box icon=&#8221;stm-service-icon-shield_check&#8221; icon_size=&#8221;20px&#8221; css_icon=&#8221;.vc_custom_1648310052162{background-image: url(https:\/\/staging.clarent.it\/wp-content\/uploads\/2022\/03\/check.png?id=808) !important;background-position: center !important;background-repeat: no-repeat !important;background-size: contain !important;}&#8221; icon_color=&#8221;rgba(0,0,0,0.01)&#8221; content_font_size=&#8221;22px&#8221; content_font_weight=&#8221;600&#8243; line_height=&#8221;1.3&#8243; title=&#8221;Flexibel und kundengerechte Dienstleistungen nach Ma\u00df&#8221; box_text_color=&#8221;#ffffff&#8221; css=&#8221;.vc_custom_1648310052163{margin-top: 30px !important;margin-bottom: 0px !important;padding-top: 0px !important;padding-bottom: 0px !important;}&#8221;][\/stm_icon_box][stm_icon_box icon=&#8221;stm-service-icon-shield_check&#8221; icon_size=&#8221;20px&#8221; css_icon=&#8221;.vc_custom_1648310061361{background-image: url(https:\/\/staging.clarent.it\/wp-content\/uploads\/2022\/03\/check.png?id=808) !important;background-position: center !important;background-repeat: no-repeat !important;background-size: contain !important;}&#8221; icon_color=&#8221;rgba(0,0,0,0.01)&#8221; content_font_size=&#8221;22px&#8221; content_font_weight=&#8221;600&#8243; line_height=&#8221;1.3&#8243; title=&#8221;Annahme des besten Tarifs der Buchungsurkunde&#8221; box_text_color=&#8221;#ffffff&#8221; css=&#8221;.vc_custom_1648310061362{margin-top: 30px !important;margin-bottom: 0px !important;padding-top: 0px !important;padding-bottom: 0px !important;}&#8221;][\/stm_icon_box][stm_icon_box icon=&#8221;stm-service-icon-shield_check&#8221; icon_size=&#8221;20px&#8221; css_icon=&#8221;.vc_custom_1648310073611{background-image: url(https:\/\/staging.clarent.it\/wp-content\/uploads\/2022\/03\/check.png?id=808) !important;background-position: center !important;background-repeat: no-repeat !important;background-size: contain !important;}&#8221; icon_color=&#8221;rgba(0,0,0,0.01)&#8221; content_font_size=&#8221;22px&#8221; content_font_weight=&#8221;600&#8243; line_height=&#8221;1.3&#8243; title=&#8221;Buchungsbest\u00e4tigung on line und Email&#8221; box_text_color=&#8221;#ffffff&#8221; css=&#8221;.vc_custom_1648310073612{margin-top: 30px !important;margin-bottom: 0px !important;padding-top: 0px !important;padding-bottom: 0px !important;}&#8221;][\/stm_icon_box][stm_icon_box icon=&#8221;stm-service-icon-shield_check&#8221; icon_size=&#8221;20px&#8221; css_icon=&#8221;.vc_custom_1648310083776{background-image: url(https:\/\/staging.clarent.it\/wp-content\/uploads\/2022\/03\/check.png?id=808) !important;background-position: center !important;background-repeat: no-repeat !important;background-size: contain !important;}&#8221; icon_color=&#8221;rgba(0,0,0,0.01)&#8221; content_font_size=&#8221;22px&#8221; content_font_weight=&#8221;600&#8243; line_height=&#8221;1.3&#8243; title=&#8221;St\u00e4ndige und effektive kaufm\u00e4nnische Unterst\u00fctzung&#8221; box_text_color=&#8221;#ffffff&#8221; css=&#8221;.vc_custom_1648310083778{margin-top: 30px !important;margin-bottom: 0px !important;padding-top: 0px !important;padding-bottom: 0px !important;}&#8221;][\/stm_icon_box][\/vc_column_inner][\/vc_row_inner][\/vc_column][\/vc_row][vc_row full_width=&#8221;stretch_row&#8221; css=&#8221;.vc_custom_1648311270127{border-bottom-width: 1px !important;padding-top: 3vh !important;padding-bottom: 4vh !important;background-color: #031533 !important;background-position: center !important;background-repeat: no-repeat !important;background-size: cover !important;border-bottom-color: #62b12f !important;border-bottom-style: solid !important;}&#8221;][vc_column css=&#8221;.vc_custom_1648048605018{padding-top: 3vh !important;padding-bottom: 2vh !important;}&#8221;][vc_row_inner content_placement=&#8221;middle&#8221;][vc_column_inner][vc_single_image image=&#8221;819&#8243; img_size=&#8221;400&#215;200&#8243; alignment=&#8221;center&#8221; css=&#8221;.vc_custom_1648310998515{margin-bottom: 30px !important;padding-bottom: 0px !important;}&#8221;][vc_custom_heading text=&#8221;Telefoniere mit uns sofort oder sende eine Email,&#8221; font_container=&#8221;tag:h2|font_size:44px|text_align:center|color:%23ffffff|line_height:1.2&#8243; use_theme_fonts=&#8221;yes&#8221; el_class=&#8221;testo-corsivo ponchio&#8221; css=&#8221;.vc_custom_1648310583852{margin-top: 0px !important;margin-bottom: 0px !important;padding-top: 0px !important;padding-bottom: 0px !important;}&#8221;][\/vc_column_inner][\/vc_row_inner][vc_row_inner css=&#8221;.vc_custom_1648310626245{margin-top: 10px !important;}&#8221;][vc_column_inner width=&#8221;1\/6&#8243;][\/vc_column_inner][vc_column_inner width=&#8221;2\/3&#8243; css=&#8221;.vc_custom_1648310600046{margin-top: 0px !important;padding-top: 0px !important;}&#8221;][vc_column_text css=&#8221;.vc_custom_1648310568303{margin-top: 0px !important;padding-top: 0px !important;}&#8221;]<\/p>\n<p style=\"text-align: center;\">fordern sie sofort einen Besuch von unseren Vertretern an, um Information und pr\u00e4zise und vollst\u00e4ndige Antworten auf Fragen und den Vorteilen einer Partnerschaft zu erhalten.<\/p>\n<p>[\/vc_column_text][\/vc_column_inner][vc_column_inner width=&#8221;1\/6&#8243;][\/vc_column_inner][\/vc_row_inner][vc_row_inner content_placement=&#8221;middle&#8221; css=&#8221;.vc_custom_1648311215659{margin-top: 30px !important;}&#8221;][vc_column_inner width=&#8221;1\/2&#8243;][vc_custom_heading text=&#8221;+39 095 2292737&#8243; font_container=&#8221;tag:h3|font_size:26px|text_align:center|color:%23ffffff|line_height:1.2&#8243; use_theme_fonts=&#8221;yes&#8221; el_class=&#8221;testo-corsivo ponchio&#8221; css=&#8221;.vc_custom_1648310695530{margin-top: 0px !important;margin-bottom: 0px !important;padding-bottom: 0px !important;}&#8221;][vc_btn title=&#8221;Rufe die Nummer&#8221; style=&#8221;outline&#8221; color=&#8221;white&#8221; align=&#8221;center&#8221; link=&#8221;url:tel%3A%2B390952292737|&#8221; css=&#8221;.vc_custom_1648311223728{margin-top: 10px !important;margin-bottom: 30px !important;}&#8221; el_class=&#8221;white-outline&#8221;][\/vc_column_inner][vc_column_inner width=&#8221;1\/2&#8243;][vc_custom_heading text=&#8221;partner@clarent.it&#8221; font_container=&#8221;tag:h3|font_size:26px|text_align:center|color:%23ffffff|line_height:1.2&#8243; use_theme_fonts=&#8221;yes&#8221; el_class=&#8221;testo-corsivo ponchio&#8221; css=&#8221;.vc_custom_1648310684731{margin-top: 0px !important;margin-bottom: 0px !important;padding-bottom: 0px !important;}&#8221;][vc_btn title=&#8221;Schreibe uns&#8221; style=&#8221;outline&#8221; color=&#8221;white&#8221; align=&#8221;center&#8221; link=&#8221;url:mailto%3Apartner%40clarent.it|&#8221; css=&#8221;.vc_custom_1648311233649{margin-top: 10px !important;margin-bottom: 30px !important;}&#8221; el_class=&#8221;white-outline&#8221;][\/vc_column_inner][\/vc_row_inner][\/vc_column][\/vc_row]<\/p>\n","protected":false},"excerpt":{"rendered":"<p>[vc_row full_width=&#8221;stretch_row&#8221; css=&#8221;.vc_custom_1649761048176{padding-top: 137px !important;background-color: #0377bf !important;}&#8221;][vc_column el_id=&#8221;form-ricerca&#8221;][stm_rent_car_form align=&#8221;text-center&#8221;][\/vc_column][\/vc_row][vc_row full_width=&#8221;stretch_row&#8221; content_placement=&#8221;middle&#8221; css_animation=&#8221;flipInY&#8221; css=&#8221;.vc_custom_1648307208374{padding-top: 10vh !important;padding-bottom: 10vh !important;background: #e5e5e5 url(https:\/\/staging.clarent.it\/wp-content\/uploads\/2022\/03\/fondo-header-agenzia-1.jpg?id=802) !important;background-position: center !important;background-repeat: no-repeat !important;background-size: cover !important;}&#8221; el_class=&#8221;stm-background-centered&#8221;][vc_column width=&#8221;1\/3&#8243;][vc_single_image image=&#8221;804&#8243; img_size=&#8221;350&#215;400&#8243; alignment=&#8221;center&#8221;][\/vc_column][vc_column width=&#8221;2\/3&#8243;][vc_custom_heading text=&#8221;Den Reiseagenturen bietet Clarent, Bequemlichkeit, Schnelligkeit und Sicherheit&#8221; font_container=&#8221;tag:h1|text_align:right|color:%23ffffff&#8221; use_theme_fonts=&#8221;yes&#8221; el_class=&#8221;testo-corsivo ponchio&#8221; css=&#8221;.vc_custom_1648307161383{margin-top: 40px !important;margin-bottom: 0px !important;}&#8221;][vc_column_text css=&#8221;.vc_custom_1650015946278{margin-top: 30px !important;}&#8221; el_class=&#8221;testo-corsivo&#8221;] Wenn du&#8230;<\/p>\n","protected":false},"author":1,"featured_media":0,"parent":0,"menu_order":0,"comment_status":"closed","ping_status":"closed","template":"","meta":{"footnotes":""},"class_list":["post-2333","page","type-page","status-publish","hentry"],"_links":{"self":[{"href":"https:\/\/staging.clarent.it\/de\/wp-json\/wp\/v2\/pages\/2333","targetHints":{"allow":["GET"]}}],"collection":[{"href":"https:\/\/staging.clarent.it\/de\/wp-json\/wp\/v2\/pages"}],"about":[{"href":"https:\/\/staging.clarent.it\/de\/wp-json\/wp\/v2\/types\/page"}],"author":[{"embeddable":true,"href":"https:\/\/staging.clarent.it\/de\/wp-json\/wp\/v2\/users\/1"}],"replies":[{"embeddable":true,"href":"https:\/\/staging.clarent.it\/de\/wp-json\/wp\/v2\/comments?post=2333"}],"version-history":[{"count":3,"href":"https:\/\/staging.clarent.it\/de\/wp-json\/wp\/v2\/pages\/2333\/revisions"}],"predecessor-version":[{"id":2351,"href":"https:\/\/staging.clarent.it\/de\/wp-json\/wp\/v2\/pages\/2333\/revisions\/2351"}],"wp:attachment":[{"href":"https:\/\/staging.clarent.it\/de\/wp-json\/wp\/v2\/media?parent=2333"}],"curies":[{"name":"wp","href":"https:\/\/api.w.org\/{rel}","templated":true}]}}