{"id":2321,"date":"2022-04-01T08:43:05","date_gmt":"2022-04-01T08:43:05","guid":{"rendered":"https:\/\/staging.clarent.it\/bedingungen\/"},"modified":"2022-05-31T08:06:39","modified_gmt":"2022-05-31T08:06:39","slug":"bedingungen","status":"publish","type":"page","link":"https:\/\/staging.clarent.it\/de\/bedingungen\/","title":{"rendered":"Bedingungen"},"content":{"rendered":"<p>[vc_row full_width=&#8221;stretch_row&#8221; css=&#8221;.vc_custom_1650552996495{padding-top: 150px !important;padding-bottom: 7vh !important;background-image: url(https:\/\/staging.clarent.it\/wp-content\/uploads\/2022\/03\/verde-2.png?id=807) !important;}&#8221; el_id=&#8221;Mietbedingungen&#8221;][vc_column][vc_column_text]<\/p>\n<h1><span style=\"color: #ffffff;\">Mietbedingungen<\/span><\/h1>\n<p>[\/vc_column_text][vc_column_text]Bei Miete aller Fahrzeuge durch Clarent (darunter der Vermieter) gelten die Mietbedingungen der Datenschutzerkl\u00e4rung (nachfolgend mitgeteilt )und das vom Kunden unterschriebene Vertragsschreiben (nachfolgend des Kunden) zum Zeitpunkt der Anmietung , welcher erkl\u00e4rt alles gelesen zu haben und sich dessen voll bewu\u00dft ist.<\/p>\n<p><strong>Art. 1 Zugangsvoraussetzungen zur Mietung<\/strong><\/p>\n<p>Sowohl der Kunde als auch jeder Fahrer der berechtigt ist das gemietete Fahrzeug zu fahren, wie im Vertrag angegeben, sie verpflichten sich alle Informationen bereitzustellen, welche vom Vermieter angefordert werden, indem sie keine falschen Angaben machen. Der Kunde und die im Mietvertrag angef\u00fchrten Fahrer m\u00fcssen in Besitz eines geeigneten F\u00fchrerscheins sein um das gemietete Fahrzeug zu fahren, ausgestellt mindestens vor 12 Monaten. Fahrer zwischen 21 und 25 Jahren und \u00fcber 75 Jahren ist der Zugang zum Mietwagen gegen eines Tageszuschlages gestattet.<\/p>\n<p><strong>Art. 2 Versicherungsschutz R.C.A.<\/strong><\/p>\n<p>Der Vermieter garantiert , dass alle Fahrzeuge der Firma Clarent im Rahmen der geltenden Gesetze und Vorschriften versichert sind. Die Police deckt keine Sch\u00e4den ab, die der Fahrer im Rahmen seiner zivilrechtlichen Haftung f\u00fcr Sch\u00e4den an transportierten Tieren erleidet, genauso wenig wie Sch\u00e4den die durch Nichtbeachtung von Verkehrsbehinderungs-oder Gefahrenzeichen entstehen. Dar\u00fcber hinaus deckt sie die zivilrechtliche Haftung des Fahrers f\u00fcr Sch\u00e4den ab, die durch bef\u00f6rderte Dritte verursacht werden, sofern es sich nicht um Familienangeh\u00f6rige des Kunden oder des Fahrers handelt: wie in der Versicherungspolice angegeben mit deren Klausel sich der Kunde einverstanden erkl\u00e4rt, und sich somit verpflichtet diese zu respektieren. In Schadensfall hat der Kunde den Vermieter unverz\u00fcglich zu informieren und das C.A.I. Formular vollst\u00e4ndig auszuf\u00fcllen (feundschaftliche Unfallaufkl\u00e4rung) welches sie im Fahrzeug finden, korrekte Angaben der Namen und Adressen der Parteien und etwaiiger Zeugen, Bereitstellung von n\u00fctzlichen Informationen f\u00fcr den Vermieter durch schnellstm\u00f6gliche Zusendung der Unterlagen, sp\u00e4testens jedoch innerhalb von 24 Stunden, und mit Befolgung der Anweisungen des Vermieters bez\u00fcglich der Verwahrung der Panne des Mietfahrzeuges. Der Vermieter beh\u00e4lt sich das Recht vor,Anspr\u00fcche gegen den Kunden geltend zu machen, falls das oben genannte nicht eingehalten wird.<\/p>\n<p><strong>Art. 3 Treibstoff<\/strong><\/p>\n<p>Der Kunde ist verpflichtet das Fahrzeug mit der gleichen Kraftstoffmenge zu \u00fcbergeben, die zu Beginn der Anmietung vorhanden ist. Sollte der Kunde das Fahrzeug mit einem anderen, als urspr\u00fcnglichen Kraftstoff zur\u00fcckgeben, ist der Vermieter berechtigt die Kosten f\u00fcr denService und die fehlenden Liter je nach Kategorie des gemieteten Fahrzeugs anzurechnen.<\/p>\n<p><strong>Art. 4 Zahlungsmethoden f\u00fcr Reservierungen<\/strong><\/p>\n<p>Die Bezahlung der Miete wird w\u00e4hrend der Vertragsphase zwischen Vermieter und Kunde vereinbart und wird mit den g\u00e4ngigen Kreditkarten oder Geldautomatenkarte oder Barzahlung durchgef\u00fchrt. Im Falle einer online-Buchung mu\u00df der Kunde eine Kreditkarte als Garantie angeben. Im Fall einer Stornierung ist Clarent berechtigt einen Betrag als Entsch\u00e4digungsstrafe auf folgende Weise zu zahlen:<\/p>\n<ol>\n<li>30% des Gesamtbetrages der gebuchten Miete im Falle einer Stornierung 15 Tage vor dem R\u00fccktritt;<\/li>\n<li>50% wenn die Stornierung 7 Tage vor dem R\u00fccktritt erfolgt. Bei einer Stornierung ab 6 Tagen vor der Abholung beh\u00e4lt sich Clarent das Recht vor, den gesamten Betrag in Rechung zu stellen. Der Kunde erm\u00e4chtigt den Vermieter ausdr\u00fccklich diesen Betrag von der im Buchungsvorgang angegebenen Kreditkarte zu \u00fcberweisen. Die auf der Webseite des Vermieters (<a href=\"https:\/\/staging.clarent.it\/de\/\">www.clarent.it<\/a>) gebuchte Reservierung mit der Nutzung des Sonderpreises, mu\u00df sofort der volle Betrag bezahlt werden. Dieser Betrag ist nicht zur\u00fcckzahlbar im Falle einer Stornierung. Eine Alternative ist die in Anspruchnahme des Vor-Ort-Bezahlungsverfahren bei Vertragsabschlu\u00df m\u00f6glich. Der Kunde verpflichtet sich dem Vermieter als Garantie eine Kreditkarte vorzulegen, letzterer f\u00fchrt die damit verbundene Vorautorisierung als Sicherheitsleistung durch, wie vereinbart. Mit der Angabe1 der Kreditkartendaten erm\u00e4chtigt der Kunde den Vermieter, die danach und in der Folge f\u00e4lligen Geb\u00fchren in Folge der Anmietung und Kollision, bei der R\u00fcckgabe festgestellten Sch\u00e4den, zu den selbstbehaltenen und entwaiigen Ausgaben aus denen sie am Ende der Miete hervorgehen k\u00f6nnen, sowie irgend welche Kratzer die Nachts nicht sichbar sind, praktische Verwaltungskosten im Schadensfall, Strafgelder, Auobahngeb\u00fchren usw. anzurechnen. Dem Vermieter steht es frei eine andere Kaution als die der Kreditenkarte als wesentliche vertragliche Garantie zu verlangen, welche am Ende der Miete zur\u00fcckgegeben wird. Reduziert auf den Betrag den der Kunde schuldet.<\/li>\n<\/ol>\n<p><strong>Art. 5 Nutzungsbedingungen des Fahrzeugs<\/strong><\/p>\n<p>Der Kunde erkennt an, da\u00df er keine dinglichen Rechte an dem Fahrzeug hat und verpflichtet sich das Fahrzeug samt Zubeh\u00f6r zu fahren und zu verrechnen unter gewissenhafter Einhaltung aller gesetzlichen Bestimmungen eben so gut wie:<\/p>\n<ol>\n<li>nicht das Auto zu untermieten oder vermieten;<\/li>\n<li>das F\u00fchren des Fahrzeugs nicht an andere Personen als die im Vertrag stehenden berechtigten anzuvertrauen;<\/li>\n<li>Ohne schriftliche Zustimmung des Vermieters keine Reparaturarbeiten am Mietfahrzeug vorzunehmen;<\/li>\n<li>Den Vermieter unverz\u00fcglich \u00fcber Pannen oder Anomalien des Fahrzeuges zu informieren, Unterbrechung der Zirkulation dessen, und beobachten sie die Anweisung des Vermieters bez\u00fcglich des Austauschs oder der R\u00fcckgabe des Autos;<\/li>\n<li>Betanken sie das Auto mit dem richtigen Kraftstoff, auch die gewissenhafte Instandhaltung, Fl\u00fcssigkeitsstand pr\u00fcfen und gegebenfalls durchf\u00fchren, auch die passenden Aufladungen. Da es sich hierbei um eine Beleidigung seitens des Kunden handelt, werden anf\u00e4llige Sch\u00e4den am Fahrzeug vollumf\u00e4nglich dem Kunden in Rechnung gestellt, es f\u00fchrt zum vollst\u00e4ndigen Verfall des unterzeichneten Schutzes oder des urspr\u00fcnglichen Schadens in der Vertragsphase;<\/li>\n<li>Fahren sie jedoch nicht mit dem Fahrzeug, wenn die Reifen nicht den vorgeschriebenen Druck haben, und lassen sie die Wartungsbedingungen \u00fcberpr\u00fcfen, mit der Ben\u00fctzung dessen \u00fcbernehmen sie im Fall der Nichteinhaltung der Verpflichtung die Verantwortung;<\/li>\n<li>Fahren sie das Auto nicht unter dem Einfluss von Alkohol oder berauschenden Drogen oder anderen Substanzen, die geeignet sind das Verst\u00e4ndnis und die Reaktionsf\u00e4higkeit zu beeintr\u00e4chtigen: bewachen sie das Auto sorgf\u00e4lltig, indem sie alle vorhandenen Sicherheitseinrichtungen aktivieren, vermeiden sie es Ger\u00e4te und Gegenst\u00e4nde von Wert im Fahrzeug zu hinterlassen, und im allgemeinen alles notwendige zu tun, um die bestm\u00f6glichste Sicherheit des Eigentums des Vermieters zu gew\u00e4hrleisten;<\/li>\n<li>Das Fahrzeug nicht f\u00fcr den transport von Schmuggelware , explosives, verschmutzendes Material oder f\u00fcr irgend einen anderen Tranport mit Verletzung von Gesetzen zu verwenden;<\/li>\n<li>Das Fahrzeug nicht f\u00fcr illegale Wettbewerbe jeglicher Art zu verwenden, sowie Fahrstunden zu beginnen oder zu \u00fcben;<\/li>\n<li>Das Fahrzeug nicht auf schlechten oder ungeeigneten Strassen einzusetzen, welche ungeeignet f\u00fcr seine technischen Eigenschaften sind;<\/li>\n<li>Verwenden sie das Fahzeug jedoch nicht um andere Fahrzeuge zu schieben oder abzuschleppen oder mit einen Anh\u00e4nger;<\/li>\n<li>Das Fahrzeug nicht f\u00fcr den entgeldlichen Transport von Personen oder Dingen nutzen;<\/li>\n<li>Lassen sie die Passagiere nicht im Fahrzeug rauchen;<\/li>\n<li>Sie sollten das Auto nicht unter Verletzung von Gesetzen und Vorschriten randerweitig verwenden, welche nicht ausdr\u00fccklich im Artikel erw\u00e4hnt sind;<\/li>\n<li>Den Vermieter verz\u00fcglich \u00fcber alle Eventualit\u00e4ten zu informieren die Ihm von einer Beh\u00f6rde und in Bezug auf das Fahrzeug w\u00e4hrend des Zeitraums, indem sie es gemietet haben, mitgeteilt wurden. Im Falle eines Versto\u00dfes gegen die oben angef\u00fchreten Regeln h\u00e4lt sich der Vermieter das Recht vor den Vertrag sofort zu k\u00fcndigen, mit der R\u00fccknahme des Fahrzeugs anjedem Ort und zu jeder Zeit. In diesem Fall mu\u00df der Kunde dennoch das vereinbarte Entgeld f\u00fcr die ganze Mietdauer als Strafgeld f\u00fcr den Vermieter entstandenen Schaden bezahlen, sowie auch die Entsch\u00e4digung eines h\u00f6heren Schadens f\u00fcr den Vermieter, sofort. Im Falle einer au\u00dferordentlichen Reinigung, beh\u00e4lt sich der Mieter das Recht vor, den entsprechenden Betrag den Kunden in Rechnung zu stellen.<\/li>\n<\/ol>\n<p><strong>Art. 6 \u00dcbergabe und R\u00fcckgabe des Fahrzeugs<\/strong><\/p>\n<p>Der Vermieter liefert das Fahrzeug komplett mit allen gesetzlich vorgeschriebenen Zubeh\u00f6r und allen f\u00fcr den Verkehr erforderlichen Unterlagen. Der Kunde erkennt an, da\u00df sich das Fahrzeug mit seiner Ausstattung und Zubeh\u00f6r in einem technisch einwandfreien Zustand befindet und es befindet sich in einen Allgemeinzustand, welcher den zuvor gepr\u00fcften Gebrauch entspricht, sp\u00e4testens wenn sich der Kunde zur R\u00fcckgabe des Fahrzeugs verpflichtet, mit s\u00e4mtlichen Zubeh\u00f6r und Unterlagen, frei von Sachen oder Verm\u00f6genswerten, zu deren R\u00fcckgabe er nicht verpflichtet ist, in \u00dcbereinstimmung mit den im Mietvertrag angegebenen Zeiten und Orten, vor allem aber unter den gleichen Bedingungen, unter denen es geliefert wurde. Abgesehen vom Kilometerstand ist es ein normaler Verschlei\u00df. Bei der R\u00fcckgabe ist der Kunde verpflichtet, gemeinsam mit dem Vermieter den Zustand des Fahrzeuges zu pr\u00fcfen um festzustellen ob eventuelle Unregelm\u00e4\u00dfigkeiten vor Handen sind, im Vergleich zu dem, was oben im Mietvertrag angegeben ist; Der Inhalt des Letzten ist ein Beweis zwischen den Parteien. Im Fall des scheiterns der gemeinsamen Kontrolle erm\u00e4chtigt der Kunde den Vermieter ausdr\u00fccklich schon jetzt, alle entstandenen Sch\u00e4den in Rechnung zu stellen, auch nach Lieferung im Fall der nicht R\u00fcckgabe des Fahrzeuges zu dem im Mietvertrag angegebenen Zeiten und Orten oder mit maximal 59 Minuten \u00fcber das festgestellte Limit hinaus mu\u00df der Kunde einen Schadenersatz in H\u00f6he des vereinbarten Tarifs bezahlen, bis zu dem Zeitpunkt an dem der Vermieter das Fahrzeug wieder in Besitz nimmt; Der Vermieter kann das physische Fahrzeug auf jede Weise zur\u00fcckverlangen, auch gegen den Willen des Kunden, der Ihm die hierf\u00fcr entstehenden Aufwendungen ersetzen mu\u00df. Wenn der Kunde es w\u00fcnscht kann er die Lieferfrist verl\u00e4ngern indem er eine Anfrage an der Vermietstation macht oder telefonisch, aber mindestens 24 Stunden voraus mit Zustimmung des Vermieters. Die Miete ist abgeschlossen, wenn der Vermieter das Auto \u00fcbernimmt. An manchen Orten und mit vorheriger Genehmigung des Vermieters, hat der Kunde das Recht an Feiertagen und w\u00e4hrend der Schlie\u00dfzeiten der Autovermietung, in der N\u00e4he des Gel\u00e4ndes des Vermieters durch einstecken der Schl\u00fcssel in einen sicheren Ort abzustellen. Es versteht sich, das der Kunde auch in diesem Fall f\u00fcr Sch\u00e4den haftet, die durch die Autovermietung selbst erlitten und\/oder verursacht wurden. Bis zum Zeitpunkt der \u00dcbernahme des Autos, wo der Zustand des Fahrzeugs durch den Vermieter gepr\u00fcft wird.<\/p>\n<p><strong>Art.7 Verpflichtungen des Kunden<\/strong><\/p>\n<p>Der Kunde ist f\u00fcr das Mietfahrzeug verantwortlich und verpflichtet sich dieses nicht gegen die Gesetze oder staatlichen Vorschriften zu verwenden. Er verpflichtet sich au\u00dferdem denVermieter von jeglicher zivil-oder strafrechlichen Haftung freizustellen, die sich aus der missbr\u00e4uchlichen Nutzung des gemieteten Fahrzeugs ergibt, der Kunde ist verpflichtet die im Mietvertrag angegebenen Vorrechte zu bezahlen, mit Ausnahme, falls der Kunde ein Gold-oder Platinum packet abonniert. In jeden Fall sind sie, bei grober Fahrl\u00e4ssigkeit des Kunden, bei Versto\u00df gegen der Strassenverkehrsordung oder anderen Gesetzen und Bestimmungen vom Versicherungsschutz ausgeschlossen. Es sind auch dar\u00fcber hinaus ausgenommen die vom Kunden verursachten Sch\u00e4den am Fahrzeug oder Vernachl\u00e4ssigung, wie der Innenraum und die Kosten f\u00fcr die Wiederherstellung oder Reinigung, und\/oder Verbrennungen des Fahrgastraums des Fahrzeugs, wenn es am Ende der Miete mit unausl\u00f6schlichen Flecken zur\u00fcckgegeben wird, falls am Dach und am Kupplungssatz verursacht. Ist der durch die Repratur des Fahrzeuges entstandener Wert h\u00f6her als die oben genannte Entsch\u00e4digungsstrafe, mu\u00df der Kunde bei Eintritt des Schadens den hierf\u00fcr erstellten Kostenvorschlag der mit dem Vermieter verbundenen Werkstatt entgegennehmen.<\/p>\n<p><strong>Art. 8 Diebstahl und\/oder Unfall<\/strong><\/p>\n<p>Im Fall eines Diebstahls oder Raubes verpflichtet sich der Kunde eine f\u00f6rmliche Anzeige bei der zust\u00e4ndigen Beh\u00f6rde zu erstatten. Der Kunde ist auch verpflichtet dem Vermieter eine Kopie des Fahrzeugschl\u00fcssels, den Schl\u00fcssel der eventuell am Fahrzeug eingebauten Diebstahlsicherung und in seinem Besitz verbliebenen Unterlagen auszuh\u00e4ndigen, sp\u00e4testens 24 Stunden nach dem Ereignis. Bei Nichtr\u00fcckgabe aller Fahrzeugschl\u00fcssel an den Vermieter, au\u00dfer bei nachgewiesenen Raub, dies stellt einen Versto\u00df gegen das vorher stehende dar und es wird dem Kunden der volle Wert des Fahrzeugs in Rechnung gestellt, anerkannt auf dem Wertmarkt der Automobilien. Der Kunde erkl\u00e4rt sich damit einverstanden, dass im Fall von Diebstahl oder Raub, unabh\u00e4ngig von den Verpflichtungen, die Kreditkarte belastet wird. Die in der Vertragsphase bereitgestellte, vereinbarte Summe, welche erst nach offizieller \u00dcbernahme der Verantwortung zur\u00fcckerstattet wird. Es ist das Recht des Vermieters sich gegen\u00fcber den Kunden zuoffenbaren, falls der Versicherungsschutz nicht ausreicht um den Diebstahl oder den Raub direkt oder indirekt vom Kunden bestimmt oder beg\u00fcnstigt wurde. Im Fall eines Unfalls, den sie sofort mit dem gemieteten Fahrzeug beschafft haben, ist der Kunde verpflichtet den Vermieter innerhalb von 24 Stunden nach dem Ereignis zu benachrichten, mit erstellen und senden des C.A.I. Formulas. Bei nicht berechtigter Erf\u00fcllung der Melde-und Komunikationspflichten aller Haftungsbeschr\u00e4nkungen und\/oder Ausschl\u00fcsse f\u00fcr Schaden, Diebstahl oder Raub zu gunsten des Kunden, verlieren ihre Wirksamkeit und somit haftet er f\u00fcr den Schaden des Vermieters. Wenn der Kunde den Vermieter das entsprechende Formula G.A.I. zur Verf\u00fcgung stellt, hat er alle Teile korrekt ausgef\u00fcllt und es ist von der anderen Partei unterschrieben, mit klarer \u00dcbernahme der Verantwortung, geht der Selbstbehalt nicht zu Lasten des Kunden. Aufgrund der unvermeidbaren Versicherunds-und Verwaltungskosten muss jedoch der Kunde eine Vertragsstrafe in H\u00f6he von 300,00\u20ac + MWST. bezahlen. Das Gleiche wird auch beim Kauf von Gold-oder Platinum-Produkten angewendet.<\/p>\n<p><strong>Art. 9 Geb\u00fchren<\/strong><\/p>\n<p>Der Kunde ist verpflichtet den Vermieter zubezahlen:<\/p>\n<ol>\n<li>Die auf Grundlage in der Vertragsphase vorgelegten Tarife ermittelte Miete, bei der Mietung \u00fcber einen Reiseveranstalter ist der Kunde in der Regel verpflichtet, die aus dem Mietsverh\u00e4ltnis geschuldeten Betrag gegen\u00fcber dem Vermieter zubezahlen,<\/li>\n<li>Erstattung der Kosten f\u00fcr die Bergung des Autos, da\u00df nicht an dem im Vertrag angegebenen Ort zur\u00fcckgegeben wurde;<\/li>\n<li>Die H\u00f6he der Geldstrafen zu Lasten des Kunden bei Versto\u00df gegen die Strassenverkehrsordnung oder anderen Gesetzen, die der Kunde w\u00e4hrend der Mietzeit des Fahrzeugs begangen hat, zuz\u00fcglich Verwaltungskosten von 50.00\u20ac.; Autobahnmaut und Parkgeb\u00fchren im Zusammenhang mit der Nutzung des Fahrzeugs durch den Kunden.<\/li>\n<li>Die Menge die ben\u00f6tigt wird, um den Benzintank wieder auf den Stand zum Zeitpunkt der Lieferung zu bringen;<\/li>\n<li>Kosten f\u00fcr die Restaurierung und\/oder au\u00dferordentliche Reinigung des Fahrzeuginnenraums, wenn es am Ende der Miete mit nicht enfernbaren Flecken oder Verbrennungen zur\u00fcckgegeben wird;<\/li>\n<li>Betr\u00e4ge die als Selbstbehalte bezeichnet werden, welche auf dem Mietvertrag festgehalten sind, in Zusammenhang mit Besch\u00e4digung oder Diebstahl des Fahrzeugs;<\/li>\n<li>Betrag, der einer anderen Dienstleistung entspricht, die der Kunde in Anspruch genommen hat;<\/li>\n<li>Jede andere Summe, die den Kunden auf der Grundlage dessen, was in diesen Bedingungen angegeben ist zusteht. \u00dcbersch\u00fcssiger Kraftstoff wird dem Kunden nicht erstattet.<\/li>\n<\/ol>\n<p><strong>Art. 10 Vertrag im Namen und\/oder f\u00fcr Rechnung Dritter und gesamtschuldnerisch haftend .<\/strong><\/p>\n<p>Wer den Mietvertrag unterschreibt mit Namen und f\u00fcr Rechnung eines Dritten, haftet mit diesen Angaben als Gesamtschuldner mit den Verpflichtungen, die im Mietvertrag selbst festgelegt sind. In jeden Fall ist der Kunde f\u00fcr die Handlungen und Unterlassungen aller Personen verantwortlich, die das Auto fahren. Alle weiteren berechtigten Kunden oder Fahrer sowie Kreditkarteninhaber Haften wie gewohnt f\u00fcr alle Verpflichtungen des Inhabers des Mietvertrags mit dem Vertrags geltenden Recht.<\/p>\n<p><strong>Art. 11 Datenschutz<\/strong><\/p>\n<p>Gem\u00e4\u00df dem sogenannten GDPR 679\/2016 erkl\u00e4rt der Kunde die Informationen \u00fcber die Verarbeitung auf Personen bezogenen Daten erhalten und gelesen zu haben, die Clarent anvertraut wurden f\u00fcr die angeforderte Dienstleistung. Der Vermieter wird die auf Personen bezogenen Daten des Kunden gem\u00e4\u00df des zur Zeit geltenden Datenschutzgesetzes bereitstellen, welches auf der Webseite verf\u00fcgbar ist (<a href=\"https:\/\/staging.clarent.it\/de\/privacy-policy\/\">www.clarent.it\/privacy-policy-cookie-restriction-mode\/<\/a>)<\/p>\n<ol>\n<li>Ein mit Clarent verbundenes Unternehmen mit verbundener Partnerschaft ist auf das beschr\u00e4nkt, was f\u00fcr die Bereitstellung des Mietservice erforderlich ist;<\/li>\n<li>An Aufsichtsbeh\u00f6rden oder Komunen oder Unternehmen, die Parkh\u00e4user verwalten;<\/li>\n<li>An Dritte, wie Rechtsanw\u00e4lte oder Berater, die im Namen oder Aufrag von Clarent Kreditbetreibungen verwalten. Weiterhin erkl\u00e4rt der Kunde \u00fcber die Speicherung seiner Personen bezogenen Daten informiert geworden zu sein.<\/li>\n<\/ol>\n<p><strong>Art. 12 K\u00fcndigungsklausel<\/strong><\/p>\n<p>Ausgenommen von Art. 1456 c.c. beh\u00e4lt sich der Vermieter das Recht vor, den Mietvertrag zu dem Zeitpunkt zu k\u00fcndigen, wo der Kunde auch nur gegen eine der Klauseln versto\u00dfen hat, welche im Mietvertrag angegeben sind oder eine dieser Bedingungen.<\/p>\n<p><strong>Art. 13 Deutung<\/strong><\/p>\n<p>Wenn eine der Bestimmungen des Mietbriefes oder des Vertrages und die allgemeinen Gesch\u00e4ftsbedingungen als ung\u00fcltig oder unwirksam erachtet werden, ganz oder teilweise in gleicher Weise angewendet, der Vertrag bleibt g\u00fcltig und auch die \u00fcbrigen Bestimmungen wirksam.<\/p>\n<p><strong>Art. 14 \u00dcbersetzung<\/strong><\/p>\n<p>In Fall von Zweifel oder unterschiedlicher Auslegung hat die italienische Version den Vorrang vor der englischen oder deutschen Version. Der auf der Webseite verf\u00fcgbare englische und deutsche Text ist legentlich eine w\u00f6rtliche \u00dcbersetzung<\/p>\n<p><strong>Art. 15 Anwendbares Recht und ausschlie\u00dflicher Gerichtsstand<\/strong><\/p>\n<p>Das unterschriebene Mietverh\u00e4ltnis der Partei entstand ausschlie\u00dflich nach italienischen Recht. F\u00fcr alle Streitigkeiten, die mit der Anmietung des Fahrzeugs und\/oder im Zusammenhang verbunden sind, sowie f\u00fcr alle Ma\u00dfnahmen die zur Zwangseintreibung des vom Vermieter angesammeten Guthabens erforderlich sind , ist aussschlie\u00dflich das Gericht von Messina zust\u00e4ndig, mit Au\u00dfnahme der Art. 1469 bis c.c. des italienischen Zivilgesetzbuches.[\/vc_column_text][\/vc_column][\/vc_row]<\/p>\n","protected":false},"excerpt":{"rendered":"<p>[vc_row full_width=&#8221;stretch_row&#8221; css=&#8221;.vc_custom_1650552996495{padding-top: 150px !important;padding-bottom: 7vh !important;background-image: url(https:\/\/staging.clarent.it\/wp-content\/uploads\/2022\/03\/verde-2.png?id=807) !important;}&#8221; el_id=&#8221;Mietbedingungen&#8221;][vc_column][vc_column_text] Mietbedingungen [\/vc_column_text][vc_column_text]Bei Miete aller Fahrzeuge durch Clarent (darunter der Vermieter) gelten die Mietbedingungen der Datenschutzerkl\u00e4rung (nachfolgend mitgeteilt )und das vom Kunden unterschriebene Vertragsschreiben (nachfolgend des Kunden) zum Zeitpunkt der Anmietung , welcher erkl\u00e4rt alles gelesen zu haben und sich dessen voll bewu\u00dft ist. Art. 1&#8230;<\/p>\n","protected":false},"author":1,"featured_media":0,"parent":0,"menu_order":0,"comment_status":"closed","ping_status":"closed","template":"","meta":{"footnotes":""},"class_list":["post-2321","page","type-page","status-publish","hentry"],"_links":{"self":[{"href":"https:\/\/staging.clarent.it\/de\/wp-json\/wp\/v2\/pages\/2321","targetHints":{"allow":["GET"]}}],"collection":[{"href":"https:\/\/staging.clarent.it\/de\/wp-json\/wp\/v2\/pages"}],"about":[{"href":"https:\/\/staging.clarent.it\/de\/wp-json\/wp\/v2\/types\/page"}],"author":[{"embeddable":true,"href":"https:\/\/staging.clarent.it\/de\/wp-json\/wp\/v2\/users\/1"}],"replies":[{"embeddable":true,"href":"https:\/\/staging.clarent.it\/de\/wp-json\/wp\/v2\/comments?post=2321"}],"version-history":[{"count":12,"href":"https:\/\/staging.clarent.it\/de\/wp-json\/wp\/v2\/pages\/2321\/revisions"}],"predecessor-version":[{"id":2993,"href":"https:\/\/staging.clarent.it\/de\/wp-json\/wp\/v2\/pages\/2321\/revisions\/2993"}],"wp:attachment":[{"href":"https:\/\/staging.clarent.it\/de\/wp-json\/wp\/v2\/media?parent=2321"}],"curies":[{"name":"wp","href":"https:\/\/api.w.org\/{rel}","templated":true}]}}